{"id":499606,"date":"2025-07-19T11:12:45","date_gmt":"2025-07-19T09:12:45","guid":{"rendered":"https:\/\/lucacastelli.com\/prodotto\/lame-diamantee-milwaukee-hudd-hard-materials-2\/"},"modified":"2025-07-19T11:12:45","modified_gmt":"2025-07-19T09:12:45","slug":"lame-diamantee-milwaukee-hudd-hard-materials-2","status":"publish","type":"product","link":"https:\/\/lucacastelli.com\/fr\/produit\/lame-diamantee-milwaukee-hudd-hard-materials-2\/","title":{"rendered":"Lame diamant\u00e9e MILWAUKEE HUDD &#8211; HARD MATERIALS"},"content":{"rendered":"<p>Les disques HUDD sont particuli\u00e8rement adapt\u00e9s aux mat\u00e9riaux de construction durs et moyennement durs, plus le mat\u00e9riau est r\u00e9sistant, plus les performances augmentent&nbsp;; Lame universelle pour une grande vari\u00e9t\u00e9 de mat\u00e9riaux&nbsp;; Hauteur de 10 mm pour assurer une dur\u00e9e de vie plus longue. La forte concentration de diamant combin\u00e9e \u00e0 la g\u00e9om\u00e9trie sp\u00e9ciale de la lame garantit des performances de coupe sup\u00e9rieures. Le soudage au laser garantit une qualit\u00e9 professionnelle&nbsp;; Segments soud\u00e9s au laser&nbsp;; Faibles vibrations. La pr\u00e9-tension du disque \u00e9limine l\u2019oscillation et r\u00e9duit consid\u00e9rablement les vibrations ; Domaine d\u2019application. Les disques diamant\u00e9s Speedcross sont con\u00e7us pour tous les professionnels de la construction qui exigent les meilleures performances, m\u00eame dans les travaux les plus exigeants    <\/p>\n","protected":false},"excerpt":{"rendered":"<p>Les disques HUDD sont particuli\u00e8rement adapt\u00e9s aux mat\u00e9riaux de construction durs et moyennement durs, plus le mat\u00e9riau est r\u00e9sistant, plus<\/p>\n","protected":false},"featured_media":495674,"template":"","meta":{"_seopress_robots_primary_cat":"","_seopress_titles_title":"","_seopress_titles_desc":"","_seopress_robots_index":""},"product_brand":[3407],"product_cat":[29,514,555],"product_tag":[3270],"class_list":{"0":"post-499606","1":"product","2":"type-product","3":"status-publish","4":"has-post-thumbnail","6":"product_brand-milwaukee","7":"product_cat-macchinari","8":"product_cat-altri-dispositivi","9":"product_cat-smerigliatrici","10":"product_tag-import-milwau","11":"sws-gruppo-macchinari-fr","12":"sws-conto-ricavi-merci-rivendita-macchinari-fr","13":"sws-gruppo-iva-iva81-fr","15":"first","16":"onbackorder","17":"sale","18":"shipping-taxable","19":"purchasable","20":"product-type-simple"},"_links":{"self":[{"href":"https:\/\/lucacastelli.com\/fr\/wp-json\/wp\/v2\/product\/499606","targetHints":{"allow":["GET"]}}],"collection":[{"href":"https:\/\/lucacastelli.com\/fr\/wp-json\/wp\/v2\/product"}],"about":[{"href":"https:\/\/lucacastelli.com\/fr\/wp-json\/wp\/v2\/types\/product"}],"wp:featuredmedia":[{"embeddable":true,"href":"https:\/\/lucacastelli.com\/fr\/wp-json\/wp\/v2\/media\/495674"}],"wp:attachment":[{"href":"https:\/\/lucacastelli.com\/fr\/wp-json\/wp\/v2\/media?parent=499606"}],"wp:term":[{"taxonomy":"product_brand","embeddable":true,"href":"https:\/\/lucacastelli.com\/fr\/wp-json\/wp\/v2\/product_brand?post=499606"},{"taxonomy":"product_cat","embeddable":true,"href":"https:\/\/lucacastelli.com\/fr\/wp-json\/wp\/v2\/product_cat?post=499606"},{"taxonomy":"product_tag","embeddable":true,"href":"https:\/\/lucacastelli.com\/fr\/wp-json\/wp\/v2\/product_tag?post=499606"}],"curies":[{"name":"wp","href":"https:\/\/api.w.org\/{rel}","templated":true}]}}