{"id":499597,"date":"2025-07-19T12:30:47","date_gmt":"2025-07-19T10:30:47","guid":{"rendered":"https:\/\/lucacastelli.com\/prodotto\/milwaukee-system-accessories-carotteuses-par-voie-humide-4\/"},"modified":"2025-07-19T12:30:47","modified_gmt":"2025-07-19T10:30:47","slug":"milwaukee-system-accessories-carotteuses-par-voie-humide-4","status":"publish","type":"product","link":"https:\/\/lucacastelli.com\/fr\/produit\/milwaukee-system-accessories-carotteuses-par-voie-humide-4\/","title":{"rendered":"MILWAUKEE System Accessories &#8211; Carotteuses par voie humide"},"content":{"rendered":"<p>Entretoise 50 mm, cette entretoise doit \u00eatre utilis\u00e9e entre les supports de forage et le moteur dans les tr\u00e9pans de carottage&gt; 250 mm de diam\u00e8tre et max 350 mm de diam\u00e8tre, adapt\u00e9 pour une utilisation dans les moteurs de carottage diamant\u00e9s DCM 2-250 C, DCM 2-350 C<\/p>\n","protected":false},"excerpt":{"rendered":"<p>Entretoise 50 mm, cette entretoise doit \u00eatre utilis\u00e9e entre les supports de forage et le moteur dans les tr\u00e9pans de<\/p>\n","protected":false},"featured_media":495652,"template":"","meta":{"_seopress_robots_primary_cat":"","_seopress_titles_title":"","_seopress_titles_desc":"","_seopress_robots_index":""},"product_brand":[3658],"product_cat":[1453,167,1534],"product_tag":[3273],"class_list":{"0":"post-499597","1":"product","2":"type-product","3":"status-publish","4":"has-post-thumbnail","6":"product_brand-milwaukee-fr","7":"product_cat-autres-appareils","8":"product_cat-machines","9":"product_cat-scies","10":"product_tag-import-milwau-fr","11":"sws-gruppo-macchinari-fr","12":"sws-conto-ricavi-merci-rivendita-macchinari-fr","13":"sws-gruppo-iva-iva81-fr","15":"first","16":"onbackorder","17":"sale","18":"shipping-taxable","19":"purchasable","20":"product-type-simple"},"_links":{"self":[{"href":"https:\/\/lucacastelli.com\/fr\/wp-json\/wp\/v2\/product\/499597","targetHints":{"allow":["GET"]}}],"collection":[{"href":"https:\/\/lucacastelli.com\/fr\/wp-json\/wp\/v2\/product"}],"about":[{"href":"https:\/\/lucacastelli.com\/fr\/wp-json\/wp\/v2\/types\/product"}],"wp:featuredmedia":[{"embeddable":true,"href":"https:\/\/lucacastelli.com\/fr\/wp-json\/wp\/v2\/media\/495652"}],"wp:attachment":[{"href":"https:\/\/lucacastelli.com\/fr\/wp-json\/wp\/v2\/media?parent=499597"}],"wp:term":[{"taxonomy":"product_brand","embeddable":true,"href":"https:\/\/lucacastelli.com\/fr\/wp-json\/wp\/v2\/product_brand?post=499597"},{"taxonomy":"product_cat","embeddable":true,"href":"https:\/\/lucacastelli.com\/fr\/wp-json\/wp\/v2\/product_cat?post=499597"},{"taxonomy":"product_tag","embeddable":true,"href":"https:\/\/lucacastelli.com\/fr\/wp-json\/wp\/v2\/product_tag?post=499597"}],"curies":[{"name":"wp","href":"https:\/\/api.w.org\/{rel}","templated":true}]}}