{"id":499573,"date":"2025-07-19T12:30:37","date_gmt":"2025-07-19T10:30:37","guid":{"rendered":"https:\/\/lucacastelli.com\/prodotto\/pompe-milwaukee-vp6-345x205x275-mm-fixation-rapide-de-la-colonne-par-le-vide-dr-255-tv-equipement-standard-cable-de-5-m-avec-raccord-dw-7-capacite-850-mbar-capacite-de-pression-maximale-6-m3\/"},"modified":"2025-07-19T12:30:37","modified_gmt":"2025-07-19T10:30:37","slug":"pompe-milwaukee-vp6-345x205x275-mm-fixation-rapide-de-la-colonne-par-le-vide-dr-255-tv-equipement-standard-cable-de-5-m-avec-raccord-dw-7-capacite-850-mbar-capacite-de-pression-maximale-6-m3","status":"publish","type":"product","link":"https:\/\/lucacastelli.com\/fr\/produit\/pompe-milwaukee-vp6-345x205x275-mm-fixation-rapide-de-la-colonne-par-le-vide-dr-255-tv-equipement-standard-cable-de-5-m-avec-raccord-dw-7-capacite-850-mbar-capacite-de-pression-maximale-6-m3\/","title":{"rendered":"Pompe MILWAUKEE VP6 (345x205x275 mm). Fixation rapide de la colonne par le vide (DR 255 TV) \u00c9quipement standard : c\u00e2ble de 5 m avec raccord DW 7, capacit\u00e9 850 mbar, capacit\u00e9 de pression maximale 6 m3\/h (100 l\/min). Tension 220-240 V. Livr\u00e9 avec tuyau de 5m avec raccord DW7"},"content":{"rendered":"<p>Fixation rapide de la colonne par le vide<\/p>\n","protected":false},"excerpt":{"rendered":"<p>Fixation rapide de la colonne par le vide<\/p>\n","protected":false},"featured_media":491684,"template":"","meta":{"_seopress_robots_primary_cat":"","_seopress_titles_title":"","_seopress_titles_desc":"","_seopress_robots_index":""},"product_brand":[3407],"product_cat":[29,514,558],"product_tag":[3270],"class_list":{"0":"post-499573","1":"product","2":"type-product","3":"status-publish","4":"has-post-thumbnail","6":"product_brand-milwaukee","7":"product_cat-macchinari","8":"product_cat-altri-dispositivi","9":"product_cat-seghe-accessori-vari","10":"product_tag-import-milwau","11":"sws-gruppo-macchinari-fr","12":"sws-conto-ricavi-merci-rivendita-macchinari-fr","13":"sws-gruppo-iva-iva81-fr","15":"first","16":"onbackorder","17":"sale","18":"shipping-taxable","19":"purchasable","20":"product-type-simple"},"_links":{"self":[{"href":"https:\/\/lucacastelli.com\/fr\/wp-json\/wp\/v2\/product\/499573","targetHints":{"allow":["GET"]}}],"collection":[{"href":"https:\/\/lucacastelli.com\/fr\/wp-json\/wp\/v2\/product"}],"about":[{"href":"https:\/\/lucacastelli.com\/fr\/wp-json\/wp\/v2\/types\/product"}],"wp:featuredmedia":[{"embeddable":true,"href":"https:\/\/lucacastelli.com\/fr\/wp-json\/wp\/v2\/media\/491684"}],"wp:attachment":[{"href":"https:\/\/lucacastelli.com\/fr\/wp-json\/wp\/v2\/media?parent=499573"}],"wp:term":[{"taxonomy":"product_brand","embeddable":true,"href":"https:\/\/lucacastelli.com\/fr\/wp-json\/wp\/v2\/product_brand?post=499573"},{"taxonomy":"product_cat","embeddable":true,"href":"https:\/\/lucacastelli.com\/fr\/wp-json\/wp\/v2\/product_cat?post=499573"},{"taxonomy":"product_tag","embeddable":true,"href":"https:\/\/lucacastelli.com\/fr\/wp-json\/wp\/v2\/product_tag?post=499573"}],"curies":[{"name":"wp","href":"https:\/\/api.w.org\/{rel}","templated":true}]}}