{"id":499570,"date":"2025-07-19T12:30:40","date_gmt":"2025-07-19T10:30:40","guid":{"rendered":"https:\/\/lucacastelli.com\/prodotto\/milwaukee-applications-speciales-materiaux-disolation\/"},"modified":"2025-07-19T12:30:40","modified_gmt":"2025-07-19T10:30:40","slug":"milwaukee-applications-speciales-materiaux-disolation","status":"publish","type":"product","link":"https:\/\/lucacastelli.com\/fr\/produit\/milwaukee-applications-speciales-materiaux-disolation\/","title":{"rendered":"MILWAUKEE Applications sp\u00e9ciales : Mat\u00e9riaux d\u2019isolation"},"content":{"rendered":"<p>Lame de scie sauteuse avec pon\u00e7age ondul\u00e9 pour la coupe de mat\u00e9riaux isolants, de carton et de mousse solide, adapt\u00e9e \u00e0 toutes les scies sauteuses avec bo\u00eetier en T<\/p>\n","protected":false},"excerpt":{"rendered":"<p>Lame de scie sauteuse avec pon\u00e7age ondul\u00e9 pour la coupe de mat\u00e9riaux isolants, de carton et de mousse solide, adapt\u00e9e<\/p>\n","protected":false},"featured_media":495924,"template":"","meta":{"_seopress_robots_primary_cat":"","_seopress_titles_title":"","_seopress_titles_desc":"","_seopress_robots_index":""},"product_brand":[3407],"product_cat":[29,514,558],"product_tag":[3270],"class_list":{"0":"post-499570","1":"product","2":"type-product","3":"status-publish","4":"has-post-thumbnail","6":"product_brand-milwaukee","7":"product_cat-macchinari","8":"product_cat-altri-dispositivi","9":"product_cat-seghe-accessori-vari","10":"product_tag-import-milwau","11":"sws-gruppo-macchinari-fr","12":"sws-conto-ricavi-merci-rivendita-macchinari-fr","13":"sws-gruppo-iva-iva81-fr","15":"first","16":"onbackorder","17":"sale","18":"shipping-taxable","19":"purchasable","20":"product-type-simple"},"_links":{"self":[{"href":"https:\/\/lucacastelli.com\/fr\/wp-json\/wp\/v2\/product\/499570","targetHints":{"allow":["GET"]}}],"collection":[{"href":"https:\/\/lucacastelli.com\/fr\/wp-json\/wp\/v2\/product"}],"about":[{"href":"https:\/\/lucacastelli.com\/fr\/wp-json\/wp\/v2\/types\/product"}],"wp:featuredmedia":[{"embeddable":true,"href":"https:\/\/lucacastelli.com\/fr\/wp-json\/wp\/v2\/media\/495924"}],"wp:attachment":[{"href":"https:\/\/lucacastelli.com\/fr\/wp-json\/wp\/v2\/media?parent=499570"}],"wp:term":[{"taxonomy":"product_brand","embeddable":true,"href":"https:\/\/lucacastelli.com\/fr\/wp-json\/wp\/v2\/product_brand?post=499570"},{"taxonomy":"product_cat","embeddable":true,"href":"https:\/\/lucacastelli.com\/fr\/wp-json\/wp\/v2\/product_cat?post=499570"},{"taxonomy":"product_tag","embeddable":true,"href":"https:\/\/lucacastelli.com\/fr\/wp-json\/wp\/v2\/product_tag?post=499570"}],"curies":[{"name":"wp","href":"https:\/\/api.w.org\/{rel}","templated":true}]}}