{"id":499561,"date":"2025-07-19T12:30:33","date_gmt":"2025-07-19T10:30:33","guid":{"rendered":"https:\/\/lucacastelli.com\/prodotto\/milwaukee-depoussiereur-livre-avec-3-colliers-1-poignee-laterale-et-2-depoussiereurs-universel-pour-outils-fil-et-batterie-%e2%8c%80-collier-de-43-a-59-mm\/"},"modified":"2025-07-19T12:30:33","modified_gmt":"2025-07-19T10:30:33","slug":"milwaukee-depoussiereur-livre-avec-3-colliers-1-poignee-laterale-et-2-depoussiereurs-universel-pour-outils-fil-et-batterie-%e2%8c%80-collier-de-43-a-59-mm","status":"publish","type":"product","link":"https:\/\/lucacastelli.com\/fr\/produit\/milwaukee-depoussiereur-livre-avec-3-colliers-1-poignee-laterale-et-2-depoussiereurs-universel-pour-outils-fil-et-batterie-%e2%8c%80-collier-de-43-a-59-mm\/","title":{"rendered":"MILWAUKEE D\u00e9poussi\u00e9reur, livr\u00e9 avec 3 colliers, 1 poign\u00e9e lat\u00e9rale et 2 d\u00e9poussi\u00e9reurs. Universel pour outils, fil et batterie (\u2300 collier de 43 \u00e0 59 mm)."},"content":{"rendered":"<p>Adaptateur d\u2019aspiration, avec poign\u00e9e suppl\u00e9mentaire et 3 adaptateurs pour le serrage de colliers de diff\u00e9rents diam\u00e8tres de 43 \u00e0 59 mm de diam\u00e8tre, ainsi que 2 supports d\u2019aspiration pour une utilisation sur les perceuses \u00e0 impulsion et les marteaux \u00e9lectriques\/perceuses combin\u00e9es SDS Plus<\/p>\n","protected":false},"excerpt":{"rendered":"<p>Adaptateur d\u2019aspiration, avec poign\u00e9e suppl\u00e9mentaire et 3 adaptateurs pour le serrage de colliers de diff\u00e9rents diam\u00e8tres de 43 \u00e0 59<\/p>\n","protected":false},"featured_media":497073,"template":"","meta":{"_seopress_robots_primary_cat":"","_seopress_titles_title":"","_seopress_titles_desc":"","_seopress_robots_index":""},"product_brand":[3407],"product_cat":[29,514,558],"product_tag":[3270],"class_list":{"0":"post-499561","1":"product","2":"type-product","3":"status-publish","4":"has-post-thumbnail","6":"product_brand-milwaukee","7":"product_cat-macchinari","8":"product_cat-altri-dispositivi","9":"product_cat-seghe-accessori-vari","10":"product_tag-import-milwau","11":"sws-gruppo-macchinari-fr","12":"sws-conto-ricavi-merci-rivendita-macchinari-fr","13":"sws-gruppo-iva-iva81-fr","15":"first","16":"onbackorder","17":"sale","18":"shipping-taxable","19":"purchasable","20":"product-type-simple"},"_links":{"self":[{"href":"https:\/\/lucacastelli.com\/fr\/wp-json\/wp\/v2\/product\/499561","targetHints":{"allow":["GET"]}}],"collection":[{"href":"https:\/\/lucacastelli.com\/fr\/wp-json\/wp\/v2\/product"}],"about":[{"href":"https:\/\/lucacastelli.com\/fr\/wp-json\/wp\/v2\/types\/product"}],"wp:featuredmedia":[{"embeddable":true,"href":"https:\/\/lucacastelli.com\/fr\/wp-json\/wp\/v2\/media\/497073"}],"wp:attachment":[{"href":"https:\/\/lucacastelli.com\/fr\/wp-json\/wp\/v2\/media?parent=499561"}],"wp:term":[{"taxonomy":"product_brand","embeddable":true,"href":"https:\/\/lucacastelli.com\/fr\/wp-json\/wp\/v2\/product_brand?post=499561"},{"taxonomy":"product_cat","embeddable":true,"href":"https:\/\/lucacastelli.com\/fr\/wp-json\/wp\/v2\/product_cat?post=499561"},{"taxonomy":"product_tag","embeddable":true,"href":"https:\/\/lucacastelli.com\/fr\/wp-json\/wp\/v2\/product_tag?post=499561"}],"curies":[{"name":"wp","href":"https:\/\/api.w.org\/{rel}","templated":true}]}}