{"id":499553,"date":"2025-07-19T12:30:32","date_gmt":"2025-07-19T10:30:32","guid":{"rendered":"https:\/\/lucacastelli.com\/prodotto\/milwaukee-m12-lampe-de-poche-dinspection\/"},"modified":"2025-07-19T12:30:32","modified_gmt":"2025-07-19T10:30:32","slug":"milwaukee-m12-lampe-de-poche-dinspection","status":"publish","type":"product","link":"https:\/\/lucacastelli.com\/fr\/produit\/milwaukee-m12-lampe-de-poche-dinspection\/","title":{"rendered":"MILWAUKEE M12\u2122 Lampe de poche d\u2019inspection"},"content":{"rendered":"<p>L\u2019\u00e9clairage professionnel MILWAUKEE\u00ae TRUEVIEW\u2122 permet une grande visibilit\u00e9 des d\u00e9tails et une repr\u00e9sentation fid\u00e8le des couleurs, en plus de r\u00e9duire les reflets et les ombres ; 3 LED puissantes d\u00e9veloppent 220 lumens&nbsp;; \u00c9cran de protection LED rempla\u00e7able ; Crochet m\u00e9tallique r\u00e9glable pour orienter la torche dans diff\u00e9rentes positions ; Conception compacte, id\u00e9ale dans les espaces restreints ; Classe de protection IP24 ; Syst\u00e8me de batterie flexible : compatible avec toutes les batteries MILWAUKEE\u00ae M12\u2122<\/p>\n","protected":false},"excerpt":{"rendered":"<p>L\u2019\u00e9clairage professionnel MILWAUKEE\u00ae TRUEVIEW\u2122 permet une grande visibilit\u00e9 des d\u00e9tails et une repr\u00e9sentation fid\u00e8le des couleurs, en plus de r\u00e9duire<\/p>\n","protected":false},"featured_media":495959,"template":"","meta":{"_seopress_robots_primary_cat":"","_seopress_titles_title":"","_seopress_titles_desc":"","_seopress_robots_index":""},"product_brand":[3407],"product_cat":[29,514,558],"product_tag":[3270],"class_list":{"0":"post-499553","1":"product","2":"type-product","3":"status-publish","4":"has-post-thumbnail","6":"product_brand-milwaukee","7":"product_cat-macchinari","8":"product_cat-altri-dispositivi","9":"product_cat-seghe-accessori-vari","10":"product_tag-import-milwau","11":"sws-gruppo-macchinari-fr","12":"sws-conto-ricavi-merci-rivendita-macchinari-fr","13":"sws-gruppo-iva-iva81-fr","15":"first","16":"onbackorder","17":"sale","18":"shipping-taxable","19":"purchasable","20":"product-type-simple"},"_links":{"self":[{"href":"https:\/\/lucacastelli.com\/fr\/wp-json\/wp\/v2\/product\/499553","targetHints":{"allow":["GET"]}}],"collection":[{"href":"https:\/\/lucacastelli.com\/fr\/wp-json\/wp\/v2\/product"}],"about":[{"href":"https:\/\/lucacastelli.com\/fr\/wp-json\/wp\/v2\/types\/product"}],"wp:featuredmedia":[{"embeddable":true,"href":"https:\/\/lucacastelli.com\/fr\/wp-json\/wp\/v2\/media\/495959"}],"wp:attachment":[{"href":"https:\/\/lucacastelli.com\/fr\/wp-json\/wp\/v2\/media?parent=499553"}],"wp:term":[{"taxonomy":"product_brand","embeddable":true,"href":"https:\/\/lucacastelli.com\/fr\/wp-json\/wp\/v2\/product_brand?post=499553"},{"taxonomy":"product_cat","embeddable":true,"href":"https:\/\/lucacastelli.com\/fr\/wp-json\/wp\/v2\/product_cat?post=499553"},{"taxonomy":"product_tag","embeddable":true,"href":"https:\/\/lucacastelli.com\/fr\/wp-json\/wp\/v2\/product_tag?post=499553"}],"curies":[{"name":"wp","href":"https:\/\/api.w.org\/{rel}","templated":true}]}}