{"id":499552,"date":"2025-07-19T12:28:58","date_gmt":"2025-07-19T10:28:58","guid":{"rendered":"https:\/\/lucacastelli.com\/prodotto\/milwaukee-embouts-de-tournevis-a-cassette-compacte\/"},"modified":"2025-07-19T12:28:58","modified_gmt":"2025-07-19T10:28:58","slug":"milwaukee-embouts-de-tournevis-a-cassette-compacte","status":"publish","type":"product","link":"https:\/\/lucacastelli.com\/fr\/produit\/milwaukee-embouts-de-tournevis-a-cassette-compacte\/","title":{"rendered":"MILWAUKEE Embouts de tournevis \u00e0 cassette compacte"},"content":{"rendered":"<p>La conception de l\u2019embout est cr\u00e9\u00e9e avec un processus sp\u00e9cial de refroidissement rapide qui permet de r\u00e9duire l\u2019usure due au glissement. La pointe est soumise \u00e0 un processus avec des temp\u00e9ratures sup\u00e9rieures \u00e0 870 \u00b0 C&nbsp;; Le r\u00e9sultat est un mors d\u2019une duret\u00e9 de 60 HRC. Ce processus donne au foret une longue dur\u00e9e de vie en utilisation constante ; Le foret est cr\u00e9\u00e9 avec un processus qui rend l\u2019acier encore plus dur que l\u2019acier de type S2 ; Tous les embouts sont marqu\u00e9s au laser avec le logo Milwaukee pour une identification facile  <\/p>\n","protected":false},"excerpt":{"rendered":"<p>La conception de l\u2019embout est cr\u00e9\u00e9e avec un processus sp\u00e9cial de refroidissement rapide qui permet de r\u00e9duire l\u2019usure due au<\/p>\n","protected":false},"featured_media":492645,"template":"","meta":{"_seopress_robots_primary_cat":"","_seopress_titles_title":"","_seopress_titles_desc":"","_seopress_robots_index":""},"product_brand":[3658],"product_cat":[1555,1453,167,1552],"product_tag":[3273],"class_list":{"0":"post-499552","1":"product","2":"type-product","3":"status-publish","4":"has-post-thumbnail","6":"product_brand-milwaukee-fr","7":"product_cat-accessoires-pour-perceuses-et-tournevis","8":"product_cat-autres-appareils","9":"product_cat-machines","10":"product_cat-perceuses-et-tournevis","11":"product_tag-import-milwau-fr","12":"sws-gruppo-macchinari-fr","13":"sws-conto-ricavi-merci-rivendita-macchinari-fr","14":"sws-gruppo-iva-iva81-fr","16":"first","17":"onbackorder","18":"sale","19":"shipping-taxable","20":"purchasable","21":"product-type-simple"},"_links":{"self":[{"href":"https:\/\/lucacastelli.com\/fr\/wp-json\/wp\/v2\/product\/499552","targetHints":{"allow":["GET"]}}],"collection":[{"href":"https:\/\/lucacastelli.com\/fr\/wp-json\/wp\/v2\/product"}],"about":[{"href":"https:\/\/lucacastelli.com\/fr\/wp-json\/wp\/v2\/types\/product"}],"wp:featuredmedia":[{"embeddable":true,"href":"https:\/\/lucacastelli.com\/fr\/wp-json\/wp\/v2\/media\/492645"}],"wp:attachment":[{"href":"https:\/\/lucacastelli.com\/fr\/wp-json\/wp\/v2\/media?parent=499552"}],"wp:term":[{"taxonomy":"product_brand","embeddable":true,"href":"https:\/\/lucacastelli.com\/fr\/wp-json\/wp\/v2\/product_brand?post=499552"},{"taxonomy":"product_cat","embeddable":true,"href":"https:\/\/lucacastelli.com\/fr\/wp-json\/wp\/v2\/product_cat?post=499552"},{"taxonomy":"product_tag","embeddable":true,"href":"https:\/\/lucacastelli.com\/fr\/wp-json\/wp\/v2\/product_tag?post=499552"}],"curies":[{"name":"wp","href":"https:\/\/api.w.org\/{rel}","templated":true}]}}