{"id":499539,"date":"2025-07-19T12:27:41","date_gmt":"2025-07-19T10:27:41","guid":{"rendered":"https:\/\/lucacastelli.com\/prodotto\/milwaukee-osd2-tournevis-dangle\/"},"modified":"2025-07-19T12:27:41","modified_gmt":"2025-07-19T10:27:41","slug":"milwaukee-osd2-tournevis-dangle","status":"publish","type":"product","link":"https:\/\/lucacastelli.com\/fr\/produit\/milwaukee-osd2-tournevis-dangle\/","title":{"rendered":"MILWAUKEE OSD2 &#8211; Tournevis d\u2019angle"},"content":{"rendered":"<p>L\u2019appareil d\u2019angle OSD2 est la solution id\u00e9ale pour le per\u00e7age et le vissage dans les espaces confin\u00e9s ; Entra\u00eenement hexagonal 1\/4&#8221;. Avec m\u00e9canisme de verrouillage de l\u2019embout&nbsp;; Engrenages m\u00e9talliques pour une vitesse pr\u00e9cise et uniforme ; Poign\u00e9e avec Softgrip qui peut \u00eatre tourn\u00e9e \u00e0 360\u00b0 dans 4 positions de travail diff\u00e9rentes&nbsp;; Excellente transmission de puissance&nbsp;; Couple de serrage maximal \u00e0 40 Nm et vitesses jusqu\u2019\u00e0 1750 tr\/min ; OSD2 peut \u00eatre utilis\u00e9 pour le per\u00e7age et le vissage, un outil extr\u00eamement polyvalent ; D\u2019une longueur de seulement 51 mm, il peut \u00eatre utilis\u00e9 dans de petits espaces <\/p>\n","protected":false},"excerpt":{"rendered":"<p>L\u2019appareil d\u2019angle OSD2 est la solution id\u00e9ale pour le per\u00e7age et le vissage dans les espaces confin\u00e9s ; Entra\u00eenement hexagonal<\/p>\n","protected":false},"featured_media":491955,"template":"","meta":{"_seopress_robots_primary_cat":"","_seopress_titles_title":"","_seopress_titles_desc":"","_seopress_robots_index":""},"product_brand":[3407],"product_cat":[537],"product_tag":[3270],"class_list":{"0":"post-499539","1":"product","2":"type-product","3":"status-publish","4":"has-post-thumbnail","6":"product_brand-milwaukee","7":"product_cat-attrezzatura-da-lavoro","8":"product_tag-import-milwau","9":"sws-gruppo-macchinari-fr","10":"sws-conto-ricavi-merci-rivendita-macchinari-fr","11":"sws-gruppo-iva-iva81-fr","13":"first","14":"onbackorder","15":"sale","16":"shipping-taxable","17":"purchasable","18":"product-type-simple"},"_links":{"self":[{"href":"https:\/\/lucacastelli.com\/fr\/wp-json\/wp\/v2\/product\/499539","targetHints":{"allow":["GET"]}}],"collection":[{"href":"https:\/\/lucacastelli.com\/fr\/wp-json\/wp\/v2\/product"}],"about":[{"href":"https:\/\/lucacastelli.com\/fr\/wp-json\/wp\/v2\/types\/product"}],"wp:featuredmedia":[{"embeddable":true,"href":"https:\/\/lucacastelli.com\/fr\/wp-json\/wp\/v2\/media\/491955"}],"wp:attachment":[{"href":"https:\/\/lucacastelli.com\/fr\/wp-json\/wp\/v2\/media?parent=499539"}],"wp:term":[{"taxonomy":"product_brand","embeddable":true,"href":"https:\/\/lucacastelli.com\/fr\/wp-json\/wp\/v2\/product_brand?post=499539"},{"taxonomy":"product_cat","embeddable":true,"href":"https:\/\/lucacastelli.com\/fr\/wp-json\/wp\/v2\/product_cat?post=499539"},{"taxonomy":"product_tag","embeddable":true,"href":"https:\/\/lucacastelli.com\/fr\/wp-json\/wp\/v2\/product_tag?post=499539"}],"curies":[{"name":"wp","href":"https:\/\/api.w.org\/{rel}","templated":true}]}}