{"id":499532,"date":"2025-07-19T12:25:22","date_gmt":"2025-07-19T10:25:22","guid":{"rendered":"https:\/\/lucacastelli.com\/prodotto\/milwaukee-housses-de-transport-2\/"},"modified":"2025-07-19T12:25:22","modified_gmt":"2025-07-19T10:25:22","slug":"milwaukee-housses-de-transport-2","status":"publish","type":"product","link":"https:\/\/lucacastelli.com\/fr\/produit\/milwaukee-housses-de-transport-2\/","title":{"rendered":"MILWAUKEE Housses de transport"},"content":{"rendered":"<p>Les coins arrondis et renforc\u00e9s, les nervures profondes et la conception arqu\u00e9e en plastique ABS robuste rendent cette valise extr\u00eamement durable et durable. Le bo\u00eetier est structur\u00e9 de mani\u00e8re \u00e0 absorber les chocs, les chutes et \u00e0 faire face aux conditions difficiles des chantiers de construction&nbsp;; Le syst\u00e8me de fixation unique permet de fermer deux ou plusieurs valises ensemble, pour un transport facile et s\u00fbr. Les nervures profondes et la forme arqu\u00e9e garantissent qu\u2019un bo\u00eetier s\u2019embo\u00eete l\u2019un sur l\u2019autre, de sorte qu\u2019ils peuvent \u00eatre empil\u00e9s de mani\u00e8re stable ; Le syst\u00e8me de verrouillage facilite le transport des outils et des accessoires sur le lieu de travail. Tout sera disponible en cas de besoin   <\/p>\n","protected":false},"excerpt":{"rendered":"<p>Les coins arrondis et renforc\u00e9s, les nervures profondes et la conception arqu\u00e9e en plastique ABS robuste rendent cette valise extr\u00eamement<\/p>\n","protected":false},"featured_media":494902,"template":"","meta":{"_seopress_robots_primary_cat":"","_seopress_titles_title":"","_seopress_titles_desc":"","_seopress_robots_index":""},"product_brand":[3407],"product_cat":[537],"product_tag":[3270],"class_list":{"0":"post-499532","1":"product","2":"type-product","3":"status-publish","4":"has-post-thumbnail","6":"product_brand-milwaukee","7":"product_cat-attrezzatura-da-lavoro","8":"product_tag-import-milwau","9":"sws-gruppo-macchinari-fr","10":"sws-conto-ricavi-merci-rivendita-macchinari-fr","11":"sws-gruppo-iva-iva81-fr","13":"first","14":"onbackorder","15":"sale","16":"shipping-taxable","17":"purchasable","18":"product-type-simple"},"_links":{"self":[{"href":"https:\/\/lucacastelli.com\/fr\/wp-json\/wp\/v2\/product\/499532","targetHints":{"allow":["GET"]}}],"collection":[{"href":"https:\/\/lucacastelli.com\/fr\/wp-json\/wp\/v2\/product"}],"about":[{"href":"https:\/\/lucacastelli.com\/fr\/wp-json\/wp\/v2\/types\/product"}],"wp:featuredmedia":[{"embeddable":true,"href":"https:\/\/lucacastelli.com\/fr\/wp-json\/wp\/v2\/media\/494902"}],"wp:attachment":[{"href":"https:\/\/lucacastelli.com\/fr\/wp-json\/wp\/v2\/media?parent=499532"}],"wp:term":[{"taxonomy":"product_brand","embeddable":true,"href":"https:\/\/lucacastelli.com\/fr\/wp-json\/wp\/v2\/product_brand?post=499532"},{"taxonomy":"product_cat","embeddable":true,"href":"https:\/\/lucacastelli.com\/fr\/wp-json\/wp\/v2\/product_cat?post=499532"},{"taxonomy":"product_tag","embeddable":true,"href":"https:\/\/lucacastelli.com\/fr\/wp-json\/wp\/v2\/product_tag?post=499532"}],"curies":[{"name":"wp","href":"https:\/\/api.w.org\/{rel}","templated":true}]}}