{"id":499529,"date":"2025-07-19T12:19:28","date_gmt":"2025-07-19T10:19:28","guid":{"rendered":"https:\/\/lucacastelli.com\/prodotto\/marteau-en-titane-milwaukee-avec-manche-en-bois\/"},"modified":"2025-07-19T12:19:28","modified_gmt":"2025-07-19T10:19:28","slug":"marteau-en-titane-milwaukee-avec-manche-en-bois","status":"publish","type":"product","link":"https:\/\/lucacastelli.com\/fr\/produit\/marteau-en-titane-milwaukee-avec-manche-en-bois\/","title":{"rendered":"Marteau en titane MILWAUKEE avec manche en bois"},"content":{"rendered":"<p>Manche traditionnel en bois de noyer : Poign\u00e9e incurv\u00e9e solide en forme de hache pour une manipulation facile ; Hold magnetic nail : Aide \u00e0 commencer \u00e0 clouer dans les endroits difficiles d\u2019acc\u00e8s ; Faible poids gr\u00e2ce au bois naturel, mais capable de fournir une puissance incroyable<\/p>\n","protected":false},"excerpt":{"rendered":"<p>Manche traditionnel en bois de noyer : Poign\u00e9e incurv\u00e9e solide en forme de hache pour une manipulation facile ; Hold<\/p>\n","protected":false},"featured_media":492463,"template":"","meta":{"_seopress_robots_primary_cat":"","_seopress_titles_title":"","_seopress_titles_desc":"","_seopress_robots_index":""},"product_brand":[3407],"product_cat":[537],"product_tag":[3270],"class_list":{"0":"post-499529","1":"product","2":"type-product","3":"status-publish","4":"has-post-thumbnail","6":"product_brand-milwaukee","7":"product_cat-attrezzatura-da-lavoro","8":"product_tag-import-milwau","9":"sws-gruppo-macchinari-fr","10":"sws-conto-ricavi-merci-rivendita-macchinari-fr","11":"sws-gruppo-iva-iva81-fr","13":"first","14":"onbackorder","15":"sale","16":"shipping-taxable","17":"purchasable","18":"product-type-simple"},"_links":{"self":[{"href":"https:\/\/lucacastelli.com\/fr\/wp-json\/wp\/v2\/product\/499529","targetHints":{"allow":["GET"]}}],"collection":[{"href":"https:\/\/lucacastelli.com\/fr\/wp-json\/wp\/v2\/product"}],"about":[{"href":"https:\/\/lucacastelli.com\/fr\/wp-json\/wp\/v2\/types\/product"}],"wp:featuredmedia":[{"embeddable":true,"href":"https:\/\/lucacastelli.com\/fr\/wp-json\/wp\/v2\/media\/492463"}],"wp:attachment":[{"href":"https:\/\/lucacastelli.com\/fr\/wp-json\/wp\/v2\/media?parent=499529"}],"wp:term":[{"taxonomy":"product_brand","embeddable":true,"href":"https:\/\/lucacastelli.com\/fr\/wp-json\/wp\/v2\/product_brand?post=499529"},{"taxonomy":"product_cat","embeddable":true,"href":"https:\/\/lucacastelli.com\/fr\/wp-json\/wp\/v2\/product_cat?post=499529"},{"taxonomy":"product_tag","embeddable":true,"href":"https:\/\/lucacastelli.com\/fr\/wp-json\/wp\/v2\/product_tag?post=499529"}],"curies":[{"name":"wp","href":"https:\/\/api.w.org\/{rel}","templated":true}]}}