{"id":499524,"date":"2025-07-19T13:18:52","date_gmt":"2025-07-19T11:18:52","guid":{"rendered":"https:\/\/lucacastelli.com\/prodotto\/husvarna-casque-forestier-fonctionnel\/"},"modified":"2025-07-19T13:18:52","modified_gmt":"2025-07-19T11:18:52","slug":"husvarna-casque-forestier-fonctionnel","status":"publish","type":"product","link":"https:\/\/lucacastelli.com\/fr\/produit\/husvarna-casque-forestier-fonctionnel\/","title":{"rendered":"HUSVARNA Casque forestier fonctionnel"},"content":{"rendered":"<h2 class=\"ui-a2 ui-if ui-a6\">Casque de protection confortable pour les travaux forestiers<\/h2>\n<div class=\"ui-a2 ui-if ui-it ui-pt ui-a-\">\n<div class=\"hbd-editorial\">Casque fonctionnel avec un haut niveau de fonctionnalit\u00e9 pour s\u2019adapter aux pr\u00e9f\u00e9rences individuelles, parfait pour un travailleur forestier \u00e0 la recherche de confort et d\u2019ergonomie dans le travail quotidien. La nouvelle visi\u00e8re UltraVision, avec seulement 20&nbsp;% d\u2019absorption de la lumi\u00e8re et am\u00e9liore donc la visibilit\u00e9, et avec une ceinture \u00e0 6 points, pour plus de confort et moins de stress. Prot\u00e8ge-oreilles avec un excellent design ergonomique, le meilleur choix en termes de confort et de besoins personnels.  <\/div>\n<\/div>\n","protected":false},"excerpt":{"rendered":"<p>Casque de protection confortable pour les travaux forestiers Casque fonctionnel avec un haut niveau de fonctionnalit\u00e9 pour s\u2019adapter aux pr\u00e9f\u00e9rences<\/p>\n","protected":false},"featured_media":499435,"template":"","meta":{"_seopress_robots_primary_cat":"none","_seopress_titles_title":"","_seopress_titles_desc":"","_seopress_robots_index":""},"product_brand":[4371],"product_cat":[144,1397,1405],"product_tag":[],"class_list":{"0":"post-499524","1":"product","2":"type-product","3":"status-publish","4":"has-post-thumbnail","6":"product_brand-husqvarna-fr","7":"product_cat-equipement","8":"product_cat-equipement-de-travail","9":"product_cat-casques","10":"sws-gruppo-abb-libero-fr","11":"sws-conto-ricavi-merci-rivendita-abbigliamento-fr","12":"sws-gruppo-iva-iva81-fr","14":"first","15":"instock","16":"shipping-taxable","17":"purchasable","18":"product-type-simple"},"_links":{"self":[{"href":"https:\/\/lucacastelli.com\/fr\/wp-json\/wp\/v2\/product\/499524","targetHints":{"allow":["GET"]}}],"collection":[{"href":"https:\/\/lucacastelli.com\/fr\/wp-json\/wp\/v2\/product"}],"about":[{"href":"https:\/\/lucacastelli.com\/fr\/wp-json\/wp\/v2\/types\/product"}],"wp:featuredmedia":[{"embeddable":true,"href":"https:\/\/lucacastelli.com\/fr\/wp-json\/wp\/v2\/media\/499435"}],"wp:attachment":[{"href":"https:\/\/lucacastelli.com\/fr\/wp-json\/wp\/v2\/media?parent=499524"}],"wp:term":[{"taxonomy":"product_brand","embeddable":true,"href":"https:\/\/lucacastelli.com\/fr\/wp-json\/wp\/v2\/product_brand?post=499524"},{"taxonomy":"product_cat","embeddable":true,"href":"https:\/\/lucacastelli.com\/fr\/wp-json\/wp\/v2\/product_cat?post=499524"},{"taxonomy":"product_tag","embeddable":true,"href":"https:\/\/lucacastelli.com\/fr\/wp-json\/wp\/v2\/product_tag?post=499524"}],"curies":[{"name":"wp","href":"https:\/\/api.w.org\/{rel}","templated":true}]}}