{"id":499521,"date":"2025-07-19T12:31:34","date_gmt":"2025-07-19T10:31:34","guid":{"rendered":"https:\/\/lucacastelli.com\/prodotto\/systeme-de-refroidissement-professionnel-milwaukee\/"},"modified":"2025-07-19T12:31:34","modified_gmt":"2025-07-19T10:31:34","slug":"systeme-de-refroidissement-professionnel-milwaukee","status":"publish","type":"product","link":"https:\/\/lucacastelli.com\/fr\/produit\/systeme-de-refroidissement-professionnel-milwaukee\/","title":{"rendered":"Syst\u00e8me de refroidissement professionnel MILWAUKEE"},"content":{"rendered":"<p>Un d\u00e9bit d\u2019eau nervur\u00e9 augmente consid\u00e9rablement la dur\u00e9e de vie de la pointe&nbsp;; Syst\u00e8me \u00e9quip\u00e9 d\u2019une r\u00e9gulation du d\u00e9bit d\u2019eau&nbsp;; L\u2019utilisation du guide \u00e9vite le glissement de la pointe (et donc l\u2019endommagement du mat\u00e9riau) ; Fixation et retrait faciles des surfaces<\/p>\n","protected":false},"excerpt":{"rendered":"<p>Un d\u00e9bit d\u2019eau nervur\u00e9 augmente consid\u00e9rablement la dur\u00e9e de vie de la pointe&nbsp;; Syst\u00e8me \u00e9quip\u00e9 d\u2019une r\u00e9gulation du d\u00e9bit d\u2019eau&nbsp;;<\/p>\n","protected":false},"featured_media":491991,"template":"","meta":{"_seopress_robots_primary_cat":"","_seopress_titles_title":"","_seopress_titles_desc":"","_seopress_robots_index":""},"product_brand":[3658],"product_cat":[1453,167,1534],"product_tag":[3273],"class_list":{"0":"post-499521","1":"product","2":"type-product","3":"status-publish","4":"has-post-thumbnail","6":"product_brand-milwaukee-fr","7":"product_cat-autres-appareils","8":"product_cat-machines","9":"product_cat-scies","10":"product_tag-import-milwau-fr","11":"sws-gruppo-macchinari-fr","12":"sws-conto-ricavi-merci-rivendita-macchinari-fr","13":"sws-gruppo-iva-iva81-fr","15":"first","16":"onbackorder","17":"sale","18":"shipping-taxable","19":"purchasable","20":"product-type-simple"},"_links":{"self":[{"href":"https:\/\/lucacastelli.com\/fr\/wp-json\/wp\/v2\/product\/499521","targetHints":{"allow":["GET"]}}],"collection":[{"href":"https:\/\/lucacastelli.com\/fr\/wp-json\/wp\/v2\/product"}],"about":[{"href":"https:\/\/lucacastelli.com\/fr\/wp-json\/wp\/v2\/types\/product"}],"wp:featuredmedia":[{"embeddable":true,"href":"https:\/\/lucacastelli.com\/fr\/wp-json\/wp\/v2\/media\/491991"}],"wp:attachment":[{"href":"https:\/\/lucacastelli.com\/fr\/wp-json\/wp\/v2\/media?parent=499521"}],"wp:term":[{"taxonomy":"product_brand","embeddable":true,"href":"https:\/\/lucacastelli.com\/fr\/wp-json\/wp\/v2\/product_brand?post=499521"},{"taxonomy":"product_cat","embeddable":true,"href":"https:\/\/lucacastelli.com\/fr\/wp-json\/wp\/v2\/product_cat?post=499521"},{"taxonomy":"product_tag","embeddable":true,"href":"https:\/\/lucacastelli.com\/fr\/wp-json\/wp\/v2\/product_tag?post=499521"}],"curies":[{"name":"wp","href":"https:\/\/api.w.org\/{rel}","templated":true}]}}