{"id":499475,"date":"2025-07-19T12:30:56","date_gmt":"2025-07-19T10:30:56","guid":{"rendered":"https:\/\/lucacastelli.com\/prodotto\/cables-milwaukee-quik-lok-2\/"},"modified":"2025-07-19T12:30:56","modified_gmt":"2025-07-19T10:30:56","slug":"cables-milwaukee-quik-lok-2","status":"publish","type":"product","link":"https:\/\/lucacastelli.com\/fr\/produit\/cables-milwaukee-quik-lok-2\/","title":{"rendered":"C\u00e2bles MILWAUKEE QUIK-LOK"},"content":{"rendered":"<p>Convient \u00e0 tous les outils avec accessoire QUIK-LOK ; Remplacement imm\u00e9diat du c\u00e2ble endommag\u00e9 \u2013 \u00e9limination des temps d\u2019arr\u00eat de la machine ; Un seul attelage universel compatible avec tous les outils QUIK-LOK<\/p>\n","protected":false},"excerpt":{"rendered":"<p>Convient \u00e0 tous les outils avec accessoire QUIK-LOK ; Remplacement imm\u00e9diat du c\u00e2ble endommag\u00e9 \u2013 \u00e9limination des temps d\u2019arr\u00eat de<\/p>\n","protected":false},"featured_media":494803,"template":"","meta":{"_seopress_robots_primary_cat":"","_seopress_titles_title":"","_seopress_titles_desc":"","_seopress_robots_index":""},"product_brand":[3407],"product_cat":[29,514,558],"product_tag":[3270],"class_list":{"0":"post-499475","1":"product","2":"type-product","3":"status-publish","4":"has-post-thumbnail","6":"product_brand-milwaukee","7":"product_cat-macchinari","8":"product_cat-altri-dispositivi","9":"product_cat-seghe-accessori-vari","10":"product_tag-import-milwau","11":"sws-gruppo-macchinari-fr","12":"sws-conto-ricavi-merci-rivendita-macchinari-fr","13":"sws-gruppo-iva-iva81-fr","15":"first","16":"onbackorder","17":"sale","18":"shipping-taxable","19":"purchasable","20":"product-type-simple"},"_links":{"self":[{"href":"https:\/\/lucacastelli.com\/fr\/wp-json\/wp\/v2\/product\/499475","targetHints":{"allow":["GET"]}}],"collection":[{"href":"https:\/\/lucacastelli.com\/fr\/wp-json\/wp\/v2\/product"}],"about":[{"href":"https:\/\/lucacastelli.com\/fr\/wp-json\/wp\/v2\/types\/product"}],"wp:featuredmedia":[{"embeddable":true,"href":"https:\/\/lucacastelli.com\/fr\/wp-json\/wp\/v2\/media\/494803"}],"wp:attachment":[{"href":"https:\/\/lucacastelli.com\/fr\/wp-json\/wp\/v2\/media?parent=499475"}],"wp:term":[{"taxonomy":"product_brand","embeddable":true,"href":"https:\/\/lucacastelli.com\/fr\/wp-json\/wp\/v2\/product_brand?post=499475"},{"taxonomy":"product_cat","embeddable":true,"href":"https:\/\/lucacastelli.com\/fr\/wp-json\/wp\/v2\/product_cat?post=499475"},{"taxonomy":"product_tag","embeddable":true,"href":"https:\/\/lucacastelli.com\/fr\/wp-json\/wp\/v2\/product_tag?post=499475"}],"curies":[{"name":"wp","href":"https:\/\/api.w.org\/{rel}","templated":true}]}}