{"id":499467,"date":"2025-07-19T12:30:53","date_gmt":"2025-07-19T10:30:53","guid":{"rendered":"https:\/\/lucacastelli.com\/prodotto\/collecteur-deau-milwaukee-peut-etre-utilise-avec-la-colonne-dr-350-t-uniquement-pour-les-couronnes-dun-diametre-maximal-de-300-mm\/"},"modified":"2025-07-19T12:30:53","modified_gmt":"2025-07-19T10:30:53","slug":"collecteur-deau-milwaukee-peut-etre-utilise-avec-la-colonne-dr-350-t-uniquement-pour-les-couronnes-dun-diametre-maximal-de-300-mm","status":"publish","type":"product","link":"https:\/\/lucacastelli.com\/fr\/produit\/collecteur-deau-milwaukee-peut-etre-utilise-avec-la-colonne-dr-350-t-uniquement-pour-les-couronnes-dun-diametre-maximal-de-300-mm\/","title":{"rendered":"Collecteur d\u2019eau MILWAUKEE. Peut \u00eatre utilis\u00e9 avec la colonne DR 350 T. Uniquement pour les couronnes d\u2019un diam\u00e8tre maximal de 300 mm"},"content":{"rendered":"<p>Anneau de r\u00e9cup\u00e9ration d\u2019eau pour forets diamant\u00e9s jusqu\u2019\u00e0 un diam\u00e8tre maximal de 300 mm, adapt\u00e9 aux carotteuses diamant\u00e9es DR 350 T<\/p>\n","protected":false},"excerpt":{"rendered":"<p>Anneau de r\u00e9cup\u00e9ration d\u2019eau pour forets diamant\u00e9s jusqu\u2019\u00e0 un diam\u00e8tre maximal de 300 mm, adapt\u00e9 aux carotteuses diamant\u00e9es DR 350<\/p>\n","protected":false},"featured_media":495622,"template":"","meta":{"_seopress_robots_primary_cat":"","_seopress_titles_title":"","_seopress_titles_desc":"","_seopress_robots_index":""},"product_brand":[3407],"product_cat":[29,514,558],"product_tag":[3270],"class_list":{"0":"post-499467","1":"product","2":"type-product","3":"status-publish","4":"has-post-thumbnail","6":"product_brand-milwaukee","7":"product_cat-macchinari","8":"product_cat-altri-dispositivi","9":"product_cat-seghe-accessori-vari","10":"product_tag-import-milwau","11":"sws-gruppo-macchinari-fr","12":"sws-conto-ricavi-merci-rivendita-macchinari-fr","13":"sws-gruppo-iva-iva81-fr","15":"first","16":"onbackorder","17":"sale","18":"shipping-taxable","19":"purchasable","20":"product-type-simple"},"_links":{"self":[{"href":"https:\/\/lucacastelli.com\/fr\/wp-json\/wp\/v2\/product\/499467","targetHints":{"allow":["GET"]}}],"collection":[{"href":"https:\/\/lucacastelli.com\/fr\/wp-json\/wp\/v2\/product"}],"about":[{"href":"https:\/\/lucacastelli.com\/fr\/wp-json\/wp\/v2\/types\/product"}],"wp:featuredmedia":[{"embeddable":true,"href":"https:\/\/lucacastelli.com\/fr\/wp-json\/wp\/v2\/media\/495622"}],"wp:attachment":[{"href":"https:\/\/lucacastelli.com\/fr\/wp-json\/wp\/v2\/media?parent=499467"}],"wp:term":[{"taxonomy":"product_brand","embeddable":true,"href":"https:\/\/lucacastelli.com\/fr\/wp-json\/wp\/v2\/product_brand?post=499467"},{"taxonomy":"product_cat","embeddable":true,"href":"https:\/\/lucacastelli.com\/fr\/wp-json\/wp\/v2\/product_cat?post=499467"},{"taxonomy":"product_tag","embeddable":true,"href":"https:\/\/lucacastelli.com\/fr\/wp-json\/wp\/v2\/product_tag?post=499467"}],"curies":[{"name":"wp","href":"https:\/\/api.w.org\/{rel}","templated":true}]}}