{"id":499464,"date":"2025-07-19T12:30:54","date_gmt":"2025-07-19T10:30:54","guid":{"rendered":"https:\/\/lucacastelli.com\/prodotto\/milwaukee-collecteur-de-collecte-deau-pour-les-operations-de-forage-humide-a-utiliser-avec-des-trepans-jusqua-o-180-mm-convient-pour-le-carottage-de-plafond\/"},"modified":"2025-07-19T12:30:54","modified_gmt":"2025-07-19T10:30:54","slug":"milwaukee-collecteur-de-collecte-deau-pour-les-operations-de-forage-humide-a-utiliser-avec-des-trepans-jusqua-o-180-mm-convient-pour-le-carottage-de-plafond","status":"publish","type":"product","link":"https:\/\/lucacastelli.com\/fr\/produit\/milwaukee-collecteur-de-collecte-deau-pour-les-operations-de-forage-humide-a-utiliser-avec-des-trepans-jusqua-o-180-mm-convient-pour-le-carottage-de-plafond\/","title":{"rendered":"MILWAUKEE Collecteur de collecte d\u2019eau pour les op\u00e9rations de forage humide, \u00e0 utiliser avec des tr\u00e9pans jusqu\u2019\u00e0 \u00d8 180 mm. Convient pour le carottage de plafond."},"content":{"rendered":"<p>Pour les op\u00e9rations de forage humide, \u00e0 utiliser avec des couronnes de forage jusqu\u2019\u00e0 180 mm de diam\u00e8tre. Convient pour le carottage de plafond<\/p>\n","protected":false},"excerpt":{"rendered":"<p>Pour les op\u00e9rations de forage humide, \u00e0 utiliser avec des couronnes de forage jusqu\u2019\u00e0 180 mm de diam\u00e8tre. Convient pour<\/p>\n","protected":false},"featured_media":495617,"template":"","meta":{"_seopress_robots_primary_cat":"","_seopress_titles_title":"","_seopress_titles_desc":"","_seopress_robots_index":""},"product_brand":[3407],"product_cat":[29,514,558],"product_tag":[3270],"class_list":{"0":"post-499464","1":"product","2":"type-product","3":"status-publish","4":"has-post-thumbnail","6":"product_brand-milwaukee","7":"product_cat-macchinari","8":"product_cat-altri-dispositivi","9":"product_cat-seghe-accessori-vari","10":"product_tag-import-milwau","11":"sws-gruppo-macchinari-fr","12":"sws-conto-ricavi-merci-rivendita-macchinari-fr","13":"sws-gruppo-iva-iva81-fr","15":"first","16":"onbackorder","17":"sale","18":"shipping-taxable","19":"purchasable","20":"product-type-simple"},"_links":{"self":[{"href":"https:\/\/lucacastelli.com\/fr\/wp-json\/wp\/v2\/product\/499464","targetHints":{"allow":["GET"]}}],"collection":[{"href":"https:\/\/lucacastelli.com\/fr\/wp-json\/wp\/v2\/product"}],"about":[{"href":"https:\/\/lucacastelli.com\/fr\/wp-json\/wp\/v2\/types\/product"}],"wp:featuredmedia":[{"embeddable":true,"href":"https:\/\/lucacastelli.com\/fr\/wp-json\/wp\/v2\/media\/495617"}],"wp:attachment":[{"href":"https:\/\/lucacastelli.com\/fr\/wp-json\/wp\/v2\/media?parent=499464"}],"wp:term":[{"taxonomy":"product_brand","embeddable":true,"href":"https:\/\/lucacastelli.com\/fr\/wp-json\/wp\/v2\/product_brand?post=499464"},{"taxonomy":"product_cat","embeddable":true,"href":"https:\/\/lucacastelli.com\/fr\/wp-json\/wp\/v2\/product_cat?post=499464"},{"taxonomy":"product_tag","embeddable":true,"href":"https:\/\/lucacastelli.com\/fr\/wp-json\/wp\/v2\/product_tag?post=499464"}],"curies":[{"name":"wp","href":"https:\/\/api.w.org\/{rel}","templated":true}]}}