{"id":499456,"date":"2025-07-19T12:30:50","date_gmt":"2025-07-19T10:30:50","guid":{"rendered":"https:\/\/lucacastelli.com\/prodotto\/kit-de-fixation-milwaukee-pour-une-utilisation-sur-le-beton-uniquement-des-forets-de-16-mm-sont-necessaires-pour-fixer-les-ancrages-comprend-une-goupille-de-serrage-une-bride-un-anneau-et-5-ancr\/"},"modified":"2025-07-19T12:30:50","modified_gmt":"2025-07-19T10:30:50","slug":"kit-de-fixation-milwaukee-pour-une-utilisation-sur-le-beton-uniquement-des-forets-de-16-mm-sont-necessaires-pour-fixer-les-ancrages-comprend-une-goupille-de-serrage-une-bride-un-anneau-et-5-ancr","status":"publish","type":"product","link":"https:\/\/lucacastelli.com\/fr\/produit\/kit-de-fixation-milwaukee-pour-une-utilisation-sur-le-beton-uniquement-des-forets-de-16-mm-sont-necessaires-pour-fixer-les-ancrages-comprend-une-goupille-de-serrage-une-bride-un-anneau-et-5-ancr\/","title":{"rendered":"Kit de fixation MILWAUKEE : Pour une utilisation sur le b\u00e9ton uniquement. Des forets de 16 mm sont n\u00e9cessaires pour fixer les ancrages. Comprend une goupille de serrage, une bride, un anneau et 5 ancrages M12"},"content":{"rendered":"<p>Kit de fixation pour b\u00e9ton&nbsp;; Utilisez un foret de 16 mm pour pr\u00e9-percer l\u2019ancrage du marteau-piqueur ; Kit compos\u00e9 de&nbsp;: ancrages d\u2019impact M 12, impacteurs, tige filet\u00e9e, disque et \u00e9crou&nbsp;; Convient aux moteurs de couronne de carottage diamant\u00e9 DD 3-152, DCM 2-250 C, DCM 2-350 C<\/p>\n","protected":false},"excerpt":{"rendered":"<p>Kit de fixation pour b\u00e9ton&nbsp;; Utilisez un foret de 16 mm pour pr\u00e9-percer l\u2019ancrage du marteau-piqueur ; Kit compos\u00e9 de&nbsp;:<\/p>\n","protected":false},"featured_media":495637,"template":"","meta":{"_seopress_robots_primary_cat":"","_seopress_titles_title":"","_seopress_titles_desc":"","_seopress_robots_index":""},"product_brand":[3407],"product_cat":[29,514,558],"product_tag":[3270],"class_list":{"0":"post-499456","1":"product","2":"type-product","3":"status-publish","4":"has-post-thumbnail","6":"product_brand-milwaukee","7":"product_cat-macchinari","8":"product_cat-altri-dispositivi","9":"product_cat-seghe-accessori-vari","10":"product_tag-import-milwau","11":"sws-gruppo-macchinari-fr","12":"sws-conto-ricavi-merci-rivendita-macchinari-fr","13":"sws-gruppo-iva-iva81-fr","15":"first","16":"onbackorder","17":"sale","18":"shipping-taxable","19":"purchasable","20":"product-type-simple"},"_links":{"self":[{"href":"https:\/\/lucacastelli.com\/fr\/wp-json\/wp\/v2\/product\/499456","targetHints":{"allow":["GET"]}}],"collection":[{"href":"https:\/\/lucacastelli.com\/fr\/wp-json\/wp\/v2\/product"}],"about":[{"href":"https:\/\/lucacastelli.com\/fr\/wp-json\/wp\/v2\/types\/product"}],"wp:featuredmedia":[{"embeddable":true,"href":"https:\/\/lucacastelli.com\/fr\/wp-json\/wp\/v2\/media\/495637"}],"wp:attachment":[{"href":"https:\/\/lucacastelli.com\/fr\/wp-json\/wp\/v2\/media?parent=499456"}],"wp:term":[{"taxonomy":"product_brand","embeddable":true,"href":"https:\/\/lucacastelli.com\/fr\/wp-json\/wp\/v2\/product_brand?post=499456"},{"taxonomy":"product_cat","embeddable":true,"href":"https:\/\/lucacastelli.com\/fr\/wp-json\/wp\/v2\/product_cat?post=499456"},{"taxonomy":"product_tag","embeddable":true,"href":"https:\/\/lucacastelli.com\/fr\/wp-json\/wp\/v2\/product_tag?post=499456"}],"curies":[{"name":"wp","href":"https:\/\/api.w.org\/{rel}","templated":true}]}}