{"id":499425,"date":"2025-04-07T16:53:00","date_gmt":"2025-04-07T14:53:00","guid":{"rendered":"https:\/\/lucacastelli.com\/prodotto\/pantalon-fou-electra\/"},"modified":"2025-10-24T10:26:23","modified_gmt":"2025-10-24T08:26:23","slug":"pantalon-fou-electra","status":"publish","type":"product","link":"https:\/\/lucacastelli.com\/fr\/produit\/pantalon-fou-electra\/","title":{"rendered":"PANTALON FOU ELECTRA"},"content":{"rendered":"<p>Notre pantalon le plus vendu, con\u00e7u pour la montagne et le ski de randonn\u00e9e.<br \/>\nIl est compos\u00e9 de deux mat\u00e9riaux : l&#8217;avant est en Endurance, plus protecteur et d\u00e9perlant gr\u00e2ce au traitement DWR, tout en restant respirant et bi-\u00e9lastique. L&#8217;arri\u00e8re est en Vuelta \u00ab Made in Italy \u00bb, plus l\u00e9ger et extr\u00eamement \u00e9lastique pour faciliter le mouvement.<br \/>\nLes genoux se distinguent par des empi\u00e8cements pr\u00e9form\u00e9s avec un design qui couvre \u00e9galement la couture int\u00e9rieure du pantalon, utilisant un tissu double r\u00e9sistant et \u00e9lastique.  <\/p>\n<p>\u2022 G\u00fcrtel mit Knopf und verdecktem<br \/>\n Rei\u00dfverschluss\u2022 Einschubtaschen mit lasergeschnittenem<br \/>\n, geklebtem Rei\u00dfverschluss\u2022 Unterschenkel mit Kn\u00f6chelzwickel, Silikongummi und Rei\u00dfverschluss<br \/>\n\u2022 Reflektierende Logos<br \/>\n\u2022 Flachn\u00e4hte in Kontrastfarbe<\/p>\n<p>QUANTIT\u00c9 \u00c9LEV\u00c9E : 336 gr<\/p>\n","protected":false},"excerpt":{"rendered":"<p>Notre pantalon le plus vendu, con\u00e7u pour la montagne et le ski de randonn\u00e9e. Il est compos\u00e9 de deux mat\u00e9riaux<\/p>\n","protected":false},"featured_media":0,"template":"","meta":{"_seopress_robots_primary_cat":"","_seopress_titles_title":"","_seopress_titles_desc":"","_seopress_robots_index":""},"product_brand":[3413],"product_cat":[21],"product_tag":[],"class_list":{"0":"post-499425","1":"product","2":"type-product","3":"status-publish","5":"product_brand-crazy","6":"product_cat-abbigliamento","7":"sws-conto-ricavi-merci-rivendita-abbigliamento-fr","8":"sws-gruppo-iva-iva81-fr","10":"first","11":"instock","12":"shipping-taxable","13":"product-type-simple"},"_links":{"self":[{"href":"https:\/\/lucacastelli.com\/fr\/wp-json\/wp\/v2\/product\/499425","targetHints":{"allow":["GET"]}}],"collection":[{"href":"https:\/\/lucacastelli.com\/fr\/wp-json\/wp\/v2\/product"}],"about":[{"href":"https:\/\/lucacastelli.com\/fr\/wp-json\/wp\/v2\/types\/product"}],"wp:attachment":[{"href":"https:\/\/lucacastelli.com\/fr\/wp-json\/wp\/v2\/media?parent=499425"}],"wp:term":[{"taxonomy":"product_brand","embeddable":true,"href":"https:\/\/lucacastelli.com\/fr\/wp-json\/wp\/v2\/product_brand?post=499425"},{"taxonomy":"product_cat","embeddable":true,"href":"https:\/\/lucacastelli.com\/fr\/wp-json\/wp\/v2\/product_cat?post=499425"},{"taxonomy":"product_tag","embeddable":true,"href":"https:\/\/lucacastelli.com\/fr\/wp-json\/wp\/v2\/product_tag?post=499425"}],"curies":[{"name":"wp","href":"https:\/\/api.w.org\/{rel}","templated":true}]}}