{"id":499201,"date":"2025-07-17T17:25:07","date_gmt":"2025-07-17T15:25:07","guid":{"rendered":"https:\/\/lucacastelli.com\/prodotto\/stihl-rma-765-v-con-ar-3000-l-set-e-al-501-2\/"},"modified":"2025-08-13T10:39:50","modified_gmt":"2025-08-13T08:39:50","slug":"stihl-rma-765-v-con-ar-3000-l-set-e-al-501-2","status":"publish","type":"product","link":"https:\/\/lucacastelli.com\/fr\/produit\/stihl-rma-765-v-con-ar-3000-l-set-e-al-501-2\/","title":{"rendered":"STIHL RMA 765 V avec AR 3000 L Set et AL 501"},"content":{"rendered":"<p>Tondeuse professionnelle sans fil pour l&#8217;entretien r\u00e9gulier des pelouses dans les zones sensibles au bruit telles que les lotissements, les \u00e9coles ou les jardins d&#8217;h\u00f4pitaux. Largeur de coupe de 63 cm, dispositif de coupe \u00e0 2 lames \u00e0 flux optimis\u00e9, r\u00e9glage de la hauteur de coupe pour chaque roue, entra\u00eenement \u00e9lectrique des roues Vario et guidon confort r\u00e9glable en hauteur et rabattable. Bac de ramassage de 80 litres avec indicateur de niveau.  <\/p>\n<p>Fourni avec :<\/p>\n<p>1 pc RMA 765 V<br \/>\n1 pc AR 3000 L set<br \/>\n1 pc AL 501<\/p>\n<table class=\"technical_data\">\n<thead>\n<tr>\n<th class=\"col1\">Donn\u00e9es techniques<\/th>\n<th class=\"col2\">Valeur<\/th>\n<\/tr>\n<\/thead>\n<tbody>\n<tr class=\"\">\n<td class=\"col1\">Largeur de coupecm<\/td>\n<td class=\"col2\">63<\/td>\n<\/tr>\n<tr class=\"odd\">\n<td class=\"col1\">Hauteur de coupe<\/td>\n<td class=\"col2\">25-100<\/td>\n<\/tr>\n<tr class=\"\">\n<td class=\"col1\">Panier de collecte d&#8217;herbes<\/td>\n<td class=\"col2\">80<\/td>\n<\/tr>\n<tr class=\"odd\">\n<td class=\"col1\">RPM lamagiri\/min<\/td>\n<td class=\"col2\">3.300<\/td>\n<\/tr>\n<tr class=\"\">\n<td class=\"col1\">Puissance nominaleW<\/td>\n<td class=\"col2\">1.500<\/td>\n<\/tr>\n<tr class=\"odd\">\n<td class=\"col1\">Pesokg<\/td>\n<td class=\"col2\">44<\/td>\n<\/tr>\n<tr class=\"\">\n<td class=\"col1\">Niveau sonore garanti LwAdB(A)<\/td>\n<td class=\"col2\">93<\/td>\n<\/tr>\n<tr class=\"odd\">\n<td class=\"col1\">Niveau de bruit mesur\u00e9 LwAdB(A)<\/td>\n<td class=\"col2\">92,2<\/td>\n<\/tr>\n<tr class=\"\">\n<td class=\"col1\">Facteur d&#8217;incertitude KpAdB(A)<\/td>\n<td class=\"col2\">3<\/td>\n<\/tr>\n<tr class=\"odd\">\n<td class=\"col1\">Facteur d&#8217;incertitude Km\/s\u00b2<\/td>\n<td class=\"col2\">0,7<\/td>\n<\/tr>\n<tr class=\"\">\n<td class=\"col1\">Valeur d&#8217;\u00e9mission des vibrations ahwm\/s\u00b2<\/td>\n<td class=\"col2\">1,4<\/td>\n<\/tr>\n<tr class=\"odd\">\n<td class=\"col1\">Technologie de la batterie<\/td>\n<td class=\"col2\">Lithium-Ion AP SYSTEM<\/td>\n<\/tr>\n<\/tbody>\n<\/table>\n","protected":false},"excerpt":{"rendered":"<p>Tondeuse professionnelle sans fil pour l&#8217;entretien r\u00e9gulier des pelouses dans les zones sensibles au bruit telles que les lotissements, les<\/p>\n","protected":false},"featured_media":499196,"template":"","meta":{"_seopress_robots_primary_cat":"none","_seopress_titles_title":"","_seopress_titles_desc":"","_seopress_robots_index":""},"product_brand":[3555],"product_cat":[167,1657,1670],"product_tag":[],"class_list":{"0":"post-499201","1":"product","2":"type-product","3":"status-publish","4":"has-post-thumbnail","6":"product_brand-stihl-fr","7":"product_cat-machines","8":"product_cat-tondeuses-et-robots","9":"product_cat-tondeuses-a-batterie","11":"first","12":"onbackorder","13":"shipping-taxable","14":"purchasable","15":"product-type-simple"},"_links":{"self":[{"href":"https:\/\/lucacastelli.com\/fr\/wp-json\/wp\/v2\/product\/499201","targetHints":{"allow":["GET"]}}],"collection":[{"href":"https:\/\/lucacastelli.com\/fr\/wp-json\/wp\/v2\/product"}],"about":[{"href":"https:\/\/lucacastelli.com\/fr\/wp-json\/wp\/v2\/types\/product"}],"wp:featuredmedia":[{"embeddable":true,"href":"https:\/\/lucacastelli.com\/fr\/wp-json\/wp\/v2\/media\/499196"}],"wp:attachment":[{"href":"https:\/\/lucacastelli.com\/fr\/wp-json\/wp\/v2\/media?parent=499201"}],"wp:term":[{"taxonomy":"product_brand","embeddable":true,"href":"https:\/\/lucacastelli.com\/fr\/wp-json\/wp\/v2\/product_brand?post=499201"},{"taxonomy":"product_cat","embeddable":true,"href":"https:\/\/lucacastelli.com\/fr\/wp-json\/wp\/v2\/product_cat?post=499201"},{"taxonomy":"product_tag","embeddable":true,"href":"https:\/\/lucacastelli.com\/fr\/wp-json\/wp\/v2\/product_tag?post=499201"}],"curies":[{"name":"wp","href":"https:\/\/api.w.org\/{rel}","templated":true}]}}