{"id":499168,"date":"2025-07-17T17:03:06","date_gmt":"2025-07-17T15:03:06","guid":{"rendered":"https:\/\/lucacastelli.com\/prodotto\/souffleur-dorsal-stihl-bra-600-avec-systeme-de-batterie-ap\/"},"modified":"2025-07-17T17:03:06","modified_gmt":"2025-07-17T15:03:06","slug":"souffleur-dorsal-stihl-bra-600-avec-systeme-de-batterie-ap","status":"publish","type":"product","link":"https:\/\/lucacastelli.com\/fr\/produit\/souffleur-dorsal-stihl-bra-600-avec-systeme-de-batterie-ap\/","title":{"rendered":"Souffleur dorsal STIHL BRA 600 avec syst\u00e8me de batterie AP"},"content":{"rendered":"<h2 class=\"product-details__title\">Puissance de soufflage exceptionnelle pour un nettoyage silencieux et efficace<\/h2>\n<div class=\"product-details__description richtexteditor\">\n<p>Le <strong>puissant souffleur sans fil dorsal STIHL BRA 600<\/strong> est parfait pour les professionnels de l\u2019am\u00e9nagement paysager, les professionnels de l\u2019am\u00e9nagement paysager et les administrations municipales pour nettoyer efficacement de <strong>grandes surfaces<\/strong> telles que les parcs, les pelouses, les sentiers et les routes. Gr\u00e2ce \u00e0 sa <strong>force de soufflage tr\u00e8s puissante allant jusqu\u2019\u00e0 35 N<\/strong>, il peut \u00e9galement enlever rapidement les <strong>feuilles humides et lourdes<\/strong>, l\u2019herbe coup\u00e9e, les r\u00e9sidus de haie ou les d\u00e9chets. De plus, la puissance de soufflage de la BRA 600 <strong>reste constante pendant toute la dur\u00e9e de vie de la batterie<\/strong>, sans creux pendant l\u2019utilisation.  <\/p>\n<p>Gr\u00e2ce au <strong>syst\u00e8me de r\u00e9duction du bruit STIHL<\/strong>, la BRA 600 fonctionne de <strong>mani\u00e8re particuli\u00e8rement silencieuse<\/strong>, ce qui la rend id\u00e9ale pour une utilisation dans des <strong>environnements sensibles au bruit<\/strong>. La r\u00e9duction des hautes fr\u00e9quences contribue \u00e9galement \u00e0 un son plus agr\u00e9able. <\/p>\n<p>Le moteur EC <strong>haute performance<\/strong>, presque sans usure, assure un fonctionnement en douceur et de faibles vibrations. L\u2019\u00e9nergie n\u00e9cessaire \u00e0 sa puissance \u00e9lev\u00e9e est fournie par <strong>2 piles STIHL AP<\/strong>. Pour une gestion optimale de l\u2019\u00e9nergie, vous pouvez r\u00e9gler la puissance via <strong>l\u2019unit\u00e9 de commande num\u00e9rique<\/strong> sur la poign\u00e9e multifonction \u00e0 une main, en choisissant parmi <strong>4 niveaux pr\u00e9d\u00e9finis<\/strong> (niveaux 1 \u00e0 3 et mode boost continu). L\u2019\u00e9cran affiche \u00e9galement des informations utiles telles que <strong>l\u2019\u00e9tat de charge<\/strong> de la batterie.   <\/p>\n<p>La BRA 600 est \u00e9quip\u00e9e de s\u00e9rie du syst\u00e8me <a href=\"https:\/\/www.stihl.it\/it\/professionisti\/soluzioni-digitali\/connected\"><strong>connect\u00e9 STIHL<\/strong><\/a>, qui vous permet d\u2019activer le <strong>mode d\u2019\u00e9conomie d\u2019\u00e9nergie<\/strong> via l\u2019application pour des travaux moins exigeants, par exemple, et d\u2019\u00e9tendre ainsi consid\u00e9rablement l\u2019autonomie.<\/p>\n<p>Le <strong>tube de soufflage rapidement r\u00e9glable<\/strong> peut \u00eatre raccourci en quelques secondes pour fonctionner dans des espaces restreints, puis d\u00e9ploy\u00e9 \u00e0 nouveau tout aussi facilement. Le poids du souffleur professionnel est r\u00e9parti uniform\u00e9ment et confortablement sur le dos gr\u00e2ce au <strong>syst\u00e8me de portage ergonomique<\/strong> avec bretelles et <strong>ceinture<\/strong> en <strong>forme de S<\/strong>. <\/p>\n<p>Pour <strong>des performances maximales<\/strong>, nous recommandons l\u2019utilisation de <strong>2 piles STIHL AP 500 S<\/strong>. Pour les travaux moins exigeants, vous pouvez \u00e9galement utiliser <strong>2 piles STIHL AP 200 \/ AP 200 S<\/strong> ou <strong>2 piles STIHL AP 300 \/ AP 300 S<\/strong>. <\/p>\n<p>Dans notre <a href=\"https:\/\/www.stihl.it\/it\/tecnologia-stihl\/carica-batteria-stihl\/durata-batterie-stihl\"><strong>aper\u00e7u des <\/strong><\/a><strong>temps de <a href=\"https:\/\/www.stihl.it\/it\/tecnologia-stihl\/carica-batteria-stihl\/durata-batterie-stihl\">fonctionnement<\/a> et de charge des batteries STIHL<\/strong>, vous pouvez v\u00e9rifier <strong>combien de temps vous pouvez travailler avec votre souffleur de feuilles sans fil STIHL BRA 600<\/strong> et <strong>combien de temps il faut pour que les batteries se rechargent<\/strong>.<\/p>\n<p>Tous les appareils fonctionnant sur batterie du <a href=\"https:\/\/www.stihl.it\/it\/tecnologia-stihl\/carica-batteria-stihl\/stihl-sistema-ap\"><strong>syst\u00e8me <\/strong><strong>STIHL AP<\/strong><\/a> sont con\u00e7us pour une utilisation professionnelle r\u00e9guli\u00e8re, m\u00eame dans des conditions m\u00e9t\u00e9orologiques difficiles. Pour cette raison, ils sont \u00e9quip\u00e9s <strong>d\u2019une protection contre les \u00e9claboussures d\u2019eau<\/strong>, test\u00e9e selon des normes internes strictes. Le test est bas\u00e9 sur la <strong>norme IPX4<\/strong>, entre autres. Pour la BRA 600, cette protection a \u00e9t\u00e9 <strong>officiellement certifi\u00e9e selon l\u2019indice de protection IPX4<\/strong>.   <\/p>\n<p>Pour une utilisation optimale, veuillez vous r\u00e9f\u00e9rer \u00e0 notre aper\u00e7u de <a href=\"https:\/\/www.stihl.it\/it\/tecnologia-stihl\/carica-batteria-stihl\/compatibilita-batterie\">la compatibilit\u00e9 des batteries<\/a>.<\/p>\n<\/div>\n<p>&nbsp;<\/p>\n<p>&nbsp;<\/p>\n<table data-test-id=\"pdp-spec-tech-table\">\n<tbody>\n<tr>\n<td>Tension nominale<\/td>\n<td>72 V<\/td>\n<\/tr>\n<tr>\nSyst\u00e8me <\/p>\n<td>de batterie<\/td>\n<td>AP<\/td>\n<\/tr>\n<tr>\n<td>Batterie recommand\u00e9e<\/td>\n<td>AP 500 S<\/td>\n<\/tr>\n<tr>\n<td>Poids de l\u2019appareil sans batterie<\/td>\n<td>10,5 kg<\/td>\n<\/tr>\n<tr>\n<td>Indice IP<\/td>\n<td>Norme IPX4<\/td>\n<\/tr>\n<tr>\n<td>Vitesse max. de l\u2019air avec<\/td>\n<p> buse ronde <\/p>\n<td>113 m\/s<\/td>\n<\/tr>\n<tr>\n<td>Vitesse max. de l\u2019air avec<\/td>\n<p> buse ronde <\/p>\n<td>253 mi\/h<\/td>\n<\/tr>\n<tr>\n<td>Flux d\u2019air avec<\/td>\n<p> buse ronde <\/p>\n<td>1500 m\u00b3\/h<\/td>\n<\/tr>\n<tr>\nAutonomie de la batterie <\/p>\n<td>AP 200<\/td>\n<td>Dur\u00e9e : 12 minutes<\/td>\n<\/tr>\n<tr>\n<td>Dur\u00e9e de fonctionnement maximale de la batterie AP 200<\/td>\n<td>Dur\u00e9e : 18 minutes<\/td>\n<\/tr>\n<tr>\n<td>Dur\u00e9e de fonctionnement minimale de la batterie AP 200 S<\/td>\n<td>Dur\u00e9e : 13 minutes<\/td>\n<\/tr>\n<tr>\n<td>Dur\u00e9e de fonctionnement maximale de la batterie AP 200 S<\/td>\n<td>Dur\u00e9e : 19 minutes<\/td>\n<\/tr>\n<tr>\n<td>Dur\u00e9e de fonctionnement minimale de la batterie AP 300<\/td>\n<td>Dur\u00e9e : 12 minutes<\/td>\n<\/tr>\n<tr>\n<td>Dur\u00e9e de fonctionnement maximale de la batterie AP 300<\/td>\n<td>Dur\u00e9e : 23 minutes<\/td>\n<\/tr>\n<tr>\n<td>Dur\u00e9e de fonctionnement minimale de la batterie AP 300 S<\/td>\n<td>Dur\u00e9e : 15 minutes<\/td>\n<\/tr>\n<tr>\n<td>Dur\u00e9e de fonctionnement maximale de la batterie AP 300 S<\/td>\n<td>Dur\u00e9e : 29 minutes<\/td>\n<\/tr>\n<tr>\n<td>Dur\u00e9e de fonctionnement minimale de la batterie AP 500 S<\/td>\n<td>Dur\u00e9e : 18 minutes<\/td>\n<\/tr>\n<tr>\n<td>Dur\u00e9e de fonctionnement maximale de la batterie AP 500 S<\/td>\n<td>Dur\u00e9e : 34 minutes<\/td>\n<\/tr>\n<tr>\nNiveau <\/p>\n<td>de pression acoustique<\/td>\n<td>85 dB(A)<\/td>\n<\/tr>\n<tr>\n<td>Niveau de pression acoustique \u00e0<\/td>\n<p> 15 m<\/p>\n<td>64 dB(A)<\/td>\n<\/tr>\n<tr>\nNiveau <\/p>\n<td>de puissance<\/td>\n<p> acoustique<\/p>\n<td>95 dB(A)<\/td>\n<\/tr>\n<tr>\n<td>Valeur vibratoire<\/td>\n<p> droite <\/p>\n<td>0,2 m\/m\u00b2<\/td>\n<\/tr>\n<\/tbody>\n<\/table>\n","protected":false},"excerpt":{"rendered":"<p>Puissance de soufflage exceptionnelle pour un nettoyage silencieux et efficace Le puissant souffleur sans fil dorsal STIHL BRA 600 est<\/p>\n","protected":false},"featured_media":499165,"template":"","meta":{"_seopress_robots_primary_cat":"","_seopress_titles_title":"","_seopress_titles_desc":"","_seopress_robots_index":""},"product_brand":[3366],"product_cat":[29,485,489],"product_tag":[],"class_list":{"0":"post-499168","1":"product","2":"type-product","3":"status-publish","4":"has-post-thumbnail","6":"product_brand-stihl","7":"product_cat-macchinari","8":"product_cat-soffiatori-e-aspiratori","9":"product_cat-soffiatori-a-batteria","10":"sws-gruppo-macchinari-fr","11":"sws-conto-ricavi-merci-rivendita-macchinari-fr","12":"sws-gruppo-iva-iva81-fr","14":"first","15":"instock","16":"shipping-taxable","17":"purchasable","18":"product-type-simple"},"_links":{"self":[{"href":"https:\/\/lucacastelli.com\/fr\/wp-json\/wp\/v2\/product\/499168","targetHints":{"allow":["GET"]}}],"collection":[{"href":"https:\/\/lucacastelli.com\/fr\/wp-json\/wp\/v2\/product"}],"about":[{"href":"https:\/\/lucacastelli.com\/fr\/wp-json\/wp\/v2\/types\/product"}],"wp:featuredmedia":[{"embeddable":true,"href":"https:\/\/lucacastelli.com\/fr\/wp-json\/wp\/v2\/media\/499165"}],"wp:attachment":[{"href":"https:\/\/lucacastelli.com\/fr\/wp-json\/wp\/v2\/media?parent=499168"}],"wp:term":[{"taxonomy":"product_brand","embeddable":true,"href":"https:\/\/lucacastelli.com\/fr\/wp-json\/wp\/v2\/product_brand?post=499168"},{"taxonomy":"product_cat","embeddable":true,"href":"https:\/\/lucacastelli.com\/fr\/wp-json\/wp\/v2\/product_cat?post=499168"},{"taxonomy":"product_tag","embeddable":true,"href":"https:\/\/lucacastelli.com\/fr\/wp-json\/wp\/v2\/product_tag?post=499168"}],"curies":[{"name":"wp","href":"https:\/\/api.w.org\/{rel}","templated":true}]}}