{"id":499132,"date":"2025-07-17T13:56:41","date_gmt":"2025-07-17T11:56:41","guid":{"rendered":"https:\/\/lucacastelli.com\/prodotto\/stihl-bocchetta-piatta-2\/"},"modified":"2026-02-08T21:51:15","modified_gmt":"2026-02-08T20:51:15","slug":"stihl-bocchetta-piatta-2","status":"publish","type":"product","link":"https:\/\/lucacastelli.com\/fr\/produit\/stihl-bocchetta-piatta-2\/","title":{"rendered":"STIHL Bocchetta piatta"},"content":{"rendered":"<p>Permet de travailler de grandes surfaces gr\u00e2ce au jet d&#8217;air \u00e9largi parall\u00e8le au sol.<\/p>\n<p>Forme : courb\u00e9e<\/p>\n<p>Convient pour BR 700 et BR 800<\/p>\n","protected":false},"excerpt":{"rendered":"<p>Permet de travailler de grandes surfaces gr\u00e2ce au jet d&#8217;air \u00e9largi parall\u00e8le au sol. Forme : courb\u00e9e Convient pour BR<\/p>\n","protected":false},"featured_media":499125,"template":"","meta":{"_seopress_robots_primary_cat":"","_seopress_titles_title":"","_seopress_titles_desc":"","_seopress_robots_index":""},"product_brand":[3366],"product_cat":[29,485,490],"product_tag":[],"class_list":{"0":"post-499132","1":"product","2":"type-product","3":"status-publish","4":"has-post-thumbnail","6":"product_brand-stihl","7":"product_cat-macchinari","8":"product_cat-soffiatori-e-aspiratori","9":"product_cat-accessori-e-materiale-di-consumo-soffiatori-e-aspiratori","11":"first","12":"onbackorder","13":"shipping-taxable","14":"purchasable","15":"product-type-simple"},"_links":{"self":[{"href":"https:\/\/lucacastelli.com\/fr\/wp-json\/wp\/v2\/product\/499132","targetHints":{"allow":["GET"]}}],"collection":[{"href":"https:\/\/lucacastelli.com\/fr\/wp-json\/wp\/v2\/product"}],"about":[{"href":"https:\/\/lucacastelli.com\/fr\/wp-json\/wp\/v2\/types\/product"}],"wp:featuredmedia":[{"embeddable":true,"href":"https:\/\/lucacastelli.com\/fr\/wp-json\/wp\/v2\/media\/499125"}],"wp:attachment":[{"href":"https:\/\/lucacastelli.com\/fr\/wp-json\/wp\/v2\/media?parent=499132"}],"wp:term":[{"taxonomy":"product_brand","embeddable":true,"href":"https:\/\/lucacastelli.com\/fr\/wp-json\/wp\/v2\/product_brand?post=499132"},{"taxonomy":"product_cat","embeddable":true,"href":"https:\/\/lucacastelli.com\/fr\/wp-json\/wp\/v2\/product_cat?post=499132"},{"taxonomy":"product_tag","embeddable":true,"href":"https:\/\/lucacastelli.com\/fr\/wp-json\/wp\/v2\/product_tag?post=499132"}],"curies":[{"name":"wp","href":"https:\/\/api.w.org\/{rel}","templated":true}]}}