{"id":499104,"date":"2025-07-17T13:56:13","date_gmt":"2025-07-17T11:56:13","guid":{"rendered":"https:\/\/lucacastelli.com\/prodotto\/stihl-motomix-3\/"},"modified":"2026-03-02T09:32:26","modified_gmt":"2026-03-02T08:32:26","slug":"stihl-motomix-3","status":"publish","type":"product","link":"https:\/\/lucacastelli.com\/fr\/produit\/stihl-motomix-3\/","title":{"rendered":"STIHL MOTOMIX"},"content":{"rendered":"<p>Carburant pr\u00e9m\u00e9lang\u00e9 (1:50) pour moteurs STIHL 2 temps, performances optimales, excellentes prestations au d\u00e9marrage \u00e0 froid, allumage maximal \u00e0 tous les r\u00e9gimes, fonctionnement irr\u00e9prochable m\u00eame en cas d&#8217;augmentation\/r\u00e9duction soudaine du r\u00e9gime. Huile Premium STIHL HP Ultra pour une excellente lubrification du moteur et un nettoyage optimal. Enti\u00e8rement synth\u00e9tique et biod\u00e9gradable pour des performances sup\u00e9rieures et une dur\u00e9e de vie prolong\u00e9e. Ne contient pas d&#8217;\u00e9thanol, pratiquement exempt d&#8217;ol\u00e9fines et de compos\u00e9s aromatiques. Les \u00e9missions r\u00e9duites en font un produit non nocif pour l&#8217;homme et pour le moteur. Excellente capacit\u00e9 de conservation jusqu&#8217;\u00e0 5 ans \u2460. Performances fiables en une seule solution. Les moteurs 2 temps STIHL et STIHL MotoMix sont en parfaite harmonie et ont \u00e9t\u00e9 soumis \u00e0 des dizaines de tests pour les usages les plus vari\u00e9s.       <\/p>\n","protected":false},"excerpt":{"rendered":"<p>Carburant pr\u00e9m\u00e9lang\u00e9 (1:50) pour moteurs STIHL 2 temps, performances optimales, excellentes prestations au d\u00e9marrage \u00e0 froid, allumage maximal \u00e0 tous<\/p>\n","protected":false},"featured_media":499087,"template":"","meta":{"_seopress_robots_primary_cat":"","_seopress_titles_title":"STIHL Motomix : Meilleur Prix et Disponibilit\u00e9 Imm\u00e9diate | Lucacastelli","_seopress_titles_desc":"","_seopress_robots_index":""},"product_brand":[3555],"product_cat":[1435,1441],"product_tag":[],"class_list":{"0":"post-499104","1":"product","2":"type-product","3":"status-publish","4":"has-post-thumbnail","6":"product_brand-stihl-fr","7":"product_cat-carburants-et-huiles","8":"product_cat-carburants","10":"first","11":"onbackorder","12":"shipping-taxable","13":"purchasable","14":"product-type-variable"},"_links":{"self":[{"href":"https:\/\/lucacastelli.com\/fr\/wp-json\/wp\/v2\/product\/499104","targetHints":{"allow":["GET"]}}],"collection":[{"href":"https:\/\/lucacastelli.com\/fr\/wp-json\/wp\/v2\/product"}],"about":[{"href":"https:\/\/lucacastelli.com\/fr\/wp-json\/wp\/v2\/types\/product"}],"wp:featuredmedia":[{"embeddable":true,"href":"https:\/\/lucacastelli.com\/fr\/wp-json\/wp\/v2\/media\/499087"}],"wp:attachment":[{"href":"https:\/\/lucacastelli.com\/fr\/wp-json\/wp\/v2\/media?parent=499104"}],"wp:term":[{"taxonomy":"product_brand","embeddable":true,"href":"https:\/\/lucacastelli.com\/fr\/wp-json\/wp\/v2\/product_brand?post=499104"},{"taxonomy":"product_cat","embeddable":true,"href":"https:\/\/lucacastelli.com\/fr\/wp-json\/wp\/v2\/product_cat?post=499104"},{"taxonomy":"product_tag","embeddable":true,"href":"https:\/\/lucacastelli.com\/fr\/wp-json\/wp\/v2\/product_tag?post=499104"}],"curies":[{"name":"wp","href":"https:\/\/api.w.org\/{rel}","templated":true}]}}