{"id":496819,"date":"2025-07-17T20:17:54","date_gmt":"2025-07-17T18:17:54","guid":{"rendered":"https:\/\/lucacastelli.com\/?post_type=product&#038;p=496819"},"modified":"2025-12-30T05:36:41","modified_gmt":"2025-12-30T04:36:41","slug":"milwaukee-faro-a-lanterna-m12","status":"publish","type":"product","link":"https:\/\/lucacastelli.com\/fr\/produit\/milwaukee-faro-a-lanterna-m12\/","title":{"rendered":"MILWAUKEE Faro a lanterna M12\u2122"},"content":{"rendered":"<p>L&#8217;illuminazione professionale MILWAUKEE\u00ae TRUEVIEW\u2122 consente una grande visiblit\u00e0 dei dettagli ed una fedele rappresentazione dei colori. in pi\u00f9 riduce i riflessi e le ombre;Fascio di luce orientabile da 180\u00b0 a 360\u00b0 &#8211; consente all&#8217; utilizzatore di passare da un&#8217;illuminazione puntuale ad un&#8217;illuminazione diffusa;Grandi prestazioni &#8211; Oltre 400 lumen per illuminare grandi superfici;Presa USB per la ricarica di apparecchiature elettroniche come smartphone e tablet;Robusta costruzione per resistere alle condizioni pi\u00f9 gravose;4 impostazioni di luminosit\u00e0 &#8211; 400 Lumen alla massima luminosit\u00e0, 200 Lumen alla luminosit\u00e0 intermedia e 40 Lumen al livello pi\u00f9 basso;Fino a 8 ore di autonomia con la batteria 12V M12\u2122 REDLITHIUM\u2122 da 4.0 Ah alla massima luminosit\u00e0;2 ganci per appendere la lanterna;Classe di protezione IP24;Funziona con tuttele batterie M12\u2122MILWAUKEE\u00ae<\/p>\n","protected":false},"excerpt":{"rendered":"<p>L&#8217;illuminazione professionale MILWAUKEE\u00ae TRUEVIEW\u2122 consente una grande visiblit\u00e0 dei dettagli ed una fedele rappresentazione dei colori. in pi\u00f9 riduce i<\/p>\n","protected":false},"featured_media":496820,"template":"","meta":{"_seopress_robots_primary_cat":"","_seopress_titles_title":"","_seopress_titles_desc":"","_seopress_robots_index":""},"product_brand":[3407],"product_cat":[29,549,550],"product_tag":[3270],"class_list":{"0":"post-496819","1":"product","2":"type-product","3":"status-publish","4":"has-post-thumbnail","6":"product_brand-milwaukee","7":"product_cat-macchinari","8":"product_cat-trapani-e-avvitatori","9":"product_cat-accessori-per-trapani-ed-avvitatori","10":"product_tag-import-milwau","11":"sws-gruppo-macchinari","12":"sws-conto-ricavi-merci-rivendita-macchinari","13":"sws-gruppo-iva-iva81","15":"first","16":"onbackorder","17":"sale","18":"shipping-taxable","19":"purchasable","20":"product-type-simple"},"_links":{"self":[{"href":"https:\/\/lucacastelli.com\/fr\/wp-json\/wp\/v2\/product\/496819","targetHints":{"allow":["GET"]}}],"collection":[{"href":"https:\/\/lucacastelli.com\/fr\/wp-json\/wp\/v2\/product"}],"about":[{"href":"https:\/\/lucacastelli.com\/fr\/wp-json\/wp\/v2\/types\/product"}],"wp:featuredmedia":[{"embeddable":true,"href":"https:\/\/lucacastelli.com\/fr\/wp-json\/wp\/v2\/media\/496820"}],"wp:attachment":[{"href":"https:\/\/lucacastelli.com\/fr\/wp-json\/wp\/v2\/media?parent=496819"}],"wp:term":[{"taxonomy":"product_brand","embeddable":true,"href":"https:\/\/lucacastelli.com\/fr\/wp-json\/wp\/v2\/product_brand?post=496819"},{"taxonomy":"product_cat","embeddable":true,"href":"https:\/\/lucacastelli.com\/fr\/wp-json\/wp\/v2\/product_cat?post=496819"},{"taxonomy":"product_tag","embeddable":true,"href":"https:\/\/lucacastelli.com\/fr\/wp-json\/wp\/v2\/product_tag?post=496819"}],"curies":[{"name":"wp","href":"https:\/\/api.w.org\/{rel}","templated":true}]}}