{"id":488366,"date":"2025-07-12T17:48:39","date_gmt":"2025-07-12T15:48:39","guid":{"rendered":"https:\/\/lucacastelli.com\/?post_type=product&#038;p=488366"},"modified":"2025-07-12T17:48:41","modified_gmt":"2025-07-12T15:48:41","slug":"milwaukee-lame-de-scie-droite","status":"publish","type":"product","link":"https:\/\/lucacastelli.com\/fr\/produit\/milwaukee-lame-de-scie-droite\/","title":{"rendered":"MILWAUKEE Lame de scie droite"},"content":{"rendered":"<p>Les dents \u00e0 pointe en carbure garantissent une plus grande durabilit\u00e9 dans les applications lourdes. Jusqu\u2019\u00e0 50 fois plus durable que les lames bim\u00e9talliques ; Corps robuste de 1,27 mm d\u2019\u00e9paisseur pour des coupes droites pr\u00e9cises ; Hauteur de lame de 25 mm pour une stabilit\u00e9 maximale et des vibrations r\u00e9duites <\/p>\n","protected":false},"excerpt":{"rendered":"<p>Les dents \u00e0 pointe en carbure garantissent une plus grande durabilit\u00e9 dans les applications lourdes. Jusqu\u2019\u00e0 50 fois plus durable<\/p>\n","protected":false},"featured_media":0,"template":"","meta":{"_seopress_robots_primary_cat":"","_seopress_titles_title":"","_seopress_titles_desc":"","_seopress_robots_index":""},"product_brand":[3407],"product_cat":[29,558],"product_tag":[3270],"class_list":{"0":"post-488366","1":"product","2":"type-product","3":"status-publish","5":"product_brand-milwaukee","6":"product_cat-macchinari","7":"product_cat-seghe-accessori-vari","8":"product_tag-import-milwau","9":"sws-gruppo-macchinari-fr","10":"sws-conto-ricavi-merci-rivendita-macchinari-fr","11":"sws-gruppo-iva-iva81-fr","13":"first","14":"instock","15":"sale","16":"shipping-taxable","17":"purchasable","18":"product-type-simple"},"_links":{"self":[{"href":"https:\/\/lucacastelli.com\/fr\/wp-json\/wp\/v2\/product\/488366","targetHints":{"allow":["GET"]}}],"collection":[{"href":"https:\/\/lucacastelli.com\/fr\/wp-json\/wp\/v2\/product"}],"about":[{"href":"https:\/\/lucacastelli.com\/fr\/wp-json\/wp\/v2\/types\/product"}],"wp:attachment":[{"href":"https:\/\/lucacastelli.com\/fr\/wp-json\/wp\/v2\/media?parent=488366"}],"wp:term":[{"taxonomy":"product_brand","embeddable":true,"href":"https:\/\/lucacastelli.com\/fr\/wp-json\/wp\/v2\/product_brand?post=488366"},{"taxonomy":"product_cat","embeddable":true,"href":"https:\/\/lucacastelli.com\/fr\/wp-json\/wp\/v2\/product_cat?post=488366"},{"taxonomy":"product_tag","embeddable":true,"href":"https:\/\/lucacastelli.com\/fr\/wp-json\/wp\/v2\/product_tag?post=488366"}],"curies":[{"name":"wp","href":"https:\/\/api.w.org\/{rel}","templated":true}]}}