{"id":488352,"date":"2025-07-09T09:26:05","date_gmt":"2025-07-09T07:26:05","guid":{"rendered":"https:\/\/lucacastelli.com\/prodotto\/mandrin-sans-cle-milwaukee\/"},"modified":"2025-07-09T09:26:05","modified_gmt":"2025-07-09T07:26:05","slug":"mandrin-sans-cle-milwaukee","status":"publish","type":"product","link":"https:\/\/lucacastelli.com\/fr\/produit\/mandrin-sans-cle-milwaukee\/","title":{"rendered":"Mandrin sans cl\u00e9 MILWAUKEE"},"content":{"rendered":"<p>Mandrin d\u2019accouplement \u00e0 cuiseur avec une grande pr\u00e9cision de concentricit\u00e9 pour les forets ; Le mandrin \u00e0 tension rapide est tendu sans effort avec la main ; Les mandrins de per\u00e7age sont utilis\u00e9s pour loger des perceuses et d\u2019autres outils&nbsp;; Convient pour la perceuse HDE13 RQX<\/p>\n","protected":false},"excerpt":{"rendered":"<p>Mandrin d\u2019accouplement \u00e0 cuiseur avec une grande pr\u00e9cision de concentricit\u00e9 pour les forets ; Le mandrin \u00e0 tension rapide est<\/p>\n","protected":false},"featured_media":431721,"template":"","meta":{"_seopress_robots_primary_cat":"","_seopress_titles_title":"","_seopress_titles_desc":"","_seopress_robots_index":""},"product_brand":[3658],"product_cat":[1555,167,1552],"product_tag":[3273],"class_list":{"0":"post-488352","1":"product","2":"type-product","3":"status-publish","4":"has-post-thumbnail","6":"product_brand-milwaukee-fr","7":"product_cat-accessoires-pour-perceuses-et-tournevis","8":"product_cat-machines","9":"product_cat-perceuses-et-tournevis","10":"product_tag-import-milwau-fr","11":"sws-gruppo-macchinari-fr","12":"sws-conto-ricavi-merci-rivendita-macchinari-fr","13":"sws-gruppo-iva-iva81-fr","15":"first","16":"instock","17":"sale","18":"shipping-taxable","19":"purchasable","20":"product-type-simple"},"_links":{"self":[{"href":"https:\/\/lucacastelli.com\/fr\/wp-json\/wp\/v2\/product\/488352","targetHints":{"allow":["GET"]}}],"collection":[{"href":"https:\/\/lucacastelli.com\/fr\/wp-json\/wp\/v2\/product"}],"about":[{"href":"https:\/\/lucacastelli.com\/fr\/wp-json\/wp\/v2\/types\/product"}],"wp:featuredmedia":[{"embeddable":true,"href":"https:\/\/lucacastelli.com\/fr\/wp-json\/wp\/v2\/media\/431721"}],"wp:attachment":[{"href":"https:\/\/lucacastelli.com\/fr\/wp-json\/wp\/v2\/media?parent=488352"}],"wp:term":[{"taxonomy":"product_brand","embeddable":true,"href":"https:\/\/lucacastelli.com\/fr\/wp-json\/wp\/v2\/product_brand?post=488352"},{"taxonomy":"product_cat","embeddable":true,"href":"https:\/\/lucacastelli.com\/fr\/wp-json\/wp\/v2\/product_cat?post=488352"},{"taxonomy":"product_tag","embeddable":true,"href":"https:\/\/lucacastelli.com\/fr\/wp-json\/wp\/v2\/product_tag?post=488352"}],"curies":[{"name":"wp","href":"https:\/\/api.w.org\/{rel}","templated":true}]}}