{"id":487820,"date":"2025-07-10T11:24:18","date_gmt":"2025-07-10T09:24:18","guid":{"rendered":"https:\/\/lucacastelli.com\/prodotto\/pfanner-gladiator-hosentrager-2\/"},"modified":"2026-04-16T01:03:51","modified_gmt":"2026-04-15T23:03:51","slug":"pfanner-gladiator-hosentrager-2","status":"publish","type":"product","link":"https:\/\/lucacastelli.com\/fr\/produit\/pfanner-gladiator-hosentrager-2\/","title":{"rendered":"Bretelles PFANNER Gladiator"},"content":{"rendered":"<p>Bretelles \u00e9lastiques, r\u00e9glables en longueur par une fermeture velcro robuste et large, adapt\u00e9es aux mod\u00e8les GLADIATOR et KEVLAR EXTREM.<\/p>\n<p>Mati\u00e8re : 53 % polyester \/ 36 % polyamide \/ 11 % \u00e9lasthanne<\/p>\n<p>couleur : noir<\/p>\n<p>Tailles : 1 (jusqu\u2019\u00e0 180 cm de taille), 2 (\u00e0 partir de 180 cm de taille)<\/p>\n","protected":false},"excerpt":{"rendered":"<p>Bretelles \u00e9lastiques, r\u00e9glables en longueur par une fermeture velcro robuste et large, adapt\u00e9es aux mod\u00e8les GLADIATOR et KEVLAR EXTREM. Mati\u00e8re<\/p>\n","protected":false},"featured_media":487815,"template":"","meta":{"_seopress_robots_primary_cat":"none","_seopress_titles_title":"","_seopress_titles_desc":"","_seopress_robots_index":""},"product_brand":[3669],"product_cat":[1390,81],"product_tag":[],"class_list":{"0":"post-487820","1":"product","2":"type-product","3":"status-publish","4":"has-post-thumbnail","6":"product_brand-pfanner-fr","7":"product_cat-accessoires-dhabillement","8":"product_cat-vetements","9":"sws-gruppo-no-gruppo-fr","10":"sws-conto-ricavi-merci-rivendita-abbigliamento-fr","11":"sws-gruppo-iva-iva81-fr","13":"first","14":"instock","15":"shipping-taxable","16":"purchasable","17":"product-type-variable","18":"has-default-attributes"},"_links":{"self":[{"href":"https:\/\/lucacastelli.com\/fr\/wp-json\/wp\/v2\/product\/487820","targetHints":{"allow":["GET"]}}],"collection":[{"href":"https:\/\/lucacastelli.com\/fr\/wp-json\/wp\/v2\/product"}],"about":[{"href":"https:\/\/lucacastelli.com\/fr\/wp-json\/wp\/v2\/types\/product"}],"wp:featuredmedia":[{"embeddable":true,"href":"https:\/\/lucacastelli.com\/fr\/wp-json\/wp\/v2\/media\/487815"}],"wp:attachment":[{"href":"https:\/\/lucacastelli.com\/fr\/wp-json\/wp\/v2\/media?parent=487820"}],"wp:term":[{"taxonomy":"product_brand","embeddable":true,"href":"https:\/\/lucacastelli.com\/fr\/wp-json\/wp\/v2\/product_brand?post=487820"},{"taxonomy":"product_cat","embeddable":true,"href":"https:\/\/lucacastelli.com\/fr\/wp-json\/wp\/v2\/product_cat?post=487820"},{"taxonomy":"product_tag","embeddable":true,"href":"https:\/\/lucacastelli.com\/fr\/wp-json\/wp\/v2\/product_tag?post=487820"}],"curies":[{"name":"wp","href":"https:\/\/api.w.org\/{rel}","templated":true}]}}