{"id":486724,"date":"2025-07-08T14:51:19","date_gmt":"2025-07-08T12:51:19","guid":{"rendered":"https:\/\/lucacastelli.com\/prodotto\/scarpa-mojito-bio-woman-2\/"},"modified":"2026-04-14T03:11:22","modified_gmt":"2026-04-14T01:11:22","slug":"scarpa-mojito-bio-woman-2","status":"publish","type":"product","link":"https:\/\/lucacastelli.com\/fr\/produit\/scarpa-mojito-bio-woman-2\/","title":{"rendered":"SCARPA Mojito Bio Woman"},"content":{"rendered":"<p>MOJITO BIO est le premier produit SCARPA 100% biod\u00e9gradable. En effet, les mat\u00e9riaux qui le composent ont \u00e9t\u00e9 modifi\u00e9s par rapport aux mat\u00e9riaux conventionnels pour les rendre plus facilement d\u00e9composables par les bact\u00e9ries et autres micro-organismes naturels. La certification Green Leaf d&#8217;Intertek a attest\u00e9 qu&#8217;apr\u00e8s 45 jours dans les conditions contr\u00f4l\u00e9es de la norme ASTM D5511, le pourcentage de biod\u00e9gradation des mat\u00e9riaux de la semelle, de la bande de roulement et de la tige est compris entre 6% et 8%.<br \/>\nMade in Asolo (Italy)<\/p>\n<p>TIGE<br \/>\nR\u00e9alis\u00e9e en PET fil\u00e9 avec technologie knit, sans d\u00e9chets de production. Cette chaussure a \u00e9t\u00e9 fabriqu\u00e9e avec les technologies les plus avanc\u00e9es dans le traitement des mat\u00e9riaux biod\u00e9gradables. Cela fait qu&#8217;au terme du processus de d\u00e9composition, il ne reste aucune trace de plastique dans l&#8217;environnement. L&#8217;emballage est r\u00e9alis\u00e9 avec des papiers certifi\u00e9s FSC.   <\/p>\n<p>LA\u00c7AGE<br \/>\nExtended Lacing \u00e9tendu jusqu&#8217;\u00e0 la pointe, d&#8217;origine escalade, pour une personnalisation et un confort de chaussant maximaux.<\/p>\n<p>SEMELLE<br \/>\nSemelle Presa\u00ae URB-01 r\u00e9alis\u00e9e en deux composants. Semelle interm\u00e9diaire en EVA biod\u00e9gradable \u00e0 densit\u00e9 moyenne pour une stabilit\u00e9 maximale. La bande de roulement est r\u00e9alis\u00e9e avec un m\u00e9lange biod\u00e9gradable, qui inclut du caoutchouc naturel. Elle se caract\u00e9rise par une excellente adh\u00e9rence et une durabilit\u00e9 comparable au caoutchouc synth\u00e9tique.   <\/p>\n","protected":false},"excerpt":{"rendered":"<p>MOJITO BIO est le premier produit SCARPA 100% biod\u00e9gradable. En effet, les mat\u00e9riaux qui le composent ont \u00e9t\u00e9 modifi\u00e9s par<\/p>\n","protected":false},"featured_media":486707,"template":"","meta":{"_seopress_robots_primary_cat":"none","_seopress_titles_title":"","_seopress_titles_desc":"","_seopress_robots_index":""},"product_brand":[4719],"product_cat":[173,1420,1429],"product_tag":[],"class_list":{"0":"post-486724","1":"product","2":"type-product","3":"status-publish","4":"has-post-thumbnail","6":"product_brand-scarpa-fr","7":"product_cat-chaussures","8":"product_cat-chaussures-de-loisirs","9":"product_cat-chaussures-pour-femmes","11":"first","12":"instock","13":"shipping-taxable","14":"purchasable","15":"product-type-variable"},"_links":{"self":[{"href":"https:\/\/lucacastelli.com\/fr\/wp-json\/wp\/v2\/product\/486724","targetHints":{"allow":["GET"]}}],"collection":[{"href":"https:\/\/lucacastelli.com\/fr\/wp-json\/wp\/v2\/product"}],"about":[{"href":"https:\/\/lucacastelli.com\/fr\/wp-json\/wp\/v2\/types\/product"}],"wp:featuredmedia":[{"embeddable":true,"href":"https:\/\/lucacastelli.com\/fr\/wp-json\/wp\/v2\/media\/486707"}],"wp:attachment":[{"href":"https:\/\/lucacastelli.com\/fr\/wp-json\/wp\/v2\/media?parent=486724"}],"wp:term":[{"taxonomy":"product_brand","embeddable":true,"href":"https:\/\/lucacastelli.com\/fr\/wp-json\/wp\/v2\/product_brand?post=486724"},{"taxonomy":"product_cat","embeddable":true,"href":"https:\/\/lucacastelli.com\/fr\/wp-json\/wp\/v2\/product_cat?post=486724"},{"taxonomy":"product_tag","embeddable":true,"href":"https:\/\/lucacastelli.com\/fr\/wp-json\/wp\/v2\/product_tag?post=486724"}],"curies":[{"name":"wp","href":"https:\/\/api.w.org\/{rel}","templated":true}]}}