{"id":482363,"date":"2025-07-01T09:57:25","date_gmt":"2025-07-01T07:57:25","guid":{"rendered":"https:\/\/lucacastelli.com\/prodotto\/t-shirt-homme-os-trachten\/"},"modified":"2025-07-01T09:57:25","modified_gmt":"2025-07-01T07:57:25","slug":"t-shirt-homme-os-trachten","status":"publish","type":"product","link":"https:\/\/lucacastelli.com\/fr\/produit\/t-shirt-homme-os-trachten\/","title":{"rendered":"T-Shirt Homme OS-Trachten"},"content":{"rendered":"<p>Faites une d\u00e9claration visible.<br \/>\nLe t-shirt pour homme OS-Trachten \u00e0 encolure ronde a une coupe tr\u00e8s confortable gr\u00e2ce \u00e0 sa coupe droite et longue.<br \/>\nM\u00eame dans le secteur de la chasse, les t-shirts avec des imprim\u00e9s ou des \u00e9critures sur le th\u00e8me de la chasse sont de plus en plus populaires. Le t-shirt pour homme OS Trachten est orn\u00e9 d\u2019un grand imprim\u00e9 d\u2019un cerf et du mot \u00ab bockig \u00bb (t\u00eatu) sur le devant. L\u2019ourlet a de petites fentes des deux c\u00f4t\u00e9s.  <\/p>\n","protected":false},"excerpt":{"rendered":"<p>Faites une d\u00e9claration visible. Le t-shirt pour homme OS-Trachten \u00e0 encolure ronde a une coupe tr\u00e8s confortable gr\u00e2ce \u00e0 sa<\/p>\n","protected":false},"featured_media":481689,"template":"","meta":{"_seopress_robots_primary_cat":"","_seopress_titles_title":"","_seopress_titles_desc":"","_seopress_robots_index":""},"product_brand":[4257],"product_cat":[81,981,982],"product_tag":[],"class_list":{"0":"post-482363","1":"product","2":"type-product","3":"status-publish","4":"has-post-thumbnail","6":"product_brand-os-trachten-fr","7":"product_cat-vetements","8":"product_cat-vetements-de-loisirs","9":"product_cat-vetements-pour-hommes","10":"sws-gruppo-abb-libero-fr","11":"sws-conto-ricavi-merci-rivendita-abbigliamento-fr","12":"sws-gruppo-iva-iva81-fr","14":"first","15":"instock","16":"shipping-taxable","17":"purchasable","18":"product-type-variable"},"_links":{"self":[{"href":"https:\/\/lucacastelli.com\/fr\/wp-json\/wp\/v2\/product\/482363","targetHints":{"allow":["GET"]}}],"collection":[{"href":"https:\/\/lucacastelli.com\/fr\/wp-json\/wp\/v2\/product"}],"about":[{"href":"https:\/\/lucacastelli.com\/fr\/wp-json\/wp\/v2\/types\/product"}],"wp:featuredmedia":[{"embeddable":true,"href":"https:\/\/lucacastelli.com\/fr\/wp-json\/wp\/v2\/media\/481689"}],"wp:attachment":[{"href":"https:\/\/lucacastelli.com\/fr\/wp-json\/wp\/v2\/media?parent=482363"}],"wp:term":[{"taxonomy":"product_brand","embeddable":true,"href":"https:\/\/lucacastelli.com\/fr\/wp-json\/wp\/v2\/product_brand?post=482363"},{"taxonomy":"product_cat","embeddable":true,"href":"https:\/\/lucacastelli.com\/fr\/wp-json\/wp\/v2\/product_cat?post=482363"},{"taxonomy":"product_tag","embeddable":true,"href":"https:\/\/lucacastelli.com\/fr\/wp-json\/wp\/v2\/product_tag?post=482363"}],"curies":[{"name":"wp","href":"https:\/\/api.w.org\/{rel}","templated":true}]}}