{"id":482357,"date":"2025-07-01T10:15:19","date_gmt":"2025-07-01T08:15:19","guid":{"rendered":"https:\/\/lucacastelli.com\/prodotto\/os-trachten-t-shirt\/"},"modified":"2025-09-02T22:40:58","modified_gmt":"2025-09-02T20:40:58","slug":"os-trachten-t-shirt","status":"publish","type":"product","link":"https:\/\/lucacastelli.com\/fr\/produit\/os-trachten-t-shirt\/","title":{"rendered":"OS-Trachten T-Shirt"},"content":{"rendered":"<p>Affrontez l\u2019\u00e9t\u00e9 avec l\u00e9g\u00e8ret\u00e9 et confort avec le t-shirt OS-Trachten. La construction en pur coton conf\u00e8re \u00e0 ce v\u00eatement tous les avantages de cette mati\u00e8re. Le motif stylis\u00e9 en forme de t\u00eate de cerf attire imm\u00e9diatement l\u2019attention.  <\/p>\n<ul>\n<li>Fabriqu\u00e9 en pur coton<\/li>\n<li>Respirable<\/li>\n<li>R\u00e9gulation de la temp\u00e9rature<\/li>\n<li>Coupe confortable<\/li>\n<li>Encolure ronde<\/li>\n<li>Fentes lat\u00e9rales<\/li>\n<li>Grand motif de t\u00eate de cerf sur le devant<\/li>\n<\/ul>\n","protected":false},"excerpt":{"rendered":"<p>Affrontez l\u2019\u00e9t\u00e9 avec l\u00e9g\u00e8ret\u00e9 et confort avec le t-shirt OS-Trachten. La construction en pur coton conf\u00e8re \u00e0 ce v\u00eatement tous<\/p>\n","protected":false},"featured_media":481752,"template":"","meta":{"_seopress_robots_primary_cat":"","_seopress_titles_title":"","_seopress_titles_desc":"","_seopress_robots_index":""},"product_brand":[4257],"product_cat":[81,981,982],"product_tag":[],"class_list":{"0":"post-482357","1":"product","2":"type-product","3":"status-publish","4":"has-post-thumbnail","6":"product_brand-os-trachten-fr","7":"product_cat-vetements","8":"product_cat-vetements-de-loisirs","9":"product_cat-vetements-pour-hommes","10":"sws-gruppo-abb-libero-fr","11":"sws-conto-ricavi-merci-rivendita-abbigliamento-fr","12":"sws-gruppo-iva-iva81-fr","14":"first","15":"instock","16":"shipping-taxable","17":"purchasable","18":"product-type-variable"},"_links":{"self":[{"href":"https:\/\/lucacastelli.com\/fr\/wp-json\/wp\/v2\/product\/482357","targetHints":{"allow":["GET"]}}],"collection":[{"href":"https:\/\/lucacastelli.com\/fr\/wp-json\/wp\/v2\/product"}],"about":[{"href":"https:\/\/lucacastelli.com\/fr\/wp-json\/wp\/v2\/types\/product"}],"wp:featuredmedia":[{"embeddable":true,"href":"https:\/\/lucacastelli.com\/fr\/wp-json\/wp\/v2\/media\/481752"}],"wp:attachment":[{"href":"https:\/\/lucacastelli.com\/fr\/wp-json\/wp\/v2\/media?parent=482357"}],"wp:term":[{"taxonomy":"product_brand","embeddable":true,"href":"https:\/\/lucacastelli.com\/fr\/wp-json\/wp\/v2\/product_brand?post=482357"},{"taxonomy":"product_cat","embeddable":true,"href":"https:\/\/lucacastelli.com\/fr\/wp-json\/wp\/v2\/product_cat?post=482357"},{"taxonomy":"product_tag","embeddable":true,"href":"https:\/\/lucacastelli.com\/fr\/wp-json\/wp\/v2\/product_tag?post=482357"}],"curies":[{"name":"wp","href":"https:\/\/api.w.org\/{rel}","templated":true}]}}