{"id":481769,"date":"2025-07-01T09:28:00","date_gmt":"2025-07-01T07:28:00","guid":{"rendered":"https:\/\/lucacastelli.com\/prodotto\/stihl-chaussures-de-randonnee-advance-gtx-pour-tronconneuse\/"},"modified":"2025-12-01T14:46:20","modified_gmt":"2025-12-01T13:46:20","slug":"stihl-chaussures-de-randonnee-advance-gtx-pour-tronconneuse","status":"publish","type":"product","link":"https:\/\/lucacastelli.com\/fr\/produit\/stihl-chaussures-de-randonnee-advance-gtx-pour-tronconneuse\/","title":{"rendered":"STIHL Chaussures de randonn\u00e9e, ADVANCE GTX, pour tron\u00e7onneuse"},"content":{"rendered":"<p>Semelle professionnelle sp\u00e9ciale avec une excellente adh\u00e9rence. Cuir velours fin imperm\u00e9able. Avec membrane GORE-TEX respirante et hydrofuge. Protection suppl\u00e9mentaire contre l\u2019humidit\u00e9 et l\u2019usure gr\u00e2ce au bord haut en caoutchouc. Semelle int\u00e9rieure amovible et tr\u00e8s absorbante. Convient pour une utilisation professionnelle exigeante \u00e0 la tron\u00e7onneuse sur les pentes et \u00e9galement pour l\u2019entretien des arbres.<br \/>\n886661918218     <\/p>\n<p>Classe de protection contre les coupures Classe de protection contre les coupures<\/p>\n<p>Standard Standard Classe<br \/>\nde protection EPI S2<\/p>\n","protected":false},"excerpt":{"rendered":"<p>Chaussures de randonn\u00e9e, ADVANCE GTX, pour tron\u00e7onneuse, taille 48<\/p>\n","protected":false},"featured_media":438903,"template":"","meta":{"_seopress_robots_primary_cat":"none","_seopress_titles_title":"","_seopress_titles_desc":"","_seopress_robots_index":""},"product_brand":[3555],"product_cat":[173,1423],"product_tag":[3267],"class_list":{"0":"post-481769","1":"product","2":"type-product","3":"status-publish","4":"has-post-thumbnail","6":"product_brand-stihl-fr","7":"product_cat-chaussures","8":"product_cat-chaussures-de-travail","9":"product_tag-import-stihl-fr","11":"first","12":"onbackorder","13":"sale","14":"purchasable","15":"product-type-variable"},"_links":{"self":[{"href":"https:\/\/lucacastelli.com\/fr\/wp-json\/wp\/v2\/product\/481769","targetHints":{"allow":["GET"]}}],"collection":[{"href":"https:\/\/lucacastelli.com\/fr\/wp-json\/wp\/v2\/product"}],"about":[{"href":"https:\/\/lucacastelli.com\/fr\/wp-json\/wp\/v2\/types\/product"}],"wp:featuredmedia":[{"embeddable":true,"href":"https:\/\/lucacastelli.com\/fr\/wp-json\/wp\/v2\/media\/438903"}],"wp:attachment":[{"href":"https:\/\/lucacastelli.com\/fr\/wp-json\/wp\/v2\/media?parent=481769"}],"wp:term":[{"taxonomy":"product_brand","embeddable":true,"href":"https:\/\/lucacastelli.com\/fr\/wp-json\/wp\/v2\/product_brand?post=481769"},{"taxonomy":"product_cat","embeddable":true,"href":"https:\/\/lucacastelli.com\/fr\/wp-json\/wp\/v2\/product_cat?post=481769"},{"taxonomy":"product_tag","embeddable":true,"href":"https:\/\/lucacastelli.com\/fr\/wp-json\/wp\/v2\/product_tag?post=481769"}],"curies":[{"name":"wp","href":"https:\/\/api.w.org\/{rel}","templated":true}]}}