{"id":481491,"date":"2022-07-01T11:47:25","date_gmt":"2022-07-01T09:47:25","guid":{"rendered":"https:\/\/lucacastelli.com\/?post_type=product&#038;p=481491"},"modified":"2025-07-29T11:48:12","modified_gmt":"2025-07-29T09:48:12","slug":"sac-de-sport-petzl","status":"publish","type":"product","link":"https:\/\/lucacastelli.com\/fr\/produit\/sac-de-sport-petzl\/","title":{"rendered":"SAC DE SPORT PETZL"},"content":{"rendered":"<p>Sac de transport de grande capacit\u00e9<\/p>\n<p>Con\u00e7u pour \u00eatre utilis\u00e9 dans tous les moyens de transport, le DUFFEL 85 est un sac ergonomique et confortable qui garantit un volume de 85 litres. Le dos et les bretelles sont rembourr\u00e9s pour assurer le confort lorsqu\u2019ils sont port\u00e9s comme un sac \u00e0 dos. Polyvalent, il permet d\u2019autres possibilit\u00e9s de transport, gr\u00e2ce aux bretelles amovibles. Il dispose d\u2019une grande ouverture qui permet un acc\u00e8s facile au mat\u00e9riel, de deux poches sur le rabat int\u00e9rieur et d\u2019une grande poche lat\u00e9rale pour s\u00e9parer un casque ou des bottes. Une grande surface transparente permet d\u2019identifier rapidement le sac. Il est fabriqu\u00e9 en tissu technique TPU haute r\u00e9sistance pour une utilisation intensive.     <\/p>\n<p>Description d\u00e9taill\u00e9e<br \/>\nSac de transport d\u2019un volume de 85 litres, ergonomique et confortable :<br \/>\n&#8211; dossier et bretelles rembourr\u00e9s et r\u00e9glables pour un transport confortable,<br \/>\n&#8211; deux options de transport, comme sac \u00e0 dos ou \u00e0 l\u2019\u00e9paule,<br \/>\n&#8211; quatre sangles de compression pour optimiser le volume du sac et r\u00e9duire le mouvement du mat\u00e9riel pendant le transport,<br \/>\n&#8211; possibilit\u00e9 de retirer compl\u00e8tement les bretelles,  gr\u00e2ce aux boucles rapides.<br \/>\nAcc\u00e8s facile au mat\u00e9riel :<br \/>\n&#8211; Grande ouverture en forme de D pour une organisation facile du mat\u00e9riel,<br \/>\n&#8211; deux poches dont une avec porte-cl\u00e9s dans le rabat int\u00e9rieur pour ranger documents et effets personnels,<br \/>\n&#8211; Grande poche lat\u00e9rale avec fermeture \u00e9clair pour isoler le casque, les bottes et autres objets du reste du mat\u00e9riel,<br \/>\n&#8211; Zone transparente pour identifier facilement et rapidement le sac,<br \/>\n&#8211; Quatre poign\u00e9es en sangle autour du sac pour une utilisation facile de n\u2019importe quel c\u00f4t\u00e9,<br \/>\n&#8211; Huit sangles de mat\u00e9riau \u00e0 l\u2019int\u00e9rieur du sac,<br \/>\n&#8211; Curseurs verrouillables.<br \/>\nExcellente r\u00e9sistance pour un usage intensif :<br \/>\n &#8211; tissu technique TPU (sans PVC) haute r\u00e9sistance pour une utilisation r\u00e9guli\u00e8re \u00e0 intensive. Le tissu TPU tech r\u00e9siste aux rayons du soleil (la couleur ne s\u2019estompe pas), \u00e0 l\u2019huile, \u00e0 la graisse et aux temp\u00e9ratures \u00e9lev\u00e9es et basses. Il ne contient pas de chlore (inodore) et est recyclable,<br \/>\n&#8211; fond et c\u00f4t\u00e9 noir et soud\u00e9 pour une meilleure r\u00e9sistance \u00e0 l\u2019abrasion et \u00e0 la d\u00e9chirure,<br \/>\n&#8211; bretelles \u00e9quip\u00e9es de boucles de connexion en acier trait\u00e9 anti-corrosion.  <\/p>\n<p>Sp\u00e9cifications<br \/>\nPoids : 1550 g<br \/>\nDimensions : 70 x 40 x 32 cm<br \/>\nCharge utile recommand\u00e9e : 35 kg<br \/>\nCharge maximale : 70 kg<br \/>\nMat\u00e9riaux : TPU (sans PVC), polypropyl\u00e8ne, acier, polyamide<\/p>\n","protected":false},"excerpt":{"rendered":"<p>Sac de transport de grande capacit\u00e9 Con\u00e7u pour \u00eatre utilis\u00e9 dans tous les moyens de transport, le DUFFEL 85 est<\/p>\n","protected":false},"featured_media":73212,"template":"","meta":{"_seopress_robots_primary_cat":"","_seopress_titles_title":"","_seopress_titles_desc":"","_seopress_robots_index":""},"product_brand":[3667],"product_cat":[144,1397,1496,1408,1702],"product_tag":[],"class_list":{"0":"post-481491","1":"product","2":"type-product","3":"status-publish","4":"has-post-thumbnail","6":"product_brand-petzl-fr","7":"product_cat-equipement","8":"product_cat-equipement-de-travail","9":"product_cat-autres-equipements-de-travail","10":"product_cat-equipements-de-loisirs","11":"product_cat-autres","12":"sws-gruppo-abb-libero-fr","13":"sws-conto-ricavi-merci-rivendita-abbigliamento-fr","14":"sws-gruppo-iva-iva81-fr","16":"first","17":"onbackorder","18":"shipping-taxable","19":"purchasable","20":"product-type-variable"},"_links":{"self":[{"href":"https:\/\/lucacastelli.com\/fr\/wp-json\/wp\/v2\/product\/481491","targetHints":{"allow":["GET"]}}],"collection":[{"href":"https:\/\/lucacastelli.com\/fr\/wp-json\/wp\/v2\/product"}],"about":[{"href":"https:\/\/lucacastelli.com\/fr\/wp-json\/wp\/v2\/types\/product"}],"wp:featuredmedia":[{"embeddable":true,"href":"https:\/\/lucacastelli.com\/fr\/wp-json\/wp\/v2\/media\/73212"}],"wp:attachment":[{"href":"https:\/\/lucacastelli.com\/fr\/wp-json\/wp\/v2\/media?parent=481491"}],"wp:term":[{"taxonomy":"product_brand","embeddable":true,"href":"https:\/\/lucacastelli.com\/fr\/wp-json\/wp\/v2\/product_brand?post=481491"},{"taxonomy":"product_cat","embeddable":true,"href":"https:\/\/lucacastelli.com\/fr\/wp-json\/wp\/v2\/product_cat?post=481491"},{"taxonomy":"product_tag","embeddable":true,"href":"https:\/\/lucacastelli.com\/fr\/wp-json\/wp\/v2\/product_tag?post=481491"}],"curies":[{"name":"wp","href":"https:\/\/api.w.org\/{rel}","templated":true}]}}