{"id":481485,"date":"2022-07-01T18:40:54","date_gmt":"2022-07-01T16:40:54","guid":{"rendered":"https:\/\/lucacastelli.com\/prodotto\/petzl-spatha\/"},"modified":"2022-07-01T18:40:54","modified_gmt":"2022-07-01T16:40:54","slug":"petzl-spatha","status":"publish","type":"product","link":"https:\/\/lucacastelli.com\/fr\/produit\/petzl-spatha\/","title":{"rendered":"PETZL SPATHA"},"content":{"rendered":"<p>Couteau \u00e0 clipser<\/p>\n<p>Le couteau SPATHA est con\u00e7u pour accompagner le travailleur en hauteur dans toutes ses activit\u00e9s quotidiennes. Le profil de la lame vous permet de couper facilement des cordes et des cordons. Il dispose d\u2019un trou pour le passage d\u2019un mousqueton et permet d\u2019accrocher facilement le couteau sur le harnais. Facile \u00e0 utiliser m\u00eame avec des gants gr\u00e2ce \u00e0 la molette molet\u00e9e, il dispose \u00e9galement d\u2019une but\u00e9e de s\u00e9curit\u00e9 pour verrouiller la lame en position ouverte.   <\/p>\n<p>Description<\/p>\n<p>Description d\u00e9taill\u00e9e<br \/>\nLame lisse et crant\u00e9e qui vous permet de couper facilement des cordes et des cordons.<br \/>\nTrou pour fixer le couteau au harnais \u00e0 l\u2019aide d\u2019une boucle d\u2019\u00e9quipement CARITOOL ou d\u2019un mousqueton.<br \/>\nDeux fa\u00e7ons d\u2019ouvrir la lame : avec l\u2019encoche de la lame, si vous ouvrez \u00e0 mains nues, ou avec la moletette si vous portez des gants.<br \/>\nLa lame se verrouille en position ouverte au moyen d\u2019une but\u00e9e de s\u00e9curit\u00e9.<br \/>\nLame en acier inoxydable pour plus de durabilit\u00e9.<\/p>\n<p>Sp\u00e9cifications<br \/>\nMat\u00e9riaux : acier inoxydable, polyamide<\/p>\n<table>\n<tbody>\n<tr>\n<th class=\"rowTitle\">R\u00e9f\u00e9rences<\/th>\n<th>S92AY<\/th>\n<th>S92AB<\/th>\n<\/tr>\n<tr>\n<td class=\"rowTitle\">Couleur(s)<\/td>\n<td>jaune <\/td>\n<td>bleu <\/td>\n<\/tr>\n<tr>\n<td class=\"rowTitle\">Poids<\/td>\n<td>43 grammes<\/td>\n<td>43 grammes<\/td>\n<\/tr>\n<tr>\n<td class=\"rowTitle\">Garantie<\/td>\n<td>3 ans<\/td>\n<td>3 ans<\/td>\n<\/tr>\n<tr>\n<td class=\"rowTitle\">Emballage<\/td>\n<td> <\/td>\n<p> 1<\/p>\n<td>1 <\/td>\n<\/tr>\n<\/tbody>\n<\/table>\n","protected":false},"excerpt":{"rendered":"<p>Couteau \u00e0 clipser Le couteau SPATHA est con\u00e7u pour accompagner le travailleur en hauteur dans toutes ses activit\u00e9s quotidiennes. Le<\/p>\n","protected":false},"featured_media":73379,"template":"","meta":{"_seopress_robots_primary_cat":"","_seopress_titles_title":"","_seopress_titles_desc":"","_seopress_robots_index":""},"product_brand":[3667],"product_cat":[144,1397,1496,1408,1702],"product_tag":[],"class_list":{"0":"post-481485","1":"product","2":"type-product","3":"status-publish","4":"has-post-thumbnail","6":"product_brand-petzl-fr","7":"product_cat-equipement","8":"product_cat-equipement-de-travail","9":"product_cat-autres-equipements-de-travail","10":"product_cat-equipements-de-loisirs","11":"product_cat-autres","13":"first","14":"instock","15":"shipping-taxable","16":"purchasable","17":"product-type-variable"},"_links":{"self":[{"href":"https:\/\/lucacastelli.com\/fr\/wp-json\/wp\/v2\/product\/481485","targetHints":{"allow":["GET"]}}],"collection":[{"href":"https:\/\/lucacastelli.com\/fr\/wp-json\/wp\/v2\/product"}],"about":[{"href":"https:\/\/lucacastelli.com\/fr\/wp-json\/wp\/v2\/types\/product"}],"wp:featuredmedia":[{"embeddable":true,"href":"https:\/\/lucacastelli.com\/fr\/wp-json\/wp\/v2\/media\/73379"}],"wp:attachment":[{"href":"https:\/\/lucacastelli.com\/fr\/wp-json\/wp\/v2\/media?parent=481485"}],"wp:term":[{"taxonomy":"product_brand","embeddable":true,"href":"https:\/\/lucacastelli.com\/fr\/wp-json\/wp\/v2\/product_brand?post=481485"},{"taxonomy":"product_cat","embeddable":true,"href":"https:\/\/lucacastelli.com\/fr\/wp-json\/wp\/v2\/product_cat?post=481485"},{"taxonomy":"product_tag","embeddable":true,"href":"https:\/\/lucacastelli.com\/fr\/wp-json\/wp\/v2\/product_tag?post=481485"}],"curies":[{"name":"wp","href":"https:\/\/api.w.org\/{rel}","templated":true}]}}