{"id":481479,"date":"2022-07-01T18:43:18","date_gmt":"2022-07-01T16:43:18","guid":{"rendered":"https:\/\/lucacastelli.com\/?post_type=product&#038;p=481479"},"modified":"2025-07-29T10:24:24","modified_gmt":"2025-07-29T08:24:24","slug":"petzl-rescucendereder-2","status":"publish","type":"product","link":"https:\/\/lucacastelli.com\/fr\/produit\/petzl-rescucendereder-2\/","title":{"rendered":"PETZL RESCUCENDEReder"},"content":{"rendered":"<p>Bloqueur avec came d\u2019ouverture<\/p>\n<p>Simple d\u2019utilisation et ergonomique, RESCUCENDER est un bloqueur \u00e0 came d\u2019ouverture destin\u00e9 \u00e0 \u00eatre utilis\u00e9 en r\u00e9cup\u00e9ration comme syst\u00e8me de traction ou anti-retour.<\/p>\n<p>Description<\/p>\n<p>Description d\u00e9taill\u00e9e<br \/>\nCon\u00e7u pour \u00eatre utilis\u00e9 dans le transport comme syst\u00e8me de traction ou d\u2019arr\u00eat.<br \/>\nSimple d\u2019utilisation et ergonomique :<br \/>\n&#8211; came amovible pour installer ou retirer le bloqueur en n\u2019importe quel point de la corde,<br \/>\n&#8211; leviers ind\u00e9pendants de chaque c\u00f4t\u00e9 de l\u2019appareil, pour une ouverture facile r\u00e9duisant le risque d\u2019ouverture involontaire. Ces leviers sont \u00e9quip\u00e9s d\u2019un indicateur de non-verrouillage.<br \/>\n&#8211; came int\u00e9gr\u00e9e au corps de l\u2019appareil pour faciliter son utilisation,<br \/>\n&#8211; grand trou de connexion pour faciliter la rotation du mousqueton,<br \/>\n&#8211; ressort de came int\u00e9gr\u00e9 pour \u00e9viter tout accrochage involontaire et augmenter la durabilit\u00e9. <\/p>\n<p>Sp\u00e9cifications<br \/>\nMat\u00e9riaux : aluminium, acier inoxydable, polyamide<br \/>\nPoids : 260 g<br \/>\nCertification(s) : CE EN 567 lorsqu\u2019il est utilis\u00e9 avec une corde de 9 \u00e0 13 mm,Certification<br \/>\n(s) : CE EN 12841 type B, NFPA 1983 Utilisation technique, EAC lorsqu\u2019il est utilis\u00e9 avec une corde de 10 \u00e0 13 mm<\/p>\n<p>Garantie de 3 ans<\/p>\n","protected":false},"excerpt":{"rendered":"<p>Bloqueur avec came d\u2019ouverture Simple d\u2019utilisation et ergonomique, RESCUCENDER est un bloqueur \u00e0 came d\u2019ouverture destin\u00e9 \u00e0 \u00eatre utilis\u00e9 en<\/p>\n","protected":false},"featured_media":73394,"template":"","meta":{"_seopress_robots_primary_cat":"","_seopress_titles_title":"","_seopress_titles_desc":"","_seopress_robots_index":""},"product_brand":[3666],"product_cat":[150,1396,1403,1409,1410],"product_tag":[],"class_list":{"0":"post-481479","1":"product","2":"type-product","3":"status-publish","4":"has-post-thumbnail","6":"product_brand-petzl-de","7":"product_cat-ausrustung","8":"product_cat-arbeitsausrustung","9":"product_cat-auffanggurte-und-sicherheitsausrustung","10":"product_cat-freizeitausrustung","11":"product_cat-auffanggurte-und-sicherheitsausrustung-de","12":"sws-gruppo-abb-libero-fr","13":"sws-conto-ricavi-merci-rivendita-abbigliamento-fr","14":"sws-gruppo-iva-iva81-fr","16":"first","17":"onbackorder","18":"shipping-taxable","19":"purchasable","20":"product-type-simple"},"_links":{"self":[{"href":"https:\/\/lucacastelli.com\/fr\/wp-json\/wp\/v2\/product\/481479","targetHints":{"allow":["GET"]}}],"collection":[{"href":"https:\/\/lucacastelli.com\/fr\/wp-json\/wp\/v2\/product"}],"about":[{"href":"https:\/\/lucacastelli.com\/fr\/wp-json\/wp\/v2\/types\/product"}],"wp:featuredmedia":[{"embeddable":true,"href":"https:\/\/lucacastelli.com\/fr\/wp-json\/wp\/v2\/media\/73394"}],"wp:attachment":[{"href":"https:\/\/lucacastelli.com\/fr\/wp-json\/wp\/v2\/media?parent=481479"}],"wp:term":[{"taxonomy":"product_brand","embeddable":true,"href":"https:\/\/lucacastelli.com\/fr\/wp-json\/wp\/v2\/product_brand?post=481479"},{"taxonomy":"product_cat","embeddable":true,"href":"https:\/\/lucacastelli.com\/fr\/wp-json\/wp\/v2\/product_cat?post=481479"},{"taxonomy":"product_tag","embeddable":true,"href":"https:\/\/lucacastelli.com\/fr\/wp-json\/wp\/v2\/product_tag?post=481479"}],"curies":[{"name":"wp","href":"https:\/\/api.w.org\/{rel}","templated":true}]}}