{"id":481470,"date":"2022-07-01T12:00:18","date_gmt":"2022-07-01T10:00:18","guid":{"rendered":"https:\/\/lucacastelli.com\/?post_type=product&#038;p=481470"},"modified":"2025-07-29T11:48:16","modified_gmt":"2025-07-29T09:48:16","slug":"petzl-caritool","status":"publish","type":"product","link":"https:\/\/lucacastelli.com\/fr\/produit\/petzl-caritool\/","title":{"rendered":"PETZL CARITOOL"},"content":{"rendered":"<p>Boucles d\u2019\u00e9quipement pour harnais<\/p>\n<p>La boucle d\u2019\u00e9quipement CARITOOL vous permet de r\u00e9cup\u00e9rer et de ranger des outils d\u2019une seule main. Il se glisse dans les sangles du harnais et reste dans la bonne position gr\u00e2ce \u00e0 la plaque de positionnement. Le levier est dot\u00e9 d\u2019une protection pour r\u00e9duire le risque d\u2019accrochage involontaire. Il est disponible en deux tailles.   <\/p>\n<p>Description<br \/>\nDesign qui vous permet de r\u00e9cup\u00e9rer et de ranger des outils d\u2019une seule main.<br \/>\nIl se glisse dans les sangles du harnais et reste dans la bonne position gr\u00e2ce \u00e0 la plaque de positionnement.<br \/>\nTrou sup\u00e9rieur pour installer une connexion pour les outils.<br \/>\nUne partie sup\u00e9rieure est pr\u00e9vue pour la s\u00e9lection et l\u2019organisation du mat\u00e9riel.<br \/>\nLevier qui int\u00e8gre un couvercle en plastique pour r\u00e9duire le risque d\u2019accrochage involontaire.<br \/>\nDisponible en deux tailles : S et L.<\/p>\n<p>Sp\u00e9cifications<br \/>\nAvertissement : Ce support d\u2019\u00e9quipement n\u2019est pas un EPI<\/p>\n","protected":false},"excerpt":{"rendered":"<p>Boucles d\u2019\u00e9quipement pour harnais La boucle d\u2019\u00e9quipement CARITOOL vous permet de r\u00e9cup\u00e9rer et de ranger des outils d\u2019une seule main.<\/p>\n","protected":false},"featured_media":73249,"template":"","meta":{"_seopress_robots_primary_cat":"","_seopress_titles_title":"","_seopress_titles_desc":"","_seopress_robots_index":""},"product_brand":[3667],"product_cat":[144,1397,1402,1408,1415],"product_tag":[],"class_list":{"0":"post-481470","1":"product","2":"type-product","3":"status-publish","4":"has-post-thumbnail","6":"product_brand-petzl-fr","7":"product_cat-equipement","8":"product_cat-equipement-de-travail","9":"product_cat-harnais-et-equipements-de-securite","10":"product_cat-equipements-de-loisirs","11":"product_cat-harnais-et-equipements-de-securite-fr","12":"sws-gruppo-abb-libero-fr","13":"sws-conto-ricavi-merci-rivendita-abbigliamento-fr","14":"sws-gruppo-iva-iva81-fr","16":"first","17":"onbackorder","18":"shipping-taxable","19":"purchasable","20":"product-type-variable"},"_links":{"self":[{"href":"https:\/\/lucacastelli.com\/fr\/wp-json\/wp\/v2\/product\/481470","targetHints":{"allow":["GET"]}}],"collection":[{"href":"https:\/\/lucacastelli.com\/fr\/wp-json\/wp\/v2\/product"}],"about":[{"href":"https:\/\/lucacastelli.com\/fr\/wp-json\/wp\/v2\/types\/product"}],"wp:featuredmedia":[{"embeddable":true,"href":"https:\/\/lucacastelli.com\/fr\/wp-json\/wp\/v2\/media\/73249"}],"wp:attachment":[{"href":"https:\/\/lucacastelli.com\/fr\/wp-json\/wp\/v2\/media?parent=481470"}],"wp:term":[{"taxonomy":"product_brand","embeddable":true,"href":"https:\/\/lucacastelli.com\/fr\/wp-json\/wp\/v2\/product_brand?post=481470"},{"taxonomy":"product_cat","embeddable":true,"href":"https:\/\/lucacastelli.com\/fr\/wp-json\/wp\/v2\/product_cat?post=481470"},{"taxonomy":"product_tag","embeddable":true,"href":"https:\/\/lucacastelli.com\/fr\/wp-json\/wp\/v2\/product_tag?post=481470"}],"curies":[{"name":"wp","href":"https:\/\/api.w.org\/{rel}","templated":true}]}}