{"id":481448,"date":"2022-06-15T00:51:02","date_gmt":"2022-06-14T22:51:02","guid":{"rendered":"https:\/\/lucacastelli.com\/?post_type=product&#038;p=481448"},"modified":"2025-07-29T17:13:35","modified_gmt":"2025-07-29T15:13:35","slug":"petzl-captiv","status":"publish","type":"product","link":"https:\/\/lucacastelli.com\/fr\/produit\/petzl-captiv\/","title":{"rendered":"PETZL CAPTIV"},"content":{"rendered":"<p>Barre de maintien pour mousqueton (paquet de 10)<\/p>\n<p>La barre de positionnement CAPTIV permet de charger le mousqueton sur le grand axe, r\u00e9duit son renversement et le rend solidaire de l\u2019appareil ou de la longe. CAPTIV est compatible avec les mousquetons OK, Am\u2019D, WILLIAM, OXAN, VULCAN, Bm\u2019D et la poulie de mousqueton ROLLCLIP A. <\/p>\n<p>Description<br \/>\nCon\u00e7u pour faciliter le stress du mousqueton sur le grand axe et r\u00e9duire son renversement.<br \/>\nIl vous permet de faire en sorte que l\u2019appareil ou la longe soit int\u00e9gr\u00e9 au connecteur, r\u00e9duisant ainsi le risque de les perdre.<br \/>\nCompatible avec les mousquetons OK, Am\u2019D, WILLIAM, OXAN, VULCAN, Bm\u2019D et la poulie de mousqueton ROLLCLIP A.<br \/>\nSp\u00e9cifications<br \/>\nMati\u00e8re&nbsp;: Polyamide<br \/>\nPoids&nbsp;: 10g<\/p>\n<p>Garantie de 3 ans<\/p>\n","protected":false},"excerpt":{"rendered":"<p>Barre de maintien pour mousqueton (paquet de 10) La barre de positionnement CAPTIV permet de charger le mousqueton sur le<\/p>\n","protected":false},"featured_media":69353,"template":"","meta":{"_seopress_robots_primary_cat":"","_seopress_titles_title":"","_seopress_titles_desc":"","_seopress_robots_index":""},"product_brand":[3446],"product_cat":[33,537,814,211,818],"product_tag":[],"class_list":{"0":"post-481448","1":"product","2":"type-product","3":"status-publish","4":"has-post-thumbnail","6":"product_brand-petzl","7":"product_cat-attrezzature","8":"product_cat-attrezzatura-da-lavoro","9":"product_cat-imbraghi-e-materiale-di-sicurezza","10":"product_cat-attrezzatura-per-il-tempo-libero","11":"product_cat-imbraghi-e-materiale-di-sicurezza-attrezzatura-per-il-tempo-libero","12":"sws-gruppo-abb-libero-fr","13":"sws-conto-ricavi-merci-rivendita-abbigliamento","14":"sws-gruppo-iva-iva81","16":"first","17":"onbackorder","18":"shipping-taxable","19":"purchasable","20":"product-type-simple"},"_links":{"self":[{"href":"https:\/\/lucacastelli.com\/fr\/wp-json\/wp\/v2\/product\/481448","targetHints":{"allow":["GET"]}}],"collection":[{"href":"https:\/\/lucacastelli.com\/fr\/wp-json\/wp\/v2\/product"}],"about":[{"href":"https:\/\/lucacastelli.com\/fr\/wp-json\/wp\/v2\/types\/product"}],"wp:featuredmedia":[{"embeddable":true,"href":"https:\/\/lucacastelli.com\/fr\/wp-json\/wp\/v2\/media\/69353"}],"wp:attachment":[{"href":"https:\/\/lucacastelli.com\/fr\/wp-json\/wp\/v2\/media?parent=481448"}],"wp:term":[{"taxonomy":"product_brand","embeddable":true,"href":"https:\/\/lucacastelli.com\/fr\/wp-json\/wp\/v2\/product_brand?post=481448"},{"taxonomy":"product_cat","embeddable":true,"href":"https:\/\/lucacastelli.com\/fr\/wp-json\/wp\/v2\/product_cat?post=481448"},{"taxonomy":"product_tag","embeddable":true,"href":"https:\/\/lucacastelli.com\/fr\/wp-json\/wp\/v2\/product_tag?post=481448"}],"curies":[{"name":"wp","href":"https:\/\/api.w.org\/{rel}","templated":true}]}}