{"id":481447,"date":"2022-07-01T11:37:32","date_gmt":"2022-07-01T09:37:32","guid":{"rendered":"https:\/\/lucacastelli.com\/?post_type=product&#038;p=481447"},"modified":"2025-07-29T10:24:27","modified_gmt":"2025-07-29T08:24:27","slug":"petzl-lynx","status":"publish","type":"product","link":"https:\/\/lucacastelli.com\/fr\/produit\/petzl-lynx\/","title":{"rendered":"PETZL LYNX"},"content":{"rendered":"<p>Crampons modulaires pour l\u2019escalade sur glace, l\u2019alpinisme mixte et technique<\/p>\n<p>Polyvalent jusqu\u2019aux pointes ! Avec des pointes avant modulables (courte\/longue monopointe, deux pointes ou asym\u00e9trique deux points), les crampons LYNX sont adapt\u00e9s \u00e0 toutes les ascensions difficiles, des ravines de neige \u00e0 l\u2019escalade sur glace, en passant par le mixte. Le syst\u00e8me de fixation LEVERLOCK UNIVERSEL permet de l\u2019adapter \u00e0 toutes les chaussures avec une carre arri\u00e8re.  <\/p>\n<p>Description<br \/>\nCon\u00e7u pour l\u2019escalade sur glace, l\u2019escalade mixte et l\u2019alpinisme technique :<br \/>\n&#8211; Pointes avant dentel\u00e9es interchangeables pour une meilleure adh\u00e9rence sur la glace et les terrains mixtes<br \/>\n&#8211; r\u00e9partition de la spatule pour assurer une bonne stabilit\u00e9 et accroche sur tous types de glace,<br \/>\n&#8211; syst\u00e8me de fixation LEVERLOCK UNIVERSEL pour s\u2019adapter \u00e0 toutes les chaussures avec une carre arri\u00e8re,<br \/>\n&#8211; seulement 1020 g,<br \/>\n&#8211; crampons en acier pour une r\u00e9sistance maximale,<br \/>\n&#8211; fourni avec la mallette de transport FAKIR.<br \/>\nPolyvalence d\u2019utilisation :<br \/>\n&#8211; longueur des pointes avant r\u00e9glable d\u2019une seule vis (brevet Petzl),<br \/>\n&#8211; configur\u00e9 en bi-point, les crampons se transforment facilement en un seul point : deux points pour les ravines et ravines de neige, deux points asym\u00e9triques pour la glace pure, mono-point court pour la glace et long pour la neige mixte,<br \/>\n&#8211; syst\u00e8me anti-sabot ANTISNOW LYNX pour r\u00e9duire la formation de sabots de neige, quelle que soit l\u2019\u00e9tat de neige.<br \/>\nModularit\u00e9 compl\u00e8te, gr\u00e2ce au syst\u00e8me ALPEN ADAPT :<br \/>\n&#8211; syst\u00e8me de fixation FIL ou FIL FLEX pour s\u2019adapter \u00e0 toutes les parties avant de la chaussure (avec ou sans carre),<br \/>\n &#8211; pointes avant, barres, syst\u00e8me anti-sabots et syst\u00e8me de fixation \u00e0 remplacer ind\u00e9pendamment,<br \/>\n&#8211; compatible avec les blocs avant IRVIS ou VASAK pour transformer les crampons en crampons d\u2019alpinisme classique ou de ski alpinisme,<br \/>\n&#8211; compatible avec les blocs avant DART pour transformer les crampons en crampons d\u2019escalade sur glace.<br \/>\nSp\u00e9cifique<br \/>\nNombre d\u2019embouts : 14<br \/>\nTailles : du 35 au 45 avec la barre M standard, du 40 au 50 avec l\u2019accessoire BARRETTE (en option)<br \/>\nCertification(s) : CE, UIAA<\/p>\n","protected":false},"excerpt":{"rendered":"<p>Crampons modulaires pour l\u2019escalade sur glace, l\u2019alpinisme mixte et technique Polyvalent jusqu\u2019aux pointes ! Avec des pointes avant modulables (courte\/longue<\/p>\n","protected":false},"featured_media":73207,"template":"","meta":{"_seopress_robots_primary_cat":"","_seopress_titles_title":"","_seopress_titles_desc":"","_seopress_robots_index":""},"product_brand":[3666],"product_cat":[150,1396,1403,1409,1410],"product_tag":[],"class_list":{"0":"post-481447","1":"product","2":"type-product","3":"status-publish","4":"has-post-thumbnail","6":"product_brand-petzl-de","7":"product_cat-ausrustung","8":"product_cat-arbeitsausrustung","9":"product_cat-auffanggurte-und-sicherheitsausrustung","10":"product_cat-freizeitausrustung","11":"product_cat-auffanggurte-und-sicherheitsausrustung-de","12":"sws-gruppo-abb-libero-fr","13":"sws-conto-ricavi-merci-rivendita-abbigliamento-fr","14":"sws-gruppo-iva-iva81-fr","16":"first","17":"instock","18":"shipping-taxable","19":"purchasable","20":"product-type-simple"},"_links":{"self":[{"href":"https:\/\/lucacastelli.com\/fr\/wp-json\/wp\/v2\/product\/481447","targetHints":{"allow":["GET"]}}],"collection":[{"href":"https:\/\/lucacastelli.com\/fr\/wp-json\/wp\/v2\/product"}],"about":[{"href":"https:\/\/lucacastelli.com\/fr\/wp-json\/wp\/v2\/types\/product"}],"wp:featuredmedia":[{"embeddable":true,"href":"https:\/\/lucacastelli.com\/fr\/wp-json\/wp\/v2\/media\/73207"}],"wp:attachment":[{"href":"https:\/\/lucacastelli.com\/fr\/wp-json\/wp\/v2\/media?parent=481447"}],"wp:term":[{"taxonomy":"product_brand","embeddable":true,"href":"https:\/\/lucacastelli.com\/fr\/wp-json\/wp\/v2\/product_brand?post=481447"},{"taxonomy":"product_cat","embeddable":true,"href":"https:\/\/lucacastelli.com\/fr\/wp-json\/wp\/v2\/product_cat?post=481447"},{"taxonomy":"product_tag","embeddable":true,"href":"https:\/\/lucacastelli.com\/fr\/wp-json\/wp\/v2\/product_tag?post=481447"}],"curies":[{"name":"wp","href":"https:\/\/api.w.org\/{rel}","templated":true}]}}