{"id":481424,"date":"2022-06-15T00:34:58","date_gmt":"2022-06-14T22:34:58","guid":{"rendered":"https:\/\/lucacastelli.com\/?post_type=product&#038;p=481424"},"modified":"2025-07-29T17:32:05","modified_gmt":"2025-07-29T15:32:05","slug":"petzl-parallele-105-mm","status":"publish","type":"product","link":"https:\/\/lucacastelli.com\/fr\/produit\/petzl-parallele-105-mm\/","title":{"rendered":"PETZL PARALL\u00c8LE 10,5 mm"},"content":{"rendered":"<p>Corde semi-statique souple et l\u00e9g\u00e8re pour un acc\u00e8s difficile<\/p>\n<p>La corde semi-statique PARALLEL 10,5 mm est destin\u00e9e aux acc\u00e8s difficiles. Le diam\u00e8tre fin garantit d\u2019excellentes performances telles que la flexibilit\u00e9 et la l\u00e9g\u00e8ret\u00e9. Il garantit un l\u00e9ger allongement de la tension de la corde, augmentant l\u2019efficacit\u00e9 au d\u00e9but de la remont\u00e9e de la corde. La technologie EverFlex garantit une grande flexibilit\u00e9 et des performances constantes dans le temps. Corde disponible en six couleurs et quatre longueurs.    <\/p>\n<p>Description d\u00e9taill\u00e9e<br \/>\nDiam\u00e8tre mince qui garantit d\u2019excellentes performances telles que la flexibilit\u00e9 et la l\u00e9g\u00e8ret\u00e9.<br \/>\nL\u00e9ger allongement de la tension de la corde, augmentant l\u2019efficacit\u00e9 au d\u00e9but de la remont\u00e9e de la corde.<br \/>\nPerformances constantes dans le temps :<br \/>\n&#8211; construction avec un noyau en polyamide et une gaine en polyester avec un tissage sp\u00e9cifique,<br \/>\n&#8211; technologie EverFlex qui garantit une grande flexibilit\u00e9 dans le temps, quelles que soient les conditions (eau, poussi\u00e8re, boue&#8230;), afin de conserver une excellente maniabilit\u00e9 et un fonctionnement optimal des appareils.<br \/>\nDisponible en six couleurs pour identifier facilement la corde de travail, la corde de s\u00e9curit\u00e9 et l\u2019acc\u00e8s commun : blanc, jaune, noir, bleu, rouge et orange.<br \/>\nLongueurs standard : 50, 100, 200 et 500 m.<br \/>\nPersonnalisation sur demande :<br \/>\n&#8211; possibilit\u00e9 de commander une corde de la longueur souhait\u00e9e (jusqu\u2019\u00e0 700 m),<br \/>\n&#8211; ajout d\u2019extr\u00e9mit\u00e9s cousues fabriqu\u00e9es sur une ou deux extr\u00e9mit\u00e9s pour avoir une corde pr\u00eate \u00e0 l\u2019emploi. Ces terminaisons disposent d\u2019une gaine de protection pour maintenir le connecteur en place et faciliter les op\u00e9rations. Les terminaisons garantissent \u00e9galement une r\u00e9sistance sup\u00e9rieure \u00e0 un n\u0153ud en huit.  <\/p>\n<p>Sp\u00e9cifications<br \/>\nDiam\u00e8tre : 10,5 mm<br \/>\nMat\u00e9riaux : polyester, polyamide<br \/>\nCertification(s) : CE EN 1891 type A, UKCA, EAC, NFPA 1983 Utilisation<br \/>\ntechnique Poids par m\u00e8tre : 75 g<br \/>\nR\u00e9sistance en huit : 15 kN<br \/>\nR\u00e9sistance \u00e0 la terminaison cousue : 22 kN<br \/>\nForce d\u2019impact (facteur 0,3) : 5,2 kN<br \/>\nNombre de gouttes facteur 1 : 10<br \/>\nConstruction : 32 broches<br \/>\nPourcentage de la chaussette :  45 %<br \/>\nAllongement statique : 3,4 %<\/p>\n","protected":false},"excerpt":{"rendered":"<p>Corde semi-statique souple et l\u00e9g\u00e8re pour un acc\u00e8s difficile La corde semi-statique PARALLEL 10,5 mm est destin\u00e9e aux acc\u00e8s difficiles.<\/p>\n","protected":false},"featured_media":69150,"template":"","meta":{"_seopress_robots_primary_cat":"","_seopress_titles_title":"","_seopress_titles_desc":"","_seopress_robots_index":""},"product_brand":[3667],"product_cat":[144,1397,1408,1402,1415],"product_tag":[],"class_list":{"0":"post-481424","1":"product","2":"type-product","3":"status-publish","4":"has-post-thumbnail","6":"product_brand-petzl-fr","7":"product_cat-equipement","8":"product_cat-equipement-de-travail","9":"product_cat-equipements-de-loisirs","10":"product_cat-harnais-et-equipements-de-securite","11":"product_cat-harnais-et-equipements-de-securite-fr","12":"sws-gruppo-abb-libero-fr","13":"sws-conto-ricavi-merci-rivendita-abbigliamento","14":"sws-gruppo-iva-iva81","16":"first","17":"instock","18":"shipping-taxable","19":"purchasable","20":"product-type-variable"},"_links":{"self":[{"href":"https:\/\/lucacastelli.com\/fr\/wp-json\/wp\/v2\/product\/481424","targetHints":{"allow":["GET"]}}],"collection":[{"href":"https:\/\/lucacastelli.com\/fr\/wp-json\/wp\/v2\/product"}],"about":[{"href":"https:\/\/lucacastelli.com\/fr\/wp-json\/wp\/v2\/types\/product"}],"wp:featuredmedia":[{"embeddable":true,"href":"https:\/\/lucacastelli.com\/fr\/wp-json\/wp\/v2\/media\/69150"}],"wp:attachment":[{"href":"https:\/\/lucacastelli.com\/fr\/wp-json\/wp\/v2\/media?parent=481424"}],"wp:term":[{"taxonomy":"product_brand","embeddable":true,"href":"https:\/\/lucacastelli.com\/fr\/wp-json\/wp\/v2\/product_brand?post=481424"},{"taxonomy":"product_cat","embeddable":true,"href":"https:\/\/lucacastelli.com\/fr\/wp-json\/wp\/v2\/product_cat?post=481424"},{"taxonomy":"product_tag","embeddable":true,"href":"https:\/\/lucacastelli.com\/fr\/wp-json\/wp\/v2\/product_tag?post=481424"}],"curies":[{"name":"wp","href":"https:\/\/api.w.org\/{rel}","templated":true}]}}