{"id":481421,"date":"2022-06-27T13:32:23","date_gmt":"2022-06-27T11:32:23","guid":{"rendered":"https:\/\/lucacastelli.com\/?post_type=product&#038;p=481421"},"modified":"2025-07-29T17:24:07","modified_gmt":"2025-07-29T15:24:07","slug":"petzl-arbresabeille","status":"publish","type":"product","link":"https:\/\/lucacastelli.com\/fr\/produit\/petzl-arbresabeille\/","title":{"rendered":"PETZL ARBRESABEILLE"},"content":{"rendered":"<p>Cisaille pour travaux d\u2019arbres destin\u00e9e aux cordes \u00e0 extr\u00e9mit\u00e9s \u00e9piss\u00e9es<\/p>\n<p>La sangle d\u2019ancrage TREESBEE facilite le glissement de la corde \u00e0 la hauteur de l\u2019ancrage, prot\u00e9geant ainsi l\u2019arbre des frottements. Il est destin\u00e9 aux cordes avec des extr\u00e9mit\u00e9s \u00e9piss\u00e9es (l\u2019\u00e9pissure passe dans le petit anneau). Les anneaux en acier galvanis\u00e9 garantissent une excellente r\u00e9sistance.  <\/p>\n<p>Description d\u00e9taill\u00e9e<br \/>\nFausse fourche con\u00e7ue pour faciliter les d\u00e9placements lors des travaux sur les arbres :<br \/>\n&#8211; prot\u00e8ge le m\u00e2t et facilite le glissement du cordage \u00e0 hauteur d\u2019ancrage<br \/>\n&#8211; possibilit\u00e9 de l\u2019installer et de la r\u00e9cup\u00e9rer par le bas,<br \/>\n&#8211; sangle rigide et large pour r\u00e9duire les plis,<br \/>\n&#8211; sangle avec anneaux de grand et petit diam\u00e8tre pour le passage de cordes aux extr\u00e9mit\u00e9s \u00e9piss\u00e9es (l\u2019\u00e9pissure passe dans le petit anneau),<br \/>\n&#8211; triple \u00e9paisseur de sangle \u00e0 la hauteur du grand anneau pour rigidifier l\u2019extr\u00e9mit\u00e9 de la sangle dans la doublet\u00eate,<br \/>\n&#8211; utilisation possible \u00e0 deux pour effectuer un sauvetage.<br \/>\nAnneaux en acier galvanis\u00e9 pour une plus grande r\u00e9sistance :<br \/>\n&#8211; diam\u00e8tre du grand anneau (int\u00e9rieur\/ext\u00e9rieur) : 46\/70 mm,<br \/>\n&#8211; diam\u00e8tre du petit anneau (int\u00e9rieur\/ext\u00e9rieur) : 28\/52 mm.<br \/>\nCompatible avec les balles de r\u00e9cup\u00e9ration de 30 mm.<br \/>\nDisponible en deux tailles : 90 et 110 cm.<\/p>\n<p>Sp\u00e9cifications<br \/>\nMat\u00e9riaux : acier, polyamide<br \/>\nR\u00e9sistance \u00e0 la traction : 23 kN<br \/>\nDiam\u00e8tre max. du c\u00e2ble : 13 mm<br \/>\nCertification(s) : CE EN 795 B, TS 16415, EAC<\/p>\n","protected":false},"excerpt":{"rendered":"<p>Cisaille pour travaux d\u2019arbres destin\u00e9e aux cordes \u00e0 extr\u00e9mit\u00e9s \u00e9piss\u00e9es La sangle d\u2019ancrage TREESBEE facilite le glissement de la corde<\/p>\n","protected":false},"featured_media":72176,"template":"","meta":{"_seopress_robots_primary_cat":"","_seopress_titles_title":"","_seopress_titles_desc":"","_seopress_robots_index":""},"product_brand":[3446],"product_cat":[33,537,814,211,818],"product_tag":[],"class_list":{"0":"post-481421","1":"product","2":"type-product","3":"status-publish","4":"has-post-thumbnail","6":"product_brand-petzl","7":"product_cat-attrezzature","8":"product_cat-attrezzatura-da-lavoro","9":"product_cat-imbraghi-e-materiale-di-sicurezza","10":"product_cat-attrezzatura-per-il-tempo-libero","11":"product_cat-imbraghi-e-materiale-di-sicurezza-attrezzatura-per-il-tempo-libero","12":"sws-gruppo-abb-libero-fr","13":"sws-conto-ricavi-merci-rivendita-abbigliamento","14":"sws-gruppo-iva-iva81","16":"first","17":"onbackorder","18":"shipping-taxable","19":"purchasable","20":"product-type-variable"},"_links":{"self":[{"href":"https:\/\/lucacastelli.com\/fr\/wp-json\/wp\/v2\/product\/481421","targetHints":{"allow":["GET"]}}],"collection":[{"href":"https:\/\/lucacastelli.com\/fr\/wp-json\/wp\/v2\/product"}],"about":[{"href":"https:\/\/lucacastelli.com\/fr\/wp-json\/wp\/v2\/types\/product"}],"wp:featuredmedia":[{"embeddable":true,"href":"https:\/\/lucacastelli.com\/fr\/wp-json\/wp\/v2\/media\/72176"}],"wp:attachment":[{"href":"https:\/\/lucacastelli.com\/fr\/wp-json\/wp\/v2\/media?parent=481421"}],"wp:term":[{"taxonomy":"product_brand","embeddable":true,"href":"https:\/\/lucacastelli.com\/fr\/wp-json\/wp\/v2\/product_brand?post=481421"},{"taxonomy":"product_cat","embeddable":true,"href":"https:\/\/lucacastelli.com\/fr\/wp-json\/wp\/v2\/product_cat?post=481421"},{"taxonomy":"product_tag","embeddable":true,"href":"https:\/\/lucacastelli.com\/fr\/wp-json\/wp\/v2\/product_tag?post=481421"}],"curies":[{"name":"wp","href":"https:\/\/api.w.org\/{rel}","templated":true}]}}