{"id":481406,"date":"2022-06-15T00:35:27","date_gmt":"2022-06-14T22:35:27","guid":{"rendered":"https:\/\/lucacastelli.com\/?post_type=product&#038;p=481406"},"modified":"2025-07-29T14:38:30","modified_gmt":"2025-07-29T12:38:30","slug":"couche-daeration-haute-visibilite-petzl","status":"publish","type":"product","link":"https:\/\/lucacastelli.com\/fr\/produit\/couche-daeration-haute-visibilite-petzl\/","title":{"rendered":"COUCHE D\u2019A\u00c9RATION HAUTE VISIBILIT\u00c9 PETZL"},"content":{"rendered":"<p>Tr\u00e8s l\u00e9ger, le casque STRATO VENT garantit une utilisation confortable, gr\u00e2ce aux syst\u00e8mes CENTERFIT et FLIP&amp;FIT qui permettent une excellente \u00e9tanch\u00e9it\u00e9 du bo\u00eetier sur la t\u00eate. Avec une mentonni\u00e8re de r\u00e9sistance interchangeable, il est adapt\u00e9 au travail en hauteur et au travail au sol. Il dispose de trous d\u2019a\u00e9ration pour a\u00e9rer le casque. L\u2019int\u00e9gration optimale d\u2019une lampe frontale Petzl, d\u2019une visi\u00e8re de protection, d\u2019une protection contre le bruit et de multiples accessoires en fait un casque enti\u00e8rement modulable, qui r\u00e9pond aux besoins suppl\u00e9mentaires des professionnels.    La version haute visibilit\u00e9 est \u00e9quip\u00e9e d\u2019une coque ext\u00e9rieure fluorescente avec des clips phosphorescents et des bandes r\u00e9fl\u00e9chissantes, pour une visibilit\u00e9 optimale du travailleur, de jour comme de nuit.<\/p>\n<p>\u2022 Construction l\u00e9g\u00e8re et confort d\u2019utilisation :<br \/>\n&#8211; coque int\u00e9rieure en deux parties, EPP (polypropyl\u00e8ne expans\u00e9) et EPS (polystyr\u00e8ne expans\u00e9) pour une plus grande l\u00e9g\u00e8ret\u00e9,<br \/>\n&#8211; r\u00e9glage CENTERFIT qui maintient le casque parfaitement centr\u00e9 sur la t\u00eate, gr\u00e2ce aux deux molettes de r\u00e9glage<br \/>\nlat\u00e9rales,<br \/>\n&#8211; syst\u00e8me FLIP&amp;FIT qui permet une position basse de l\u2019arceau pour assurer une excellente adh\u00e9rence du casque. Le syst\u00e8me<br \/>\nse r\u00e9tracte \u00e0 l\u2019int\u00e9rieur du casque pour un rangement et un transport faciles,<br \/>\n &#8211; fourni avec des mousses de confort absorbantes interchangeables.<br \/>\n\u2022 Protection adapt\u00e9e au travail en hauteur et au travail au sol, de jour comme de nuit :<br \/>\n &#8211; Mentonni\u00e8re DUAL qui permet au travailleur de modifier la r\u00e9sistance de la mentonni\u00e8re pour adapter le casque \u00e0 diff\u00e9rents environnements :<br \/>\n travail en hauteur (EN 12492) et travail au sol (EN 397). Le clip dispose de deux positions pour deux modes d\u2019utilisation : r\u00e9sistance<br \/>\n\u00e9lev\u00e9e, pour r\u00e9duire le risque de perte du casque lors d\u2019une chute, et faible r\u00e9sistance pour r\u00e9duire le risque de<br \/>\n\u00e9tranglement lorsque le casque est attach\u00e9 lorsque l\u2019utilisateur est au sol,<br \/>\n&#8211; absorption des chocs due \u00e0 la d\u00e9formation de la coque int\u00e9rieure,<br \/>\n&#8211; trous de ventilation pour a\u00e9rer le casque,<br \/>\n&#8211; coque ext\u00e9rieure fluorescente avec clips phosphorescents et bandes r\u00e9fl\u00e9chissantes pour une visibilit\u00e9 optimale du travailleur,<br \/>\n de jour comme de nuit.<br \/>\n\u2022 Modularit\u00e9 des accessoires :<br \/>\n&#8211; visi\u00e8re de protection avec syst\u00e8me de fixation lat\u00e9rale EASYCLIP qui facilite l\u2019installation<br \/>\n&#8211; Lampe frontale Petzl avec attaches ou lampe frontale avec bandeau \u00e9lastique,<br \/>\n&#8211; protecteur de casque qui permet de prot\u00e9ger la coque de la salet\u00e9 et des projections de peinture,<br \/>\n&#8211; prot\u00e8ge-cou pour prot\u00e9ger le cou de la pluie et du soleil,<br \/>\n&#8211; porte-badge pour identifier rapidement l\u2019utilisateur,<br \/>\n&#8211; mentonni\u00e8re et rembourrage interchangeables,<br \/>\n&#8211; protections contre le bruit,<br \/>\n&#8211; Disponible en deux couleurs haute visibilit\u00e9 : jaune et orange.<\/p>\n<p>Sp\u00e9cifique<\/p>\n<p>\u2022 Tamis : 53-63 cm<br \/>\n\u2022 Poids : 425 g<br \/>\n\u2022 Mat\u00e9riaux : ABS (acrylonite butadi\u00e8ne styr\u00e8ne), EPP (polypropyl\u00e8ne expans\u00e9), EPS (polystyr\u00e8ne expans\u00e9), polyamide,<br \/>\n polycarbonate, polyester haute r\u00e9sistance, poly\u00e9thyl\u00e8ne<br \/>\n\u2022 Certification(s) : CE, EN 12492, ANSI Z89.1 Type I Classe C<\/p>\n","protected":false},"excerpt":{"rendered":"<p>Tr\u00e8s l\u00e9ger, le casque STRATO VENT garantit une utilisation confortable, gr\u00e2ce aux syst\u00e8mes CENTERFIT et FLIP&amp;FIT qui permettent une excellente<\/p>\n","protected":false},"featured_media":69155,"template":"","meta":{"_seopress_robots_primary_cat":"","_seopress_titles_title":"","_seopress_titles_desc":"","_seopress_robots_index":""},"product_brand":[3667],"product_cat":[1416,1405,144,1397,1408,1412],"product_tag":[],"class_list":{"0":"post-481406","1":"product","2":"type-product","3":"status-publish","4":"has-post-thumbnail","6":"product_brand-petzl-fr","7":"product_cat-casques-fr","8":"product_cat-casques","9":"product_cat-equipement","10":"product_cat-equipement-de-travail","11":"product_cat-equipements-de-loisirs","12":"product_cat-visieres-et-lunettes","13":"sws-gruppo-abb-libero-fr","14":"sws-conto-ricavi-merci-rivendita-abbigliamento-fr","15":"sws-gruppo-iva-iva81-fr","17":"first","18":"instock","19":"shipping-taxable","20":"purchasable","21":"product-type-variable"},"_links":{"self":[{"href":"https:\/\/lucacastelli.com\/fr\/wp-json\/wp\/v2\/product\/481406","targetHints":{"allow":["GET"]}}],"collection":[{"href":"https:\/\/lucacastelli.com\/fr\/wp-json\/wp\/v2\/product"}],"about":[{"href":"https:\/\/lucacastelli.com\/fr\/wp-json\/wp\/v2\/types\/product"}],"wp:featuredmedia":[{"embeddable":true,"href":"https:\/\/lucacastelli.com\/fr\/wp-json\/wp\/v2\/media\/69155"}],"wp:attachment":[{"href":"https:\/\/lucacastelli.com\/fr\/wp-json\/wp\/v2\/media?parent=481406"}],"wp:term":[{"taxonomy":"product_brand","embeddable":true,"href":"https:\/\/lucacastelli.com\/fr\/wp-json\/wp\/v2\/product_brand?post=481406"},{"taxonomy":"product_cat","embeddable":true,"href":"https:\/\/lucacastelli.com\/fr\/wp-json\/wp\/v2\/product_cat?post=481406"},{"taxonomy":"product_tag","embeddable":true,"href":"https:\/\/lucacastelli.com\/fr\/wp-json\/wp\/v2\/product_tag?post=481406"}],"curies":[{"name":"wp","href":"https:\/\/api.w.org\/{rel}","templated":true}]}}