{"id":481385,"date":"2022-06-15T00:56:07","date_gmt":"2022-06-14T22:56:07","guid":{"rendered":"https:\/\/lucacastelli.com\/?post_type=product&#038;p=481385"},"modified":"2025-07-29T17:12:32","modified_gmt":"2025-07-29T15:12:32","slug":"petzl-octo","status":"publish","type":"product","link":"https:\/\/lucacastelli.com\/fr\/produit\/petzl-octo\/","title":{"rendered":"PETZL OCTO"},"content":{"rendered":"<p>Valise de protection et de transport pour clous de girofle<\/p>\n<p>La valise OCTO est con\u00e7ue pour stocker, prot\u00e9ger et transporter les clous de girofle. Il dispose de huit compartiments pour un jeu complet de douze clous et d\u2019un \u00e9tui en filet pour les accessoires (lime, lame de rechange&#8230;). Gr\u00e2ce \u00e0 l\u2019ouverture rabattable, l\u2019acc\u00e8s au mat\u00e9riau est simplifi\u00e9. Pratique, l\u2019\u00e9tui peut \u00eatre suspendu pour laisser s\u00e9cher la mati\u00e8re, sans la sortir.   <\/p>\n<p>Description<br \/>\nProtection des broches \u00e0 glace pendant le transport :<br \/>\n&#8211; grande capacit\u00e9 de stockage permettant de ranger jusqu\u2019\u00e0 douze clous,<br \/>\n&#8211; compatible avec des clous de 9 \u00e0 21 cm de longueur et jusqu\u2019\u00e0 18 mm de diam\u00e8tre,<br \/>\n&#8211; plaque de positionnement pour maintenir les clous,<br \/>\n&#8211; protection du mat\u00e9riel et du sac \u00e0 dos.<br \/>\nOrganisation du mat\u00e9riel :<br \/>\n&#8211; Rangement d\u2019un jeu complet de broches \u00e0 glace,<br \/>\n&#8211; \u00c9tui en filet pour les accessoires&nbsp;: lime, lames de rechange&#8230;,-<br \/>\n Pli portefeuille pour un acc\u00e8s facile au mat\u00e9riel,<br \/>\n&#8211; \u00c9tui compact pour une insertion facile dans le sac \u00e0 dos et un faible encombrement,<br \/>\n&#8211; L\u00e9ger, seulement 160 g.<br \/>\nS\u00e9chage efficace :<br \/>\n&#8211; construction en maille qui permet d\u2019a\u00e9rer le mat\u00e9riau,<br \/>\n &#8211; bo\u00eetier qui peut \u00eatre suspendu pour un s\u00e9chage efficace et pratique, sans retirer le mat\u00e9riau.<br \/>\nSp\u00e9cifique<br \/>\nPoids : 160 g<br \/>\nMat\u00e9riaux : polyester et TPU<\/p>\n","protected":false},"excerpt":{"rendered":"<p>Valise de protection et de transport pour clous de girofle La valise OCTO est con\u00e7ue pour stocker, prot\u00e9ger et transporter<\/p>\n","protected":false},"featured_media":69448,"template":"","meta":{"_seopress_robots_primary_cat":"","_seopress_titles_title":"","_seopress_titles_desc":"","_seopress_robots_index":""},"product_brand":[3446],"product_cat":[33,537,814,211,818],"product_tag":[],"class_list":{"0":"post-481385","1":"product","2":"type-product","3":"status-publish","4":"has-post-thumbnail","6":"product_brand-petzl","7":"product_cat-attrezzature","8":"product_cat-attrezzatura-da-lavoro","9":"product_cat-imbraghi-e-materiale-di-sicurezza","10":"product_cat-attrezzatura-per-il-tempo-libero","11":"product_cat-imbraghi-e-materiale-di-sicurezza-attrezzatura-per-il-tempo-libero","12":"sws-gruppo-abb-libero-fr","13":"sws-conto-ricavi-merci-rivendita-abbigliamento-fr","14":"sws-gruppo-iva-iva81-fr","16":"first","17":"onbackorder","18":"shipping-taxable","19":"purchasable","20":"product-type-simple"},"_links":{"self":[{"href":"https:\/\/lucacastelli.com\/fr\/wp-json\/wp\/v2\/product\/481385","targetHints":{"allow":["GET"]}}],"collection":[{"href":"https:\/\/lucacastelli.com\/fr\/wp-json\/wp\/v2\/product"}],"about":[{"href":"https:\/\/lucacastelli.com\/fr\/wp-json\/wp\/v2\/types\/product"}],"wp:featuredmedia":[{"embeddable":true,"href":"https:\/\/lucacastelli.com\/fr\/wp-json\/wp\/v2\/media\/69448"}],"wp:attachment":[{"href":"https:\/\/lucacastelli.com\/fr\/wp-json\/wp\/v2\/media?parent=481385"}],"wp:term":[{"taxonomy":"product_brand","embeddable":true,"href":"https:\/\/lucacastelli.com\/fr\/wp-json\/wp\/v2\/product_brand?post=481385"},{"taxonomy":"product_cat","embeddable":true,"href":"https:\/\/lucacastelli.com\/fr\/wp-json\/wp\/v2\/product_cat?post=481385"},{"taxonomy":"product_tag","embeddable":true,"href":"https:\/\/lucacastelli.com\/fr\/wp-json\/wp\/v2\/product_tag?post=481385"}],"curies":[{"name":"wp","href":"https:\/\/api.w.org\/{rel}","templated":true}]}}