{"id":481364,"date":"2022-06-15T00:55:36","date_gmt":"2022-06-14T22:55:36","guid":{"rendered":"https:\/\/lucacastelli.com\/?post_type=product&#038;p=481364"},"modified":"2025-07-29T18:00:54","modified_gmt":"2025-07-29T16:00:54","slug":"mousqueton-petzl-ok","status":"publish","type":"product","link":"https:\/\/lucacastelli.com\/fr\/produit\/mousqueton-petzl-ok\/","title":{"rendered":"Mousqueton PETZL OK"},"content":{"rendered":"<p>Mousqueton ovale pour une utilisation avec des poulies et des bloqueurs<\/p>\n<p>Mousqueton l\u00e9ger en aluminium, de forme ovale et sym\u00e9trique qui vous permet de positionner de mani\u00e8re optimale les appareils de grande section tels que les poulies, les bloqueurs et les poulies ascendantes. Disponible en trois versions de syst\u00e8me de verrouillage (SCREW-LOCK, TRIACT-LOCK et BALL-LOCK). <\/p>\n<p>Description<br \/>\nForme ovale et sym\u00e9trique qui vous permet de positionner de mani\u00e8re optimale les appareils de grande section tels que les poulies, les bloqueurs et les poulies ascendantes.<br \/>\nFacilite les man\u0153uvres :<br \/>\n&#8211; conception interne fluide pour r\u00e9duire le risque d\u2019un point stable et faciliter la rotation du mousqueton,<br \/>\n&#8211; syst\u00e8me Keylock pour \u00e9viter l\u2019accrochage involontaire du mousqueton,<br \/>\n&#8211; la section en H contribue \u00e0 une meilleure adh\u00e9rence, prot\u00e8ge les marquages de l\u2019abrasion et r\u00e9duit le poids.<br \/>\nDisponible en trois versions de syst\u00e8me de verrouillage :<br \/>\n&#8211; SCREW-LOCK : syst\u00e8me facile \u00e0 ouvrir, verrouillable ou non selon les besoins de l\u2019utilisateur. Un indicateur visuel rouge indique quand le mousqueton n\u2019est pas verrouill\u00e9. Ce syst\u00e8me est adapt\u00e9 aux environnements difficiles o\u00f9 les impuret\u00e9s (boue, gel) pourraient bloquer un syst\u00e8me de verrouillage automatique,<br \/>\n &#8211; TRIACT-LOCK : syst\u00e8me de verrouillage automatique destin\u00e9 aux man\u0153uvres fr\u00e9quentes. Ouverture triple action par levage et rotation de la bague, puis action sur le levier,<br \/>\n&#8211; BALL-LOCK : syst\u00e8me de verrouillage automatique destin\u00e9 aux man\u0153uvres fr\u00e9quentes, avec indicateur de fermeture. Ouverture triple action en appuyant sur l\u2019indicateur vert, en tournant la lunette, puis en agissant sur le levier. L\u2019indicateur visuel vert indique quand le mousqueton est verrouill\u00e9.     <\/p>\n<p>Sp\u00e9cifications<br \/>\nMat\u00e9riaux : aluminium<br \/>\nCertification(s) : CE EN 362, EAC<\/p>\n<table>\n<tbody>\n<tr>\n<th class=\"rowTitle\">R\u00e9f\u00e9rences<\/th>\n<th>M33A TL<\/th>\n<th>M33A BL<\/th>\n<th>M33A SL<\/th>\n<th>M33A TLN<\/th>\n<th>M33A SLN<\/th>\n<\/tr>\n<tr>\n<td class=\"rowTitle\">Poids<\/td>\n<td>75 grammes<\/td>\n<td>75 grammes<\/td>\n<td>70 grammes<\/td>\n<td>75 grammes<\/td>\n<td>70 grammes<\/td>\n<\/tr>\n<tr>\n<td class=\"rowTitle\">Syst\u00e8me de verrouillage<\/td>\n<td>SERRURE TRIACT  <\/td>\n<td>VERROU \u00c0 BILLE  <\/td>\n<td>VERROU \u00c0 VIS  <\/td>\n<td>SERRURE TRIACT  <\/td>\n<td>VERROU \u00c0 VIS  <\/td>\n<\/tr>\n<tr>\n<td class=\"rowTitle\">Couleur(s)<\/td>\n<td>gris  <\/td>\n<td>gris  <\/td>\n<td>gris  <\/td>\n<td>noir  <\/td>\n<td>noir  <\/td>\n<\/tr>\n<tr>\n<td class=\"rowTitle\">R\u00e9sistance des grands axes<\/td>\n<td>25 kN<\/td>\n<td>25 kN<\/td>\n<td>25 kN<\/td>\n<td>25 kN<\/td>\n<td>25 kN<\/td>\n<\/tr>\n<tr>\n<td class=\"rowTitle\">R\u00e9sistance des petits axes<\/td>\n<td>8 kN<\/td>\n<td>8 kN<\/td>\n<td>8 kN<\/td>\n<td>8 kN<\/td>\n<td>8 kN<\/td>\n<\/tr>\n<tr>\n<td class=\"rowTitle\">R\u00e9sistance \u00e0 levier ouvert<\/td>\n<td>7 kN<\/td>\n<td>7 kN<\/td>\n<td>7 kN<\/td>\n<td>7 kN<\/td>\n<td>7 kN<\/td>\n<\/tr>\n<tr>\n<td class=\"rowTitle\">Ouverture<\/td>\n<td>22 millim\u00e8tres<\/td>\n<td>23 millim\u00e8tres<\/td>\n<td>22 millim\u00e8tres<\/td>\n<td>22 millim\u00e8tres<\/td>\n<td>22 millim\u00e8tres<\/td>\n<\/tr>\n<tr>\n<td class=\"rowTitle\">Garantie<\/td>\n<td>3 ans<\/td>\n<td>3 ans<\/td>\n<td>3 ans<\/td>\n<td>3 ans<\/td>\n<td>3 ans<\/td>\n<\/tr>\n<tr>\n<td class=\"rowTitle\">Emballage<\/td>\n<td>1  <\/td>\n<td>1  <\/td>\n<td>1  <\/td>\n<td>1  <\/td>\n<td>1  <\/td>\n<\/tr>\n<\/tbody>\n<\/table>\n","protected":false},"excerpt":{"rendered":"<p>Mousqueton ovale pour une utilisation avec des poulies et des bloqueurs Mousqueton l\u00e9ger en aluminium, de forme ovale et sym\u00e9trique<\/p>\n","protected":false},"featured_media":69435,"template":"","meta":{"_seopress_robots_primary_cat":"","_seopress_titles_title":"","_seopress_titles_desc":"","_seopress_robots_index":""},"product_brand":[3667],"product_cat":[144,1397,1408,1415,1402],"product_tag":[],"class_list":{"0":"post-481364","1":"product","2":"type-product","3":"status-publish","4":"has-post-thumbnail","6":"product_brand-petzl-fr","7":"product_cat-equipement","8":"product_cat-equipement-de-travail","9":"product_cat-equipements-de-loisirs","10":"product_cat-harnais-et-equipements-de-securite-fr","11":"product_cat-harnais-et-equipements-de-securite","12":"sws-gruppo-abb-libero-fr","13":"sws-conto-ricavi-merci-rivendita-abbigliamento-fr","14":"sws-gruppo-iva-iva81-fr","16":"first","17":"instock","18":"shipping-taxable","19":"purchasable","20":"product-type-variable"},"_links":{"self":[{"href":"https:\/\/lucacastelli.com\/fr\/wp-json\/wp\/v2\/product\/481364","targetHints":{"allow":["GET"]}}],"collection":[{"href":"https:\/\/lucacastelli.com\/fr\/wp-json\/wp\/v2\/product"}],"about":[{"href":"https:\/\/lucacastelli.com\/fr\/wp-json\/wp\/v2\/types\/product"}],"wp:featuredmedia":[{"embeddable":true,"href":"https:\/\/lucacastelli.com\/fr\/wp-json\/wp\/v2\/media\/69435"}],"wp:attachment":[{"href":"https:\/\/lucacastelli.com\/fr\/wp-json\/wp\/v2\/media?parent=481364"}],"wp:term":[{"taxonomy":"product_brand","embeddable":true,"href":"https:\/\/lucacastelli.com\/fr\/wp-json\/wp\/v2\/product_brand?post=481364"},{"taxonomy":"product_cat","embeddable":true,"href":"https:\/\/lucacastelli.com\/fr\/wp-json\/wp\/v2\/product_cat?post=481364"},{"taxonomy":"product_tag","embeddable":true,"href":"https:\/\/lucacastelli.com\/fr\/wp-json\/wp\/v2\/product_tag?post=481364"}],"curies":[{"name":"wp","href":"https:\/\/api.w.org\/{rel}","templated":true}]}}