{"id":481359,"date":"2022-06-15T00:51:29","date_gmt":"2022-06-14T22:51:29","guid":{"rendered":"https:\/\/lucacastelli.com\/?post_type=product&#038;p=481359"},"modified":"2025-07-29T17:24:04","modified_gmt":"2025-07-29T15:24:04","slug":"boucle-de-montee-du-genou-petzl","status":"publish","type":"product","link":"https:\/\/lucacastelli.com\/fr\/produit\/boucle-de-montee-du-genou-petzl\/","title":{"rendered":"BOUCLE DE MONT\u00c9E DU GENOU PETZL"},"content":{"rendered":"<p>P\u00e9dale \u00e0 boucle pour grimper facilement sur les cordes \u00e0 simple lors du travail sur les arbres<\/p>\n<p>La p\u00e9dale KNEE ASCENT LOOP facilite la remont\u00e9e de l\u2019\u00e9lagueur lorsque le Prusik m\u00e9canique, ZIGZAG ou ZIGZAG PLUS, est utilis\u00e9 sur une corde \u00e0 simple. Il comprend une sangle sup\u00e9rieure, un bloqueur CROLL L, une sangle inf\u00e9rieure avec boucle de pied et une mallette \u00e0 outils TOOLBAG taille XS. Le syst\u00e8me est enti\u00e8rement r\u00e9glable pour une adaptation parfaite \u00e0 toutes les morphologies.  <\/p>\n<p>Description d\u00e9taill\u00e9e<br \/>\nFacilite la remont\u00e9e sur corde \u00e0 simple :<br \/>\n&#8211; sangle sup\u00e9rieure reli\u00e9e au Prusik m\u00e9canique pour permettre la remont\u00e9e du montage ZIGZAG ou ZIGZAG PLUS et CHICANE,<br \/>\n&#8211; bloqueur CROLL L int\u00e9gr\u00e9 pour une remont\u00e9e confortable, en combinaison avec un bloqueur de pied PANTIN (non fourni),<br \/>\n&#8211; sangle inf\u00e9rieure en Dyneema avec anneau pour un maintien optimal du pied.<br \/>\nFacile \u00e0 installer et \u00e0 d\u00e9sinstaller :<br \/>\n&#8211; rangement rapide, gr\u00e2ce aux mousquetons et boucles de r\u00e9glage,<br \/>\n&#8211; fourni avec une mallette \u00e0 outils TOOLBAG taille XS pour avoir toujours le syst\u00e8me \u00e0 port\u00e9e de main,<br \/>\n&#8211; installation facile du bloqueur CROLL L, gr\u00e2ce au levier d\u2019ouverture int\u00e9gr\u00e9.<br \/>\nMultiples r\u00e9glages pour une adaptation parfaite \u00e0 toutes les morphologies.<br \/>\nUne r\u00e9sistance optimis\u00e9e, gr\u00e2ce aux \u00e9l\u00e9ments disponibles en pi\u00e8ces de rechange.<br \/>\nSp\u00e9cifique<br \/>\nMat\u00e9riaux : aluminium, acier, polyamide, polyester<br \/>\nPoids : 280 g<br \/>\nDiam\u00e8tre min. de la corde : 8 mm<br \/>\nDiam\u00e8tre max. de la corde : 13 mm<br \/>\nCompatibilit\u00e9 du c\u00e2ble : c\u00e2ble semi-statique (EN 1891 type A<\/p>\n","protected":false},"excerpt":{"rendered":"<p>P\u00e9dale \u00e0 boucle pour grimper facilement sur les cordes \u00e0 simple lors du travail sur les arbres La p\u00e9dale KNEE<\/p>\n","protected":false},"featured_media":69366,"template":"","meta":{"_seopress_robots_primary_cat":"","_seopress_titles_title":"","_seopress_titles_desc":"","_seopress_robots_index":""},"product_brand":[3667],"product_cat":[144,1397],"product_tag":[],"class_list":{"0":"post-481359","1":"product","2":"type-product","3":"status-publish","4":"has-post-thumbnail","6":"product_brand-petzl-fr","7":"product_cat-equipement","8":"product_cat-equipement-de-travail","9":"sws-gruppo-abb-libero-fr","10":"sws-conto-ricavi-merci-rivendita-abbigliamento","11":"sws-gruppo-iva-iva81","13":"first","14":"onbackorder","15":"shipping-taxable","16":"purchasable","17":"product-type-simple"},"_links":{"self":[{"href":"https:\/\/lucacastelli.com\/fr\/wp-json\/wp\/v2\/product\/481359","targetHints":{"allow":["GET"]}}],"collection":[{"href":"https:\/\/lucacastelli.com\/fr\/wp-json\/wp\/v2\/product"}],"about":[{"href":"https:\/\/lucacastelli.com\/fr\/wp-json\/wp\/v2\/types\/product"}],"wp:featuredmedia":[{"embeddable":true,"href":"https:\/\/lucacastelli.com\/fr\/wp-json\/wp\/v2\/media\/69366"}],"wp:attachment":[{"href":"https:\/\/lucacastelli.com\/fr\/wp-json\/wp\/v2\/media?parent=481359"}],"wp:term":[{"taxonomy":"product_brand","embeddable":true,"href":"https:\/\/lucacastelli.com\/fr\/wp-json\/wp\/v2\/product_brand?post=481359"},{"taxonomy":"product_cat","embeddable":true,"href":"https:\/\/lucacastelli.com\/fr\/wp-json\/wp\/v2\/product_cat?post=481359"},{"taxonomy":"product_tag","embeddable":true,"href":"https:\/\/lucacastelli.com\/fr\/wp-json\/wp\/v2\/product_tag?post=481359"}],"curies":[{"name":"wp","href":"https:\/\/api.w.org\/{rel}","templated":true}]}}