{"id":481340,"date":"2022-06-15T00:54:08","date_gmt":"2022-06-14T22:54:08","guid":{"rendered":"https:\/\/lucacastelli.com\/?post_type=product&#038;p=481340"},"modified":"2025-07-29T17:13:32","modified_gmt":"2025-07-29T15:13:32","slug":"petzl-dual-connect-adjust","status":"publish","type":"product","link":"https:\/\/lucacastelli.com\/fr\/produit\/petzl-dual-connect-adjust\/","title":{"rendered":"PETZL DUAL CONNECT ADJUST"},"content":{"rendered":"<p>Longe double r\u00e9glable pour l\u2019escalade et l\u2019alpinisme<\/p>\n<p>Con\u00e7u pour la grande voie et l\u2019alpinisme, DUAL CONNECT ADJUST est une longe double r\u00e9glable qui vous permet de vous fixer \u00e0 l\u2019assurage et d\u2019installer un syst\u00e8me de rappel. Le v\u00eatement ajustable vous permet d\u2019ajuster la longueur la plus adapt\u00e9e aux man\u0153uvres. Gr\u00e2ce \u00e0 sa forme ergonomique, le bloqueur ADJUST assure un r\u00e9glage rapide et facile d\u2019une seule main.  <\/p>\n<p>Longe<br \/>\nde positionnement double qui permet de se s\u00e9curiser au niveau de l\u2019assurage et d\u2019installer un syst\u00e8me de rappel pour l\u2019escalade sur les grandes voies et en alpinisme.<br \/>\nDouble cordon avec une extr\u00e9mit\u00e9 fixe et une extr\u00e9mit\u00e9 r\u00e9glable.<br \/>\n&#8211; v\u00eatement fixe de 45 cm,<br \/>\n&#8211; v\u00eatement ajustable de 15 \u00e0 95 cm,<br \/>\n&#8211; ajustement tr\u00e8s rapide et pr\u00e9cis du v\u00eatement ajustable, gr\u00e2ce au bloqueur ADJUST qui s\u2019actionne facilement gr\u00e2ce \u00e0 sa forme ergonomique,<br \/>\n&#8211; longe en corde dynamique pour r\u00e9duire la force transmise \u00e0 l\u2019utilisateur en cas de chute d\u2019une faible hauteur (1).<br \/>\nFacilit\u00e9 d\u2019utilisation :<br \/>\n&#8211; clipsage facilit\u00e9 par le bon positionnement du connecteur, gr\u00e2ce \u00e0 un anneau en caoutchouc,<br \/>\n&#8211; r\u00e9glable d\u2019une seule main,<br \/>\n&#8211; il peut \u00eatre utilis\u00e9 avec deux mousquetons avec bague de verrouillage type SPIRIT SCREW-LOCK,-<br \/>\n il se fixe \u00e0 l\u2019anneau d\u2019assurage avec un simple n\u0153ud de couteau ouvert.<\/p>\n<p>(1) Utilisation en dessous du point d\u2019ancrage : Les longes de positionnement n\u2019ont pas d\u2019absorbeur d\u2019\u00e9nergie. Ces longes ne doivent donc \u00eatre utilis\u00e9es que si le risque de chute implique un facteur de chute inf\u00e9rieur \u00e0 1.<br \/>\nSp\u00e9cifications<br \/>\nLongueur fixe du v\u00eatement : 45 cm<br \/>\nLongueur du v\u00eatement r\u00e9glable : 15 \u00e0 95 cm<br \/>\nPoids : 160 g<br \/>\nCertification(s) : CE, UIAA 109<br \/>\nMat\u00e9riaux : polyamide, aluminium, \u00e9lastom\u00e8re thermoplastique (TPE) <\/p>\n","protected":false},"excerpt":{"rendered":"<p>Longe double r\u00e9glable pour l\u2019escalade et l\u2019alpinisme Con\u00e7u pour la grande voie et l\u2019alpinisme, DUAL CONNECT ADJUST est une longe<\/p>\n","protected":false},"featured_media":518479,"template":"","meta":{"_seopress_robots_primary_cat":"","_seopress_titles_title":"","_seopress_titles_desc":"","_seopress_robots_index":""},"product_brand":[3667],"product_cat":[144,1397,1408,1415,1402],"product_tag":[],"class_list":{"0":"post-481340","1":"product","2":"type-product","3":"status-publish","4":"has-post-thumbnail","6":"product_brand-petzl-fr","7":"product_cat-equipement","8":"product_cat-equipement-de-travail","9":"product_cat-equipements-de-loisirs","10":"product_cat-harnais-et-equipements-de-securite-fr","11":"product_cat-harnais-et-equipements-de-securite","12":"sws-gruppo-abb-libero-fr","13":"sws-conto-ricavi-merci-rivendita-abbigliamento-fr","14":"sws-gruppo-iva-iva81-fr","16":"first","17":"instock","18":"shipping-taxable","19":"purchasable","20":"product-type-simple"},"_links":{"self":[{"href":"https:\/\/lucacastelli.com\/fr\/wp-json\/wp\/v2\/product\/481340","targetHints":{"allow":["GET"]}}],"collection":[{"href":"https:\/\/lucacastelli.com\/fr\/wp-json\/wp\/v2\/product"}],"about":[{"href":"https:\/\/lucacastelli.com\/fr\/wp-json\/wp\/v2\/types\/product"}],"wp:featuredmedia":[{"embeddable":true,"href":"https:\/\/lucacastelli.com\/fr\/wp-json\/wp\/v2\/media\/518479"}],"wp:attachment":[{"href":"https:\/\/lucacastelli.com\/fr\/wp-json\/wp\/v2\/media?parent=481340"}],"wp:term":[{"taxonomy":"product_brand","embeddable":true,"href":"https:\/\/lucacastelli.com\/fr\/wp-json\/wp\/v2\/product_brand?post=481340"},{"taxonomy":"product_cat","embeddable":true,"href":"https:\/\/lucacastelli.com\/fr\/wp-json\/wp\/v2\/product_cat?post=481340"},{"taxonomy":"product_tag","embeddable":true,"href":"https:\/\/lucacastelli.com\/fr\/wp-json\/wp\/v2\/product_tag?post=481340"}],"curies":[{"name":"wp","href":"https:\/\/api.w.org\/{rel}","templated":true}]}}