{"id":481337,"date":"2022-06-15T01:01:03","date_gmt":"2022-06-14T23:01:03","guid":{"rendered":"https:\/\/lucacastelli.com\/?post_type=product&#038;p=481337"},"modified":"2025-07-29T17:12:42","modified_gmt":"2025-07-29T15:12:42","slug":"petzl-freino","status":"publish","type":"product","link":"https:\/\/lucacastelli.com\/fr\/produit\/petzl-freino\/","title":{"rendered":"PETZL FREINO"},"content":{"rendered":"<p>Description<\/p>\n<p>Offre<br \/>\nune friction accrue pour les cordes \u00e0 simple lors de la descente en rappel ou de la descente en rappel par le haut, sans mat\u00e9riel suppl\u00e9mentaire et sans qu\u2019il soit n\u00e9cessaire d\u2019ouvrir le mousqueton.<br \/>\nFacile d\u2019utilisation : la corde peut \u00eatre rapidement pass\u00e9e \u00e0 travers ou hors de la r\u00e9f\u00e9rence de freinage d\u2019une seule main.<br \/>\nVerrouillage automatique.<br \/>\nSyst\u00e8me Keylock.<br \/>\nIl peut \u00eatre utilis\u00e9 avec une corde \u00e0 simple avec les STOP, GRIGRI, HUIT, HUIT ANTIBRULURE et SIMPLE.<\/p>\n<p>Sp\u00e9cifications<br \/>\nMat\u00e9riaux : aluminium<br \/>\nCertification(s) : CE EN 362, CE EN 12275 type B, UIAA Ouverture du levier d\u2019inclinaison<br \/>\n: 12 mm<\/p>\n<p>Poids 85 g<br \/>\nSyst\u00e8me de verrouillageTWIST-LOCK<br \/>\nR\u00e9sistance du grand axe 25 kN<br \/>\nR\u00e9sistance du petit axe 10 kN<br \/>\nR\u00e9sistance du levier ouvert 9 kN<br \/>\nOuverture 15 mm<br \/>\nGarantie 3 ans<\/p>\n","protected":false},"excerpt":{"rendered":"<p>Description Offre une friction accrue pour les cordes \u00e0 simple lors de la descente en rappel ou de la descente<\/p>\n","protected":false},"featured_media":69559,"template":"","meta":{"_seopress_robots_primary_cat":"","_seopress_titles_title":"","_seopress_titles_desc":"","_seopress_robots_index":""},"product_brand":[3446],"product_cat":[33,537,814,211,818],"product_tag":[],"class_list":{"0":"post-481337","1":"product","2":"type-product","3":"status-publish","4":"has-post-thumbnail","6":"product_brand-petzl","7":"product_cat-attrezzature","8":"product_cat-attrezzatura-da-lavoro","9":"product_cat-imbraghi-e-materiale-di-sicurezza","10":"product_cat-attrezzatura-per-il-tempo-libero","11":"product_cat-imbraghi-e-materiale-di-sicurezza-attrezzatura-per-il-tempo-libero","12":"sws-gruppo-abb-libero-fr","13":"sws-conto-ricavi-merci-rivendita-abbigliamento","14":"sws-gruppo-iva-iva81","16":"first","17":"onbackorder","18":"shipping-taxable","19":"purchasable","20":"product-type-simple"},"_links":{"self":[{"href":"https:\/\/lucacastelli.com\/fr\/wp-json\/wp\/v2\/product\/481337","targetHints":{"allow":["GET"]}}],"collection":[{"href":"https:\/\/lucacastelli.com\/fr\/wp-json\/wp\/v2\/product"}],"about":[{"href":"https:\/\/lucacastelli.com\/fr\/wp-json\/wp\/v2\/types\/product"}],"wp:featuredmedia":[{"embeddable":true,"href":"https:\/\/lucacastelli.com\/fr\/wp-json\/wp\/v2\/media\/69559"}],"wp:attachment":[{"href":"https:\/\/lucacastelli.com\/fr\/wp-json\/wp\/v2\/media?parent=481337"}],"wp:term":[{"taxonomy":"product_brand","embeddable":true,"href":"https:\/\/lucacastelli.com\/fr\/wp-json\/wp\/v2\/product_brand?post=481337"},{"taxonomy":"product_cat","embeddable":true,"href":"https:\/\/lucacastelli.com\/fr\/wp-json\/wp\/v2\/product_cat?post=481337"},{"taxonomy":"product_tag","embeddable":true,"href":"https:\/\/lucacastelli.com\/fr\/wp-json\/wp\/v2\/product_tag?post=481337"}],"curies":[{"name":"wp","href":"https:\/\/api.w.org\/{rel}","templated":true}]}}