{"id":481326,"date":"2022-06-15T00:59:35","date_gmt":"2022-06-14T22:59:35","guid":{"rendered":"https:\/\/lucacastelli.com\/?post_type=product&#038;p=481326"},"modified":"2025-07-29T17:12:39","modified_gmt":"2025-07-29T15:12:39","slug":"petzl-laser-speed","status":"publish","type":"product","link":"https:\/\/lucacastelli.com\/fr\/produit\/petzl-laser-speed\/","title":{"rendered":"PETZL LASER SPEED"},"content":{"rendered":"<p>Broche \u00e0 glace haute performance avec manivelle int\u00e9gr\u00e9e<\/p>\n<p>LASER SPEED est une broche \u00e0 glace ultra-performante dans tous les types de glace. L\u2019insertion de l\u2019ongle est facilit\u00e9e par la forme de l\u2019embout \u00e0 trois dents. Le tube en acier l\u00e9ger lui permet d\u2019\u00eatre robuste, ce qui r\u00e9duit son poids. La manivelle pliable et int\u00e9gr\u00e9e rend le vissage plus facile et plus rapide, gr\u00e2ce au bras de levier optimis\u00e9. Un code couleur vous permet d\u2019identifier les longueurs des ongles.    <\/p>\n<p>Description<br \/>\nVissage facile :<br \/>\n&#8211; tube en acier pour une insertion et un vissage faciles dans tous les types de glace.<br \/>\n&#8211; Tuyau all\u00e9g\u00e9 et filetage optimis\u00e9 pour une plus grande r\u00e9sistance.<br \/>\nFacilit\u00e9 d\u2019insertion :<br \/>\n&#8211; forme optimis\u00e9e de la pointe en acier \u00e0 trois dents pour une insertion plus facile dans la glace,<br \/>\n&#8211; aff\u00fbtage plus facile gr\u00e2ce au syst\u00e8me d\u2019aff\u00fbtage de la pointe (brevet\u00e9).<br \/>\nVissage rapide et facile :<br \/>\n&#8211; plaque compacte pour faciliter le vissage dans la glace sculpt\u00e9e,<br \/>\n&#8211; manivelle, pliable et int\u00e9gr\u00e9e, ce qui garantit une excellente prise en main et un bras de levier optimis\u00e9 pour faciliter le vissage et le rendre plus rapide,<br \/>\n&#8211; code couleur pour faciliter l\u2019identification des longueurs de clous.<\/p>\n<p>NB : pour la glace peu profonde, il y a une broche \u00e0 glace de progression de 10 cm.<br \/>\nSp\u00e9cifications<br \/>\nMat\u00e9riaux : acier, aluminium<br \/>\nCertification(s) : CE EN 568, UIAA 151<\/p>\n","protected":false},"excerpt":{"rendered":"<p>Broche \u00e0 glace haute performance avec manivelle int\u00e9gr\u00e9e LASER SPEED est une broche \u00e0 glace ultra-performante dans tous les types<\/p>\n","protected":false},"featured_media":69504,"template":"","meta":{"_seopress_robots_primary_cat":"","_seopress_titles_title":"","_seopress_titles_desc":"","_seopress_robots_index":""},"product_brand":[3667],"product_cat":[144,1397,1408,1402,1415],"product_tag":[],"class_list":{"0":"post-481326","1":"product","2":"type-product","3":"status-publish","4":"has-post-thumbnail","6":"product_brand-petzl-fr","7":"product_cat-equipement","8":"product_cat-equipement-de-travail","9":"product_cat-equipements-de-loisirs","10":"product_cat-harnais-et-equipements-de-securite","11":"product_cat-harnais-et-equipements-de-securite-fr","12":"sws-gruppo-abb-libero-fr","13":"sws-conto-ricavi-merci-rivendita-abbigliamento-fr","14":"sws-gruppo-iva-iva81-fr","16":"first","17":"instock","18":"shipping-taxable","19":"purchasable","20":"product-type-variable"},"_links":{"self":[{"href":"https:\/\/lucacastelli.com\/fr\/wp-json\/wp\/v2\/product\/481326","targetHints":{"allow":["GET"]}}],"collection":[{"href":"https:\/\/lucacastelli.com\/fr\/wp-json\/wp\/v2\/product"}],"about":[{"href":"https:\/\/lucacastelli.com\/fr\/wp-json\/wp\/v2\/types\/product"}],"wp:featuredmedia":[{"embeddable":true,"href":"https:\/\/lucacastelli.com\/fr\/wp-json\/wp\/v2\/media\/69504"}],"wp:attachment":[{"href":"https:\/\/lucacastelli.com\/fr\/wp-json\/wp\/v2\/media?parent=481326"}],"wp:term":[{"taxonomy":"product_brand","embeddable":true,"href":"https:\/\/lucacastelli.com\/fr\/wp-json\/wp\/v2\/product_brand?post=481326"},{"taxonomy":"product_cat","embeddable":true,"href":"https:\/\/lucacastelli.com\/fr\/wp-json\/wp\/v2\/product_cat?post=481326"},{"taxonomy":"product_tag","embeddable":true,"href":"https:\/\/lucacastelli.com\/fr\/wp-json\/wp\/v2\/product_tag?post=481326"}],"curies":[{"name":"wp","href":"https:\/\/api.w.org\/{rel}","templated":true}]}}