{"id":481318,"date":"2022-06-15T00:58:11","date_gmt":"2022-06-14T22:58:11","guid":{"rendered":"https:\/\/lucacastelli.com\/?post_type=product&#038;p=481318"},"modified":"2025-07-29T17:12:35","modified_gmt":"2025-07-29T15:12:35","slug":"petzl-sequoia-srt","status":"publish","type":"product","link":"https:\/\/lucacastelli.com\/fr\/produit\/petzl-sequoia-srt\/","title":{"rendered":"PETZL SEQUOIA SRT"},"content":{"rendered":"<p>Harnais de si\u00e8ge de travail d\u2019arbre pour les techniques de remont\u00e9e sur corde \u00e0 simple  <\/p>\n<p>Le SEQUOIA SRT est un harnais d\u2019arbre pour la mont\u00e9e sur corde \u00e0 simple. Il dispose d\u2019un point d\u2019attache ventral et d\u2019une boucle arri\u00e8re pour installer un bloqueur ventral CROLL avec bretelles SECUR. Le SEQUOIA SRT a \u00e9t\u00e9 con\u00e7u pour favoriser le confort de l\u2019\u00e9lagueur. La ceinture semi-rigide extra-large et les tours de cuisse offrent un excellent maintien. Le pont de fixation est reli\u00e9 \u00e0 deux anneaux d\u2019ouverture pour vous permettre d\u2019ajuster sa longueur et d\u2019installer des accessoires directement sur le pont. Le harnais facilite \u00e9galement le transport et l\u2019organisation des outils de travail avec diff\u00e9rentes boucles d\u2019\u00e9quipement et boucles pour installer des porte-\u00e9quipements CARITOOL.       <\/p>\n<p>Description d\u00e9taill\u00e9e<\/p>\n<p>Harnais con\u00e7u pour la remont\u00e9e sur corde \u00e0 simple :<br \/>\n&#8211; point d\u2019attache ventral et boucle arri\u00e8re pour installer un bloqueur ventral CROLL avec bretelles SECUR.<br \/>\nConception favorisant le confort :<br \/>\n&#8211; ceinture semi-rigide extra-large et tours de cuisse pour un excellent maintien ; pr\u00e9form\u00e9 et rembourr\u00e9 pour un confort en suspension,<br \/>\n&#8211; rembourrage de tour de cuisse r\u00e9glable pour un positionnement parfait,<br \/>\n&#8211; points d\u2019attache lat\u00e9raux mobiles pour suivre l\u2019orientation de la longe dans les mouvements lat\u00e9raux,<br \/>\n&#8211; pont d\u2019attache pour am\u00e9liorer la mobilit\u00e9 lat\u00e9rale.<br \/>\nR\u00e9glages pratiques :<br \/>\n&#8211; ceinture \u00e9quip\u00e9e de boucles autobloquantes DoubleBack pour un r\u00e9glage rapide et facile,<br \/>\n&#8211; tours de cuisse \u00e9quip\u00e9s de boucles automatiques FAST pour une ouverture et une fermeture rapides et faciles sans perte de r\u00e9glage, m\u00eame avec des gants,<br \/>\n&#8211; boucles de r\u00e9glage pour la r\u00e9partition de la charge entre la ceinture et les tours de cuisse,<br \/>\n&#8211; Anneaux d\u2019ouverture pour adapter la longueur du pont de fixation et installer les accessoires directement sur le pont de fixation (RING, SWIVEL).<br \/>\nFacilite le transport et l\u2019organisation des outils de travail :<br \/>\n&#8211; sept boucles d\u2019\u00e9quipement pr\u00e9form\u00e9es avec gaine de protection,<br \/>\n&#8211; cinq boucles pour les boucles d\u2019\u00e9quipement CARITOOL,<br \/>\n&#8211; deux boucles pour tron\u00e7onneuse ou mousqueton de scie \u00e0 main,<br \/>\n&#8211; bande \u00e9lastique pour attacher un sac d\u2019urgence.<br \/>\nPossibilit\u00e9 d\u2019int\u00e9grer des accessoires pour adapter le harnais en fonction de son utilisation :<br \/>\n&#8211; assise : am\u00e9liore le confort lors des suspensions prolong\u00e9es,<br \/>\n&#8211; bretelles : se connectent sur le point d\u2019attache ventral et sur les deux boucles \u00e0 l\u2019arri\u00e8re de la ceinture pour reprendre la charge de la ceinture et la r\u00e9partir sur les \u00e9paules.  <\/p>\n<p>Sp\u00e9cifique<\/p>\n<p>Points d\u2019attache : points d\u2019attache lat\u00e9raux, pont d\u2019attache<br \/>\nCertification(s) : CE EN 358, CE EN 813, EAC<br \/>\nMat\u00e9riaux : polyamide, polyester, poly\u00e9thyl\u00e8ne, aluminium, acier<\/p>\n","protected":false},"excerpt":{"rendered":"<p>Harnais de si\u00e8ge de travail d\u2019arbre pour les techniques de remont\u00e9e sur corde \u00e0 simple Le SEQUOIA SRT est un<\/p>\n","protected":false},"featured_media":69465,"template":"","meta":{"_seopress_robots_primary_cat":"","_seopress_titles_title":"","_seopress_titles_desc":"","_seopress_robots_index":""},"product_brand":[3446],"product_cat":[33,537,814,211,818],"product_tag":[],"class_list":{"0":"post-481318","1":"product","2":"type-product","3":"status-publish","4":"has-post-thumbnail","6":"product_brand-petzl","7":"product_cat-attrezzature","8":"product_cat-attrezzatura-da-lavoro","9":"product_cat-imbraghi-e-materiale-di-sicurezza","10":"product_cat-attrezzatura-per-il-tempo-libero","11":"product_cat-imbraghi-e-materiale-di-sicurezza-attrezzatura-per-il-tempo-libero","12":"sws-gruppo-abb-libero-fr","13":"sws-conto-ricavi-merci-rivendita-abbigliamento","14":"sws-gruppo-iva-iva81","16":"first","17":"instock","18":"shipping-taxable","19":"purchasable","20":"product-type-variable"},"_links":{"self":[{"href":"https:\/\/lucacastelli.com\/fr\/wp-json\/wp\/v2\/product\/481318","targetHints":{"allow":["GET"]}}],"collection":[{"href":"https:\/\/lucacastelli.com\/fr\/wp-json\/wp\/v2\/product"}],"about":[{"href":"https:\/\/lucacastelli.com\/fr\/wp-json\/wp\/v2\/types\/product"}],"wp:featuredmedia":[{"embeddable":true,"href":"https:\/\/lucacastelli.com\/fr\/wp-json\/wp\/v2\/media\/69465"}],"wp:attachment":[{"href":"https:\/\/lucacastelli.com\/fr\/wp-json\/wp\/v2\/media?parent=481318"}],"wp:term":[{"taxonomy":"product_brand","embeddable":true,"href":"https:\/\/lucacastelli.com\/fr\/wp-json\/wp\/v2\/product_brand?post=481318"},{"taxonomy":"product_cat","embeddable":true,"href":"https:\/\/lucacastelli.com\/fr\/wp-json\/wp\/v2\/product_cat?post=481318"},{"taxonomy":"product_tag","embeddable":true,"href":"https:\/\/lucacastelli.com\/fr\/wp-json\/wp\/v2\/product_tag?post=481318"}],"curies":[{"name":"wp","href":"https:\/\/api.w.org\/{rel}","templated":true}]}}