{"id":481306,"date":"2022-06-27T07:52:20","date_gmt":"2022-06-27T05:52:20","guid":{"rendered":"https:\/\/lucacastelli.com\/?post_type=product&#038;p=481306"},"modified":"2025-07-29T17:12:45","modified_gmt":"2025-07-29T15:12:45","slug":"petzl-summit-evo","status":"publish","type":"product","link":"https:\/\/lucacastelli.com\/fr\/produit\/petzl-summit-evo\/","title":{"rendered":"PETZL SUMMIT EVO"},"content":{"rendered":"<p>Piolet technique et performant pour l\u2019alpinisme classique<\/p>\n<p>Destin\u00e9 \u00e0 la pratique de l\u2019alpinisme classique, le piolet SUMMIT EVO est l\u2019outil indispensable pour tous types d\u2019excursions alpines. L\u00e9ger, son tube hydroform\u00e9 garantit un excellent confort de prise en main sous la t\u00eate du piolet. La conception technique de la forme de la poign\u00e9e assure la distance d\u2019extraction n\u00e9cessaire pour une utilisation sur des terrains escarp\u00e9s et glac\u00e9s. La t\u00eate forg\u00e9e et bien \u00e9quilibr\u00e9e assure d\u2019excellentes qualit\u00e9s d\u2019ancrage. La prise en main de la poign\u00e9e en fait un piolet pr\u00e9cis et efficace.    <\/p>\n<p>Description d\u00e9taill\u00e9e<\/p>\n<p>L\u00e9g\u00e8ret\u00e9 : piolet l\u00e9ger, mais lourd sur la t\u00eate pour une bonne puissance d\u2019ancrage.<br \/>\nPoign\u00e9e hydroform\u00e9e pour une bonne adh\u00e9rence sur le shape et une conception technique :<br \/>\n&#8211; la poign\u00e9e est incurv\u00e9e en haut pour assurer une bonne distance d\u2019extraction lors de la mont\u00e9e,<br \/>\n&#8211; la partie inf\u00e9rieure est plus droite et garantit une p\u00e9n\u00e9tration efficace dans la neige.<br \/>\nT\u00eate et lame en acier forg\u00e9 \u00e0 chaud, pour assurer des ancrages solides :<br \/>\n&#8211; lame fine (3 mm), robuste et dentel\u00e9e \u00e0 l\u2019extr\u00e9mit\u00e9, pour assurer une bonne qualit\u00e9 d\u2019ancrage sur neige dure et glace,<br \/>\n&#8211; lame plus \u00e9paisse au centre pour faciliter l\u2019adh\u00e9rence sur neige molle.<br \/>\n&#8211; dents dans la partie sup\u00e9rieure pour renforcer la tenue du piolet lorsqu\u2019il est utilis\u00e9 comme piolet technique,<br \/>\n&#8211; pointe robuste en acier inoxydable pour une excellente p\u00e9n\u00e9tration dans la neige dure et pour une utilisation comme b\u00e2ton de piolet.<br \/>\nHaute r\u00e9sistance et aspects pratiques :<br \/>\n&#8211; pelle en acier tr\u00e8s r\u00e9sistante pour assurer une surface d\u2019appui confortable et avec une conception de carre qui permet un nivellement efficace,<br \/>\n&#8211; pelle inclin\u00e9e pour guider correctement le piolet dans la neige (utilisation comme piolet),<br \/>\n &#8211; t\u00eate et pointe \u00e9quip\u00e9es de trous pour le passage d\u2019un mousqueton ou d\u2019une \u00e9lingue,<br \/>\n&#8211; Poign\u00e9e en aluminium de haute qualit\u00e9 (aluminium 7075 utilis\u00e9 dans l\u2019a\u00e9ronautique), avec finition anodis\u00e9e pour une excellente protection.<br \/>\nPiolet compatible avec la laisse LINKIN.<\/p>\n<p>Sp\u00e9cifique<\/p>\n<p>Type de lame : 1<br \/>\nType de poign\u00e9e : 1<br \/>\nMat\u00e9riaux : acier tremp\u00e9, aluminium 7075, acier inoxydable tremp\u00e9, TPV (thermoplastique).<br \/>\nCertification(s) : CE, UIAA<\/p>\n","protected":false},"excerpt":{"rendered":"<p>Piolet technique et performant pour l\u2019alpinisme classique Destin\u00e9 \u00e0 la pratique de l\u2019alpinisme classique, le piolet SUMMIT EVO est l\u2019outil<\/p>\n","protected":false},"featured_media":72071,"template":"","meta":{"_seopress_robots_primary_cat":"","_seopress_titles_title":"","_seopress_titles_desc":"","_seopress_robots_index":""},"product_brand":[3446],"product_cat":[33,537,814,211,818],"product_tag":[],"class_list":{"0":"post-481306","1":"product","2":"type-product","3":"status-publish","4":"has-post-thumbnail","6":"product_brand-petzl","7":"product_cat-attrezzature","8":"product_cat-attrezzatura-da-lavoro","9":"product_cat-imbraghi-e-materiale-di-sicurezza","10":"product_cat-attrezzatura-per-il-tempo-libero","11":"product_cat-imbraghi-e-materiale-di-sicurezza-attrezzatura-per-il-tempo-libero","12":"sws-gruppo-abb-libero-fr","13":"sws-conto-ricavi-merci-rivendita-abbigliamento","14":"sws-gruppo-iva-iva81","16":"first","17":"instock","18":"shipping-taxable","19":"purchasable","20":"product-type-variable"},"_links":{"self":[{"href":"https:\/\/lucacastelli.com\/fr\/wp-json\/wp\/v2\/product\/481306","targetHints":{"allow":["GET"]}}],"collection":[{"href":"https:\/\/lucacastelli.com\/fr\/wp-json\/wp\/v2\/product"}],"about":[{"href":"https:\/\/lucacastelli.com\/fr\/wp-json\/wp\/v2\/types\/product"}],"wp:featuredmedia":[{"embeddable":true,"href":"https:\/\/lucacastelli.com\/fr\/wp-json\/wp\/v2\/media\/72071"}],"wp:attachment":[{"href":"https:\/\/lucacastelli.com\/fr\/wp-json\/wp\/v2\/media?parent=481306"}],"wp:term":[{"taxonomy":"product_brand","embeddable":true,"href":"https:\/\/lucacastelli.com\/fr\/wp-json\/wp\/v2\/product_brand?post=481306"},{"taxonomy":"product_cat","embeddable":true,"href":"https:\/\/lucacastelli.com\/fr\/wp-json\/wp\/v2\/product_cat?post=481306"},{"taxonomy":"product_tag","embeddable":true,"href":"https:\/\/lucacastelli.com\/fr\/wp-json\/wp\/v2\/product_tag?post=481306"}],"curies":[{"name":"wp","href":"https:\/\/api.w.org\/{rel}","templated":true}]}}