{"id":481295,"date":"2022-06-27T13:17:38","date_gmt":"2022-06-27T11:17:38","guid":{"rendered":"https:\/\/lucacastelli.com\/?post_type=product&#038;p=481295"},"modified":"2025-07-29T17:12:49","modified_gmt":"2025-07-29T15:12:49","slug":"petzl-jane-i","status":"publish","type":"product","link":"https:\/\/lucacastelli.com\/fr\/produit\/petzl-jane-i\/","title":{"rendered":"PETZL JANE-I"},"content":{"rendered":"<p>Longe simple pour composer une longe antichute<\/p>\n<p>JANE-I est une longe non r\u00e9glable en corde dynamique qui permet de composer, avec un absorbeur d\u2019\u00e9nergie ABSORBICA, une longe simple avec absorbeur d\u2019\u00e9nergie. La gaine en plastique permet de maintenir le mousqueton en place et facilite le clipsage, prot\u00e9geant ainsi la terminaison de l\u2019abrasion. Il peut \u00eatre utilis\u00e9 pour fabriquer une ancre temporaire. Il est disponible en trois longueurs : 60, 100 et 150 cm.   <\/p>\n<p>Longe<br \/>\nde corde dynamique non r\u00e9glable pour composer, avec un absorbeur d\u2019\u00e9nergie ABSORBICA, une longe simple absorbant d\u2019\u00e9nergie d\u2019une longueur maximale de deux m\u00e8tres.<br \/>\nMan\u0153uvre facile, gr\u00e2ce \u00e0 la gaine en plastique qui permet de maintenir le mousqueton en position et de faciliter le clipsage, prot\u00e9geant ainsi la terminaison de l\u2019abrasion.<br \/>\nIl vous permet de cr\u00e9er un ancrage temporaire avec diverses configurations : directement sur un ancrage ou autour d\u2019une structure adapt\u00e9e.<br \/>\nMarquage d\u2019identification individuel sur la gaine plastique pour v\u00e9rifier l\u2019\u00e9quipement tout au long de sa dur\u00e9e de vie.<br \/>\nDisponible en diff\u00e9rentes longueurs : 60, 100 et 150 cm.<\/p>\n<p>Sp\u00e9cifications<br \/>\nCertification(s) : CE EN 354, EN 795 type B, EAC, ANSI Z359.3 ; CSA Z259.11<br \/>\nMat\u00e9riaux : Polyester<\/p>\n","protected":false},"excerpt":{"rendered":"<p>Longe simple pour composer une longe antichute JANE-I est une longe non r\u00e9glable en corde dynamique qui permet de composer,<\/p>\n","protected":false},"featured_media":72153,"template":"","meta":{"_seopress_robots_primary_cat":"","_seopress_titles_title":"","_seopress_titles_desc":"","_seopress_robots_index":""},"product_brand":[3446],"product_cat":[33,537,814,211,818],"product_tag":[],"class_list":{"0":"post-481295","1":"product","2":"type-product","3":"status-publish","4":"has-post-thumbnail","6":"product_brand-petzl","7":"product_cat-attrezzature","8":"product_cat-attrezzatura-da-lavoro","9":"product_cat-imbraghi-e-materiale-di-sicurezza","10":"product_cat-attrezzatura-per-il-tempo-libero","11":"product_cat-imbraghi-e-materiale-di-sicurezza-attrezzatura-per-il-tempo-libero","12":"sws-gruppo-abb-libero-fr","13":"sws-conto-ricavi-merci-rivendita-abbigliamento","14":"sws-gruppo-iva-iva81","16":"first","17":"instock","18":"shipping-taxable","19":"purchasable","20":"product-type-variable"},"_links":{"self":[{"href":"https:\/\/lucacastelli.com\/fr\/wp-json\/wp\/v2\/product\/481295","targetHints":{"allow":["GET"]}}],"collection":[{"href":"https:\/\/lucacastelli.com\/fr\/wp-json\/wp\/v2\/product"}],"about":[{"href":"https:\/\/lucacastelli.com\/fr\/wp-json\/wp\/v2\/types\/product"}],"wp:featuredmedia":[{"embeddable":true,"href":"https:\/\/lucacastelli.com\/fr\/wp-json\/wp\/v2\/media\/72153"}],"wp:attachment":[{"href":"https:\/\/lucacastelli.com\/fr\/wp-json\/wp\/v2\/media?parent=481295"}],"wp:term":[{"taxonomy":"product_brand","embeddable":true,"href":"https:\/\/lucacastelli.com\/fr\/wp-json\/wp\/v2\/product_brand?post=481295"},{"taxonomy":"product_cat","embeddable":true,"href":"https:\/\/lucacastelli.com\/fr\/wp-json\/wp\/v2\/product_cat?post=481295"},{"taxonomy":"product_tag","embeddable":true,"href":"https:\/\/lucacastelli.com\/fr\/wp-json\/wp\/v2\/product_tag?post=481295"}],"curies":[{"name":"wp","href":"https:\/\/api.w.org\/{rel}","templated":true}]}}