{"id":481289,"date":"2022-06-15T00:50:07","date_gmt":"2022-06-14T22:50:07","guid":{"rendered":"https:\/\/lucacastelli.com\/?post_type=product&#038;p=481289"},"modified":"2025-07-29T17:13:42","modified_gmt":"2025-07-29T15:13:42","slug":"petzl-asapsorber-axess","status":"publish","type":"product","link":"https:\/\/lucacastelli.com\/fr\/produit\/petzl-asapsorber-axess\/","title":{"rendered":"PETZL ASAP\u2019SORBER AXESS"},"content":{"rendered":"<p>Absorbeur d\u2019\u00e9nergie pour ASAP ou ASAP LOCK pour une charge maximale de 250 kg<\/p>\n<p>L\u2019absorbeur d\u2019\u00e9nergie ASAP\u2019SORBER AXESS s\u2019utilise exclusivement avec un antichute mobile ASAP ou ASAP LOCK. Il permet \u00e0 l\u2019utilisateur de travailler loin de la corde pour la prot\u00e9ger pendant les phases de travail. \u00c9quip\u00e9 d\u2019une sangle d\u2019arrachage, situ\u00e9e dans un bo\u00eetier qui peut \u00eatre ouvert par les extr\u00e9mit\u00e9s, l\u2019absorbeur est prot\u00e9g\u00e9 de l\u2019abrasion, ce qui permet des contr\u00f4les p\u00e9riodiques. Il peut \u00eatre utilis\u00e9 dans le cadre d\u2019un sauvetage \u00e0 deux avec une charge maximale de 250 kg.   <\/p>\n<p>Description<\/p>\n<p>Description d\u00e9taill\u00e9e<br \/>\nNe peut \u00eatre utilis\u00e9 qu\u2019en conjonction avec un antichute mobile ASAP ou ASAP LOCK.<br \/>\nIl permet \u00e0 l\u2019utilisateur d\u2019\u00e9loigner la corde pour&nbsp;:<br \/>\n&#8211; d\u00e9gager la zone de travail,<br \/>\n&#8211; prot\u00e9ger la corde des outils tranchants et des points de contact qui pourraient l\u2019endommager.<br \/>\nAbsorbe l\u2019\u00e9nergie en cas de chute :<br \/>\n&#8211; d\u00e9chirure de la sangle de l\u2019absorbeur d\u2019\u00e9nergie pour r\u00e9duire la force d\u2019impact subie par l\u2019utilisateur,<br \/>\n&#8211; con\u00e7u pour les utilisateurs pesant entre 50 et 130 kg. Il peut \u00eatre utilis\u00e9 jusqu\u2019\u00e0 250 kg dans le cadre d\u2019un sauvetage \u00e0 deux.<br \/>\nBo\u00eetier en tissu durable avec syst\u00e8me d\u2019ouverture aux extr\u00e9mit\u00e9s, pour prot\u00e9ger l\u2019absorbeur d\u2019\u00e9nergie de l\u2019abrasion ou des projections, permettant un contr\u00f4le p\u00e9riodique de l\u2019absorbeur,<br \/>\n extr\u00e9mit\u00e9s \u00e9quip\u00e9es de STRING pour maintenir le connecteur en place et prot\u00e9ger la sangle de l\u2019abrasion. <\/p>\n<p>Sp\u00e9cifications<br \/>\nMat\u00e9riaux : polyamide, polyester<br \/>\nCertification(s) : CE EN 355, ANSI Z359.13 6 pieds<\/p>\n<p>Longueur 40 cm<br \/>\nPoids 205 g<br \/>\nGarantie 3 ans<\/p>\n","protected":false},"excerpt":{"rendered":"<p>Absorbeur d\u2019\u00e9nergie pour ASAP ou ASAP LOCK pour une charge maximale de 250 kg L\u2019absorbeur d\u2019\u00e9nergie ASAP\u2019SORBER AXESS s\u2019utilise exclusivement<\/p>\n","protected":false},"featured_media":69323,"template":"","meta":{"_seopress_robots_primary_cat":"","_seopress_titles_title":"","_seopress_titles_desc":"","_seopress_robots_index":""},"product_brand":[3446],"product_cat":[33,537,814,211,818],"product_tag":[],"class_list":{"0":"post-481289","1":"product","2":"type-product","3":"status-publish","4":"has-post-thumbnail","6":"product_brand-petzl","7":"product_cat-attrezzature","8":"product_cat-attrezzatura-da-lavoro","9":"product_cat-imbraghi-e-materiale-di-sicurezza","10":"product_cat-attrezzatura-per-il-tempo-libero","11":"product_cat-imbraghi-e-materiale-di-sicurezza-attrezzatura-per-il-tempo-libero","12":"sws-gruppo-abb-libero-fr","13":"sws-conto-ricavi-merci-rivendita-abbigliamento","14":"sws-gruppo-iva-iva81","16":"first","17":"onbackorder","18":"shipping-taxable","19":"purchasable","20":"product-type-simple"},"_links":{"self":[{"href":"https:\/\/lucacastelli.com\/fr\/wp-json\/wp\/v2\/product\/481289","targetHints":{"allow":["GET"]}}],"collection":[{"href":"https:\/\/lucacastelli.com\/fr\/wp-json\/wp\/v2\/product"}],"about":[{"href":"https:\/\/lucacastelli.com\/fr\/wp-json\/wp\/v2\/types\/product"}],"wp:featuredmedia":[{"embeddable":true,"href":"https:\/\/lucacastelli.com\/fr\/wp-json\/wp\/v2\/media\/69323"}],"wp:attachment":[{"href":"https:\/\/lucacastelli.com\/fr\/wp-json\/wp\/v2\/media?parent=481289"}],"wp:term":[{"taxonomy":"product_brand","embeddable":true,"href":"https:\/\/lucacastelli.com\/fr\/wp-json\/wp\/v2\/product_brand?post=481289"},{"taxonomy":"product_cat","embeddable":true,"href":"https:\/\/lucacastelli.com\/fr\/wp-json\/wp\/v2\/product_cat?post=481289"},{"taxonomy":"product_tag","embeddable":true,"href":"https:\/\/lucacastelli.com\/fr\/wp-json\/wp\/v2\/product_tag?post=481289"}],"curies":[{"name":"wp","href":"https:\/\/api.w.org\/{rel}","templated":true}]}}