{"id":481283,"date":"2022-06-15T00:49:38","date_gmt":"2022-06-14T22:49:38","guid":{"rendered":"https:\/\/lucacastelli.com\/?post_type=product&#038;p=481283"},"modified":"2025-07-29T14:43:53","modified_gmt":"2025-07-29T12:43:53","slug":"petzl-port","status":"publish","type":"product","link":"https:\/\/lucacastelli.com\/fr\/produit\/petzl-port\/","title":{"rendered":"PETZL PORT"},"content":{"rendered":"<p>Porte-mat\u00e9riel de ruban<\/p>\n<p>adh\u00e9sif Porte-mat\u00e9riau de ruban \u00e0 fixer sur l\u2019anneau int\u00e9rieur d\u2019un sac pour mieux organiser le mat\u00e9riel.<\/p>\n<p>Description<br \/>\nIl se fixe facilement \u00e0 l\u2019anneau int\u00e9rieur du sac pour mieux organiser le mat\u00e9riel.<br \/>\nSp\u00e9cifications<br \/>\nPoids : 18 g<\/p>\n","protected":false},"excerpt":{"rendered":"<p>Porte-mat\u00e9riel de ruban adh\u00e9sif Porte-mat\u00e9riau de ruban \u00e0 fixer sur l\u2019anneau int\u00e9rieur d\u2019un sac pour mieux organiser le mat\u00e9riel. Description<\/p>\n","protected":false},"featured_media":69318,"template":"","meta":{"_seopress_robots_primary_cat":"","_seopress_titles_title":"","_seopress_titles_desc":"","_seopress_robots_index":""},"product_brand":[3667],"product_cat":[144,1397,1402,1408,1415],"product_tag":[],"class_list":{"0":"post-481283","1":"product","2":"type-product","3":"status-publish","4":"has-post-thumbnail","6":"product_brand-petzl-fr","7":"product_cat-equipement","8":"product_cat-equipement-de-travail","9":"product_cat-harnais-et-equipements-de-securite","10":"product_cat-equipements-de-loisirs","11":"product_cat-harnais-et-equipements-de-securite-fr","12":"sws-gruppo-abb-libero-fr","13":"sws-conto-ricavi-merci-rivendita-abbigliamento","14":"sws-gruppo-iva-iva81","16":"first","17":"onbackorder","18":"shipping-taxable","19":"purchasable","20":"product-type-simple"},"_links":{"self":[{"href":"https:\/\/lucacastelli.com\/fr\/wp-json\/wp\/v2\/product\/481283","targetHints":{"allow":["GET"]}}],"collection":[{"href":"https:\/\/lucacastelli.com\/fr\/wp-json\/wp\/v2\/product"}],"about":[{"href":"https:\/\/lucacastelli.com\/fr\/wp-json\/wp\/v2\/types\/product"}],"wp:featuredmedia":[{"embeddable":true,"href":"https:\/\/lucacastelli.com\/fr\/wp-json\/wp\/v2\/media\/69318"}],"wp:attachment":[{"href":"https:\/\/lucacastelli.com\/fr\/wp-json\/wp\/v2\/media?parent=481283"}],"wp:term":[{"taxonomy":"product_brand","embeddable":true,"href":"https:\/\/lucacastelli.com\/fr\/wp-json\/wp\/v2\/product_brand?post=481283"},{"taxonomy":"product_cat","embeddable":true,"href":"https:\/\/lucacastelli.com\/fr\/wp-json\/wp\/v2\/product_cat?post=481283"},{"taxonomy":"product_tag","embeddable":true,"href":"https:\/\/lucacastelli.com\/fr\/wp-json\/wp\/v2\/product_tag?post=481283"}],"curies":[{"name":"wp","href":"https:\/\/api.w.org\/{rel}","templated":true}]}}