{"id":481278,"date":"2022-07-01T19:06:37","date_gmt":"2022-07-01T17:06:37","guid":{"rendered":"https:\/\/lucacastelli.com\/?post_type=product&#038;p=481278"},"modified":"2025-07-29T10:06:37","modified_gmt":"2025-07-29T08:06:37","slug":"petzl-podium","status":"publish","type":"product","link":"https:\/\/lucacastelli.com\/fr\/produit\/petzl-podium\/","title":{"rendered":"PETZL Podium"},"content":{"rendered":"<p>Si\u00e8ge pour suspension allong\u00e9e<\/p>\n<p>Le si\u00e8ge PODIUM offre un confort optimal en suspension allong\u00e9e. Le si\u00e8ge large assure une excellente stabilit\u00e9. Les bords rigides emp\u00eachent les sangles de suspension de comprimer les cuisses. Simple d\u2019utilisation, le si\u00e8ge dispose de deux boucles d\u2019\u00e9quipement et d\u2019un crochet arri\u00e8re qui permet de le ranger et facilite son d\u00e9placement. Il se connecte aux harnais ASTRO BOD FAST et ASTRO SIT FAST gr\u00e2ce \u00e0 deux manilles (C087AA00).    <\/p>\n<p>Description<\/p>\n<p>Description d\u00e9taill\u00e9e<br \/>\nIl garantit un excellent confort en suspension prolong\u00e9e :<br \/>\n&#8211; une assise large qui garantit une excellente stabilit\u00e9,<br \/>\n&#8211; des bords rigides pour \u00e9viter que les sangles de suspension ne compriment les cuisses.<br \/>\nFacile d\u2019utilisation :<br \/>\n&#8211; jockstraps r\u00e9glables avec boucles autobloquantes DOUBLEBACK,<br \/>\n&#8211; deux boucles d\u2019\u00e9quipement pr\u00e9form\u00e9es avec gaine de protection,<br \/>\n&#8211; crochet arri\u00e8re qui vous permet de positionner facilement le si\u00e8ge derri\u00e8re votre dos lorsqu\u2019il n\u2019est pas utilis\u00e9.<\/p>\n<p>Sp\u00e9cifications<br \/>\nPoids : 1060 g<\/p>\n<p>Couleur Noir\/Jaune<br \/>\nGarantie 3 ans<\/p>\n","protected":false},"excerpt":{"rendered":"<p>Si\u00e8ge pour suspension allong\u00e9e Le si\u00e8ge PODIUM offre un confort optimal en suspension allong\u00e9e. Le si\u00e8ge large assure une excellente<\/p>\n","protected":false},"featured_media":518030,"template":"","meta":{"_seopress_robots_primary_cat":"","_seopress_titles_title":"","_seopress_titles_desc":"","_seopress_robots_index":""},"product_brand":[3446],"product_cat":[33,537,814,211,818],"product_tag":[],"class_list":{"0":"post-481278","1":"product","2":"type-product","3":"status-publish","4":"has-post-thumbnail","6":"product_brand-petzl","7":"product_cat-attrezzature","8":"product_cat-attrezzatura-da-lavoro","9":"product_cat-imbraghi-e-materiale-di-sicurezza","10":"product_cat-attrezzatura-per-il-tempo-libero","11":"product_cat-imbraghi-e-materiale-di-sicurezza-attrezzatura-per-il-tempo-libero","12":"sws-gruppo-abb-libero-fr","13":"sws-conto-ricavi-merci-rivendita-abbigliamento","14":"sws-gruppo-iva-iva81","16":"first","17":"onbackorder","18":"shipping-taxable","19":"purchasable","20":"product-type-simple"},"_links":{"self":[{"href":"https:\/\/lucacastelli.com\/fr\/wp-json\/wp\/v2\/product\/481278","targetHints":{"allow":["GET"]}}],"collection":[{"href":"https:\/\/lucacastelli.com\/fr\/wp-json\/wp\/v2\/product"}],"about":[{"href":"https:\/\/lucacastelli.com\/fr\/wp-json\/wp\/v2\/types\/product"}],"wp:featuredmedia":[{"embeddable":true,"href":"https:\/\/lucacastelli.com\/fr\/wp-json\/wp\/v2\/media\/518030"}],"wp:attachment":[{"href":"https:\/\/lucacastelli.com\/fr\/wp-json\/wp\/v2\/media?parent=481278"}],"wp:term":[{"taxonomy":"product_brand","embeddable":true,"href":"https:\/\/lucacastelli.com\/fr\/wp-json\/wp\/v2\/product_brand?post=481278"},{"taxonomy":"product_cat","embeddable":true,"href":"https:\/\/lucacastelli.com\/fr\/wp-json\/wp\/v2\/product_cat?post=481278"},{"taxonomy":"product_tag","embeddable":true,"href":"https:\/\/lucacastelli.com\/fr\/wp-json\/wp\/v2\/product_tag?post=481278"}],"curies":[{"name":"wp","href":"https:\/\/api.w.org\/{rel}","templated":true}]}}